{"id":1066,"date":"2023-09-08T02:15:45","date_gmt":"2023-09-08T00:15:45","guid":{"rendered":"https:\/\/lewebpedagogique.com\/laclassedeselin\/?page_id=1066"},"modified":"2023-12-04T23:20:24","modified_gmt":"2023-12-04T22:20:24","slug":"morpion","status":"publish","type":"page","link":"https:\/\/classedeselin.com\/index.php\/jeux-de-langage\/types-de-jeux\/morpion\/","title":{"rendered":"Morpion"},"content":{"rendered":"\n<p id=\"ember40\">Enseigner le fran\u00e7ais et plus particuli\u00e8rement le FLE aux enfants n\u00e9cessite de se renouveler r\u00e9guli\u00e8rement et de chercher des supports vari\u00e9s et attrayants pour les enfants.<\/p>\n\n\n\n<p id=\"ember41\">Les jeux sont le moyen id\u00e9al pour que les \u00e9l\u00e8ves r\u00e9utilisent du lexique ou des structures syntaxiques pr\u00e9alablement \u00e9tudi\u00e9es. Nombre d&rsquo;entre eux sont connus et utilis\u00e9s par beaucoup d&rsquo;enseignants : jeu de loto, m\u00e9mory, jeu de l&rsquo;oie&#8230; Mais il en existe d&rsquo;autres tout aussi int\u00e9ressants.<\/p>\n\n\n\n<p id=\"ember42\">Je vous pr\u00e9sente ici l&rsquo;utilisation du jeu de morpion en s\u00e9ance de production orale. <\/p>\n\n\n\n<p id=\"ember42\">Le morpion, qu&rsquo;est-ce que c&rsquo;est ? Il s&rsquo;agit d&rsquo;une grille carr\u00e9e (autant de lignes que de colonnes), aussi appel\u00e9e tic tac toe. C&rsquo;est un jeu qui se joue en duel : le premier joueur \u00e0 avoir align\u00e9 tous ses jetons a gagn\u00e9.<\/p>\n\n\n\n<p>Dans la variante lexicale, une image est positionn\u00e9e dans chaque case et les enfants doivent nommer l&rsquo;image avant de pouvoir poser leur pion. Vous pouvez \u00e9galement demander une structure langagi\u00e8re pr\u00e9cise : \u00ab\u00a0C&rsquo;est une pomme.\u00a0\u00bb \u00ab\u00a0Je veux la pomme.\u00a0\u00bb \u00ab\u00a0Je pose mon jeton sur la pomme.\u00a0\u00bb&#8230; \u00c0 adapter selon le niveau de vos \u00e9l\u00e8ves.<\/p>\n\n\n<div class=\"wp-block-image\">\n<figure class=\"aligncenter size-large is-resized\"><img decoding=\"async\" src=\"https:\/\/lewebpedagogique.com\/laclassedeselin\/files\/2023\/09\/regle_morpion-1024x687.jpg\" alt=\"\" class=\"wp-image-1067\" style=\"width:392px;height:auto\"\/><\/figure>\n<\/div>\n\n\n<p id=\"ember46\">Mais le plus int\u00e9ressant dans ce jeu du point de vue de la production orale intervient si vous faites jouer ce jeu non pas un \u00e9l\u00e8ve face \u00e0 un autre mais une \u00e9quipe (2 ou 3 joueurs) face \u00e0 une autre. En effet, les membres d&rsquo;une m\u00eame \u00e9quipe vont devoir trouver une strat\u00e9gie ensemble et \u00e9changer entre eux en fran\u00e7ais en faisant des phrases. Il est donc n\u00e9cessaire d&rsquo;avoir vu avec eux d&rsquo;abord comment jouer (grille vierge sans les images) et surtout le lexique utilis\u00e9 (les images mais aussi \u00ab\u00a0une case\u00a0\u00bb, \u00ab\u00a0une ligne\u00a0\u00bb, \u00ab\u00a0une colonne\u00a0\u00bb&#8230;).<\/p>\n\n\n\n<p id=\"ember47\">Les \u00e9l\u00e8ves sont pris dans le jeu et sont moins inhib\u00e9s pour parler et tenter de se faire comprendre en utilisant des phrases. L&rsquo;enseignant, quant \u00e0 lui, a la possibilit\u00e9 d&rsquo;\u00e9valuer si le lexique sp\u00e9cifique a \u00e9t\u00e9 acquis et si l&rsquo;\u00e9l\u00e8ve est capable de r\u00e9utiliser des structures langagi\u00e8res de fa\u00e7on autonome. Que demander de plus ?<\/p>\n\n\n\n<figure class=\"wp-block-embed is-type-video is-provider-youtube wp-block-embed-youtube wp-embed-aspect-16-9 wp-has-aspect-ratio\"><div class=\"wp-block-embed__wrapper\">\n<iframe loading=\"lazy\" title=\"Un exemple de jeu de morpion \u00e0 projeter en s\u00e9ance de langage\" width=\"600\" height=\"338\" src=\"https:\/\/www.youtube.com\/embed\/k9qUTMT9Rjg?feature=oembed\" frameborder=\"0\" allow=\"accelerometer; autoplay; clipboard-write; encrypted-media; gyroscope; picture-in-picture; web-share\" referrerpolicy=\"strict-origin-when-cross-origin\" allowfullscreen><\/iframe>\n<\/div><\/figure>\n\n\n\n<ul>\n<li><span style=\"text-decoration: underline\"><strong>Les morpions \u00e0 imprimer gratuitement :<\/strong><\/span><\/li>\n<\/ul>\n<p>Les consignes : <a href=\"https:\/\/ahp.li\/bcf7611c02f3d3e331df.pdf\" target=\"_blank\" rel=\"noopener\">Niveaux 1-2<\/a>, <a href=\"https:\/\/ahp.li\/6b5e55a6e61669e256ef.pdf\" target=\"_blank\" rel=\"noopener\">Niveau 3<\/a><\/p>\n<p>Les fruits : <a href=\"https:\/\/ahp.li\/9a06251dddd2b978fc80.pdf\" target=\"_blank\" rel=\"noopener\">Niveau 1<\/a>, <a href=\"https:\/\/ahp.li\/17e494b0e39e3d0d2a75.pdf\" target=\"_blank\" rel=\"noopener\">Niveau 2<\/a>, <a href=\"https:\/\/ahp.li\/281a3aa141a8ac4cabd1.pdf\" target=\"_blank\" rel=\"noopener\">Niveau 3<\/a><\/p>\n<p>Le mat\u00e9riel scolaire : <a href=\"https:\/\/ahp.li\/40fb93beb5313295903f.pdf\" target=\"_blank\" rel=\"noopener\">Niveau 1<\/a>, <a href=\"https:\/\/ahp.li\/5e3013a3ae3dddd9ba19.pdf\" target=\"_blank\" rel=\"noopener\">Niveau 2<\/a>, <a href=\"https:\/\/ahp.li\/6a665260db0ad060660f.pdf\" target=\"_blank\" rel=\"noopener\">Niveau 3<\/a><\/p>\n<ul>\n<li><span style=\"text-decoration: underline\"><strong>Les morpions contenus dans un dossier en vente dans la boutique :<\/strong><\/span><\/li>\n<\/ul>\n<p><a href=\"https:\/\/clineandrieu.podia.com\/accord-des-adjectifs-de-couleur-materiel-scolaire\" target=\"_blank\" rel=\"noopener\">Le mat\u00e9riel scolaire en couleurs<\/a><\/p>\n<p><a href=\"https:\/\/clineandrieu.podia.com\/accord-des-adjectifs-de-couleur-bonhomme-de-neige\" target=\"_blank\" rel=\"noopener\">Les accessoires d&rsquo;hiver en couleurs<\/a> (bonnet, \u00e9charpe, gants&#8230;)<\/p>\n<ul>\n<li><span style=\"color: #0000ff\"><a href=\"http:\/\/Chaque diaporama contient un imagier du lexique utilis\u00e9, la r\u00e8gle du jeu imag\u00e9e et la grille du jeu de morpion. Les diaporamas sont au format powerpoint pour vous permettre de d\u00e9placer virtuellement les pions lors de la projection. \u2013 le mat\u00e9riel scolaire (3 morpions) \u2013 les consignes (2 morpions) \u2013 les fruits (3 morpions) \u2013 les actions dans la maison (1 morpion) D\u2019autres th\u00e8mes \u00e0 venir (tu ach\u00e8tes le pack une fois et tu as acc\u00e8s par la suite \u00e0 toutes les mises \u00e0 jour et ajouts)\" target=\"_blank\" rel=\"noopener\" data-wplink-url-error=\"true\"><span style=\"text-decoration: underline\">Les morpions \u00e0 projeter avec d\u00e9placement des jetons virtuels possible<\/span><\/a> :<\/span><\/li>\n<\/ul>\n<p>Chaque diaporama contient un imagier du lexique utilis\u00e9, la r\u00e8gle du jeu imag\u00e9e et la grille du jeu de morpion. Les diaporamas sont au format powerpoint pour vous permettre de d\u00e9placer virtuellement les pions lors de la projection.<br>\u2013 le mat\u00e9riel scolaire (3 morpions)<br>\u2013 les consignes (2 morpions)<br>\u2013 les fruits (3 morpions)<br>\u2013 les actions dans la maison (1 morpion)<br>D\u2019autres th\u00e8mes \u00e0 venir<\/p>\n<p><em><strong>En achetant le pack une fois, toutes les mises \u00e0 jour et les ajouts sont gratuits ensuite.<\/strong><\/em><\/p>\n\n\n\n<div class=\"wp-block-buttons is-content-justification-center is-layout-flex wp-container-core-buttons-is-layout-16018d1d wp-block-buttons-is-layout-flex\">\n<div class=\"wp-block-button\"><a class=\"wp-block-button__link has-vivid-cyan-blue-color has-cyan-bluish-gray-background-color has-text-color has-background wp-element-button\" href=\"https:\/\/clineandrieu.podia.com\/les-jeux-de-morpion-a-telecharger\" target=\"_blank\" rel=\"noreferrer noopener\">Les morpions \u00e0 projeter<\/a><\/div>\n<\/div>\n","protected":false},"excerpt":{"rendered":"<p>Enseigner le fran\u00e7ais et plus particuli\u00e8rement le FLE aux enfants n\u00e9cessite de se renouveler r\u00e9guli\u00e8rement et de chercher des supports vari\u00e9s et attrayants pour les enfants. Les jeux sont le moyen id\u00e9al pour que les \u00e9l\u00e8ves r\u00e9utilisent du lexique ou des structures syntaxiques pr\u00e9alablement \u00e9tudi\u00e9es. Nombre d&rsquo;entre eux sont connus et utilis\u00e9s par beaucoup d&rsquo;enseignants [&hellip;]<\/p>\n","protected":false},"author":2,"featured_media":0,"parent":926,"menu_order":3,"comment_status":"closed","ping_status":"closed","template":"","meta":{"footnotes":""},"class_list":["post-1066","page","type-page","status-publish","hentry"],"_links":{"self":[{"href":"https:\/\/classedeselin.com\/index.php\/wp-json\/wp\/v2\/pages\/1066","targetHints":{"allow":["GET"]}}],"collection":[{"href":"https:\/\/classedeselin.com\/index.php\/wp-json\/wp\/v2\/pages"}],"about":[{"href":"https:\/\/classedeselin.com\/index.php\/wp-json\/wp\/v2\/types\/page"}],"author":[{"embeddable":true,"href":"https:\/\/classedeselin.com\/index.php\/wp-json\/wp\/v2\/users\/2"}],"replies":[{"embeddable":true,"href":"https:\/\/classedeselin.com\/index.php\/wp-json\/wp\/v2\/comments?post=1066"}],"version-history":[{"count":3,"href":"https:\/\/classedeselin.com\/index.php\/wp-json\/wp\/v2\/pages\/1066\/revisions"}],"predecessor-version":[{"id":1517,"href":"https:\/\/classedeselin.com\/index.php\/wp-json\/wp\/v2\/pages\/1066\/revisions\/1517"}],"up":[{"embeddable":true,"href":"https:\/\/classedeselin.com\/index.php\/wp-json\/wp\/v2\/pages\/926"}],"wp:attachment":[{"href":"https:\/\/classedeselin.com\/index.php\/wp-json\/wp\/v2\/media?parent=1066"}],"curies":[{"name":"wp","href":"https:\/\/api.w.org\/{rel}","templated":true}]}}