{"id":1186,"date":"2023-11-03T22:53:29","date_gmt":"2023-11-03T21:53:29","guid":{"rendered":"https:\/\/classedeselin.com\/?page_id=1186"},"modified":"2024-05-12T01:44:30","modified_gmt":"2024-05-11T23:44:30","slug":"art","status":"publish","type":"page","link":"https:\/\/classedeselin.com\/index.php\/art\/","title":{"rendered":"Art"},"content":{"rendered":"<div class=\"wp-block-image\">\n<figure class=\"aligncenter size-large is-resized\"><img loading=\"lazy\" decoding=\"async\" width=\"1024\" height=\"512\" src=\"https:\/\/classedeselin.com\/wp-content\/uploads\/2023\/11\/3-1024x512.png\" alt=\"\" class=\"wp-image-1187\" style=\"width:318px\" srcset=\"https:\/\/classedeselin.com\/wp-content\/uploads\/2023\/11\/3-1024x512.png 1024w, https:\/\/classedeselin.com\/wp-content\/uploads\/2023\/11\/3-300x150.png 300w, https:\/\/classedeselin.com\/wp-content\/uploads\/2023\/11\/3-768x384.png 768w, https:\/\/classedeselin.com\/wp-content\/uploads\/2023\/11\/3-1536x768.png 1536w, https:\/\/classedeselin.com\/wp-content\/uploads\/2023\/11\/3-2048x1024.png 2048w\" sizes=\"auto, (max-width: 1024px) 100vw, 1024px\" \/><\/figure>\n<\/div>\n\n\n<p>Tous les supports permettent de faire parler nos \u00e9l\u00e8ves. Nous utilisons souvent de jeux, des albums, des objets mais moins souvent des \u0153uvres d&rsquo;art pour nos s\u00e9ances de langage. Pourtant l&rsquo;art, sous toutes ses formes, est d&rsquo;une grande richesse que ce soit au niveau du lexique ou des structures syntaxiques qu&rsquo;il nous permet d&rsquo;utiliser.<\/p>\n\n\n\n<p>Vous trouverez donc sur cette page quelques \u0153uvres d&rsquo;art \u00e9tudi\u00e9es avec mes \u00e9l\u00e8ves. Je m&rsquo;en sers parfois en d\u00e9but de s\u00e9quence pour introduire un nouveau th\u00e8me, parfois en fin pour rebrasser le lexique.<\/p>\n\n\n\n<div class=\"wp-block-columns is-layout-flex wp-container-core-columns-is-layout-9d6595d7 wp-block-columns-is-layout-flex\">\n<div class=\"wp-block-column is-layout-flow wp-block-column-is-layout-flow\"><div class=\"wp-block-image\">\n<figure class=\"aligncenter size-large is-resized\"><a href=\"https:\/\/classedeselin.com\/index.php\/2023\/10\/06\/portrait-dautomne-arcimboldo\/\" target=\"_blank\" rel=\"noreferrer noopener\"><img loading=\"lazy\" decoding=\"async\" width=\"859\" height=\"1024\" src=\"https:\/\/classedeselin.com\/wp-content\/uploads\/2023\/11\/arcimboldo_automne-859x1024.jpg\" alt=\"\" class=\"wp-image-1167\" style=\"aspect-ratio:0.8388671875;width:148px;height:auto\" srcset=\"https:\/\/classedeselin.com\/wp-content\/uploads\/2023\/11\/arcimboldo_automne-859x1024.jpg 859w, https:\/\/classedeselin.com\/wp-content\/uploads\/2023\/11\/arcimboldo_automne-252x300.jpg 252w, https:\/\/classedeselin.com\/wp-content\/uploads\/2023\/11\/arcimboldo_automne-768x916.jpg 768w, https:\/\/classedeselin.com\/wp-content\/uploads\/2023\/11\/arcimboldo_automne.jpg 1090w\" sizes=\"auto, (max-width: 859px) 100vw, 859px\" \/><\/a><\/figure>\n<\/div>\n\n\n<p class=\"has-text-align-center\"><a href=\"https:\/\/classedeselin.com\/index.php\/2023\/10\/06\/portrait-dautomne-arcimboldo\/\" target=\"_blank\" rel=\"noreferrer noopener\">Portrait d&rsquo;automne <br><em>Arcimboldo<\/em><\/a><\/p>\n\n\n\n<p class=\"has-text-align-center\" style=\"font-size:17px\"><em>Je vous propose donc quelques jeux \u00e0 partir des fruits et l\u00e9gumes pr\u00e9sents dans cette \u0153uvre <\/em><br><em>tr\u00e8s connue d\u2019Arcimboldo<\/em>.<\/p>\n<\/div>\n\n\n\n<div class=\"wp-block-column is-layout-flow wp-block-column-is-layout-flow\"><div class=\"wp-block-image\">\n<figure class=\"aligncenter size-full is-resized\"><a href=\"https:\/\/classedeselin.com\/index.php\/2023\/12\/16\/jour-16\/\" target=\"_blank\" rel=\"noreferrer noopener\"><img loading=\"lazy\" decoding=\"async\" width=\"665\" height=\"900\" src=\"https:\/\/classedeselin.com\/wp-content\/uploads\/2024\/01\/2-cubist-santa-carol-lawson.jpg\" alt=\"\" class=\"wp-image-1747\" style=\"width:129px;height:auto\" srcset=\"https:\/\/classedeselin.com\/wp-content\/uploads\/2024\/01\/2-cubist-santa-carol-lawson.jpg 665w, https:\/\/classedeselin.com\/wp-content\/uploads\/2024\/01\/2-cubist-santa-carol-lawson-222x300.jpg 222w\" sizes=\"auto, (max-width: 665px) 100vw, 665px\" \/><\/a><\/figure>\n<\/div>\n\n\n<p class=\"has-text-align-center\"><a href=\"https:\/\/classedeselin.com\/index.php\/2023\/12\/16\/jour-16\/\" target=\"_blank\" rel=\"noreferrer noopener\">Cubist Santa<br><em>Carol Lawson<\/em><\/a><\/p>\n\n\n\n<p class=\"has-text-align-center\" style=\"font-size:17px\"><em>Le but de ce diaporama est de faire parler les \u00e9l\u00e8ves (\u00ab&nbsp;je vois\u2026&nbsp;\u00bb, les couleurs, les formes\u2026) et de leur faire \u00e9mettre des hypoth\u00e8ses : \u00ab&nbsp;je pense que&nbsp;\u00bb, &nbsp;<em>\u00ab<\/em>c\u2019est peut-\u00eatre\u2026&nbsp;\u00bb, \u00ab&nbsp;d\u2019apr\u00e8s moi\u2026&nbsp;\u00bb, \u00ab&nbsp;\u00e0 mon avis\u2026&nbsp;\u00bb<\/em><\/p>\n<\/div>\n\n\n\n<div class=\"wp-block-column is-layout-flow wp-block-column-is-layout-flow\"><div class=\"wp-block-image\">\n<figure class=\"aligncenter size-full is-resized\"><a href=\"https:\/\/classedeselin.com\/index.php\/2024\/05\/12\/la-chambre-de-van-gogh\/\" target=\"_blank\" rel=\"noreferrer noopener\"><img loading=\"lazy\" decoding=\"async\" width=\"900\" height=\"702\" src=\"https:\/\/classedeselin.com\/wp-content\/uploads\/2024\/05\/vangogh-chambre.jpg\" alt=\"\" class=\"wp-image-2275\" style=\"width:223px;height:auto\" srcset=\"https:\/\/classedeselin.com\/wp-content\/uploads\/2024\/05\/vangogh-chambre.jpg 900w, https:\/\/classedeselin.com\/wp-content\/uploads\/2024\/05\/vangogh-chambre-300x234.jpg 300w, https:\/\/classedeselin.com\/wp-content\/uploads\/2024\/05\/vangogh-chambre-768x599.jpg 768w\" sizes=\"auto, (max-width: 900px) 100vw, 900px\" \/><\/a><\/figure>\n<\/div>\n\n\n<p class=\"has-text-align-center\"><a href=\"https:\/\/classedeselin.com\/index.php\/2024\/05\/12\/la-chambre-de-van-gogh\/\" target=\"_blank\" rel=\"noreferrer noopener\">Chambre d&rsquo;Arles<br>Vincent Van Gogh<\/a><\/p>\n\n\n\n<p class=\"has-text-align-center\" style=\"font-size:17px\"><em>Des diaporamas et des cartes pour travailler le lexique de la chambre mais aussi la phrase simple avec des verbes d&rsquo;action.<\/em><\/p>\n<\/div>\n<\/div>\n\n\n\n<p>Je vous conseille \u00e9galement le site <a href=\"https:\/\/www.sartmuser.fr\/nos-jeux\" target=\"_blank\" rel=\"noreferrer noopener\">S&rsquo;artmuser<\/a> qui propose des jeux en ligne pour d\u00e9couvrir des \u0153uvres d&rsquo;art : trouver un d\u00e9tail dans une \u0153uvre, associer un d\u00e9tail \u00e0 une \u0153uvre parmi plusieurs, &#8230;<\/p>\n","protected":false},"excerpt":{"rendered":"<p>Tous les supports permettent de faire parler nos \u00e9l\u00e8ves. Nous utilisons souvent de jeux, des albums, des objets mais moins souvent des \u0153uvres d&rsquo;art pour nos s\u00e9ances de langage. Pourtant l&rsquo;art, sous toutes ses formes, est d&rsquo;une grande richesse que ce soit au niveau du lexique ou des structures syntaxiques qu&rsquo;il nous permet d&rsquo;utiliser. Vous [&hellip;]<\/p>\n","protected":false},"author":1,"featured_media":0,"parent":0,"menu_order":0,"comment_status":"open","ping_status":"closed","template":"","meta":{"footnotes":""},"class_list":["post-1186","page","type-page","status-publish","hentry"],"_links":{"self":[{"href":"https:\/\/classedeselin.com\/index.php\/wp-json\/wp\/v2\/pages\/1186","targetHints":{"allow":["GET"]}}],"collection":[{"href":"https:\/\/classedeselin.com\/index.php\/wp-json\/wp\/v2\/pages"}],"about":[{"href":"https:\/\/classedeselin.com\/index.php\/wp-json\/wp\/v2\/types\/page"}],"author":[{"embeddable":true,"href":"https:\/\/classedeselin.com\/index.php\/wp-json\/wp\/v2\/users\/1"}],"replies":[{"embeddable":true,"href":"https:\/\/classedeselin.com\/index.php\/wp-json\/wp\/v2\/comments?post=1186"}],"version-history":[{"count":7,"href":"https:\/\/classedeselin.com\/index.php\/wp-json\/wp\/v2\/pages\/1186\/revisions"}],"predecessor-version":[{"id":2309,"href":"https:\/\/classedeselin.com\/index.php\/wp-json\/wp\/v2\/pages\/1186\/revisions\/2309"}],"wp:attachment":[{"href":"https:\/\/classedeselin.com\/index.php\/wp-json\/wp\/v2\/media?parent=1186"}],"curies":[{"name":"wp","href":"https:\/\/api.w.org\/{rel}","templated":true}]}}