{"id":1262,"date":"2023-11-09T09:21:59","date_gmt":"2023-11-09T08:21:59","guid":{"rendered":"https:\/\/classedeselin.com\/?page_id=1262"},"modified":"2025-12-09T16:01:06","modified_gmt":"2025-12-09T15:01:06","slug":"jeux-de-langage-de-noel","status":"publish","type":"page","link":"https:\/\/classedeselin.com\/index.php\/jeux-de-langage\/jeux-langage-par-theme\/jeux-de-langage-de-noel\/","title":{"rendered":"Jeux de langage de No\u00ebl"},"content":{"rendered":"\n<div class=\"wp-block-columns is-layout-flex wp-container-core-columns-is-layout-9d6595d7 wp-block-columns-is-layout-flex\">\n<div class=\"wp-block-column is-layout-flow wp-block-column-is-layout-flow\" style=\"flex-basis:50%\"><div class=\"wp-block-image\">\n<figure class=\"aligncenter size-large is-resized\"><img loading=\"lazy\" decoding=\"async\" width=\"1024\" height=\"1024\" src=\"https:\/\/classedeselin.com\/wp-content\/uploads\/2023\/11\/enfants_noel-1024x1024.png\" alt=\"\" class=\"wp-image-1237\" style=\"width:184px;height:auto\" srcset=\"https:\/\/classedeselin.com\/wp-content\/uploads\/2023\/11\/enfants_noel-1024x1024.png 1024w, https:\/\/classedeselin.com\/wp-content\/uploads\/2023\/11\/enfants_noel-300x300.png 300w, https:\/\/classedeselin.com\/wp-content\/uploads\/2023\/11\/enfants_noel-150x150.png 150w, https:\/\/classedeselin.com\/wp-content\/uploads\/2023\/11\/enfants_noel-768x768.png 768w, https:\/\/classedeselin.com\/wp-content\/uploads\/2023\/11\/enfants_noel.png 1080w\" sizes=\"auto, (max-width: 1024px) 100vw, 1024px\" \/><\/figure>\n<\/div><\/div>\n\n\n\n<div class=\"wp-block-column is-layout-flow wp-block-column-is-layout-flow\" style=\"flex-basis:50%\">\n<p>No\u00ebl est un th\u00e8me tr\u00e8s souvent abord\u00e9 dans les classes d&rsquo;une part pour le c\u00f4t\u00e9 festif de ce moment de l&rsquo;ann\u00e9e et d&rsquo;autre part comme un \u00e9l\u00e9ment de la culture fran\u00e7aise. Je n&rsquo;aborde pas le c\u00f4t\u00e9 religieux.<\/p>\n<\/div>\n<\/div>\n\n\n\n<p>Beaucoup de mes \u00e9l\u00e8ves turcs ne le f\u00eatent pas le 25 d\u00e9cembre&#8230; mais depuis peu le P\u00e8re No\u00ebl vient le 31 d\u00e9cembre apporter des cadeaux dans de plus en plus de familles donc c&rsquo;est un th\u00e8me qui les int\u00e9resse aussi.<\/p>\n\n\n\n<p>Vous trouverez ci-dessous des fa\u00e7ons diff\u00e9rentes de travailler le lexique, en fonction de ce que vous et vos \u00e9l\u00e8ves aimez : 4 dossiers complets, mais aussi des id\u00e9es d&rsquo;exploitation de chansons, de film d&rsquo;animation,  et m\u00eame du yoga de No\u00ebl ! N&rsquo;h\u00e9sitez pas \u00e0 me faire un retour.<\/p>\n\n\n\n<div class=\"wp-block-columns is-layout-flex wp-container-core-columns-is-layout-9d6595d7 wp-block-columns-is-layout-flex\">\n<div class=\"wp-block-column is-layout-flow wp-block-column-is-layout-flow\">\n<figure class=\"wp-block-image size-large\"><a href=\"https:\/\/classedeselin.com\/index.php\/2022\/11\/26\/noel-langage-autour-des-pulls-de-noel\/\" target=\"_blank\" rel=\"noreferrer noopener\"><img loading=\"lazy\" decoding=\"async\" width=\"1024\" height=\"1024\" src=\"https:\/\/classedeselin.com\/wp-content\/uploads\/2023\/11\/pulls-noel-1024x1024.png\" alt=\"\" class=\"wp-image-1263\" srcset=\"https:\/\/classedeselin.com\/wp-content\/uploads\/2023\/11\/pulls-noel-1024x1024.png 1024w, https:\/\/classedeselin.com\/wp-content\/uploads\/2023\/11\/pulls-noel-300x300.png 300w, https:\/\/classedeselin.com\/wp-content\/uploads\/2023\/11\/pulls-noel-150x150.png 150w, https:\/\/classedeselin.com\/wp-content\/uploads\/2023\/11\/pulls-noel-768x768.png 768w, https:\/\/classedeselin.com\/wp-content\/uploads\/2023\/11\/pulls-noel.png 1080w\" sizes=\"auto, (max-width: 1024px) 100vw, 1024px\" \/><\/a><\/figure>\n\n\n\n<p class=\"has-text-align-center\"><strong><a href=\"https:\/\/classedeselin.com\/index.php\/2022\/11\/26\/noel-langage-autour-des-pulls-de-noel\/\">Les pulls de No\u00ebl<\/a><\/strong><\/p>\n\n\n\n<p class=\"has-text-align-center\"><em>D\u00e9cembre pointe le bout de son nez et les \u00e9ternels d\u00e9bats sur <\/em><br><em>\u00ab\u00a0je travaille sur No\u00ebl ou pas ?\u00a0\u00bb remontent \u00e0 la surface. Pourquoi ne pas travailler le lexique de No\u00ebl de fa\u00e7on diff\u00e9rente cette ann\u00e9e ?<\/em><\/p>\n<\/div>\n\n\n\n<div class=\"wp-block-column is-layout-flow wp-block-column-is-layout-flow\"><div class=\"wp-block-image\">\n<figure class=\"aligncenter size-large\"><a href=\"https:\/\/classedeselin.com\/index.php\/2024\/11\/28\/les-decorations-de-noel\/\" target=\"_blank\" rel=\" noreferrer noopener\"><img loading=\"lazy\" decoding=\"async\" width=\"1024\" height=\"1024\" src=\"https:\/\/classedeselin.com\/wp-content\/uploads\/2024\/04\/decos-noel-1024x1024.png\" alt=\"\" class=\"wp-image-2155\" srcset=\"https:\/\/classedeselin.com\/wp-content\/uploads\/2024\/04\/decos-noel-1024x1024.png 1024w, https:\/\/classedeselin.com\/wp-content\/uploads\/2024\/04\/decos-noel-300x300.png 300w, https:\/\/classedeselin.com\/wp-content\/uploads\/2024\/04\/decos-noel-150x150.png 150w, https:\/\/classedeselin.com\/wp-content\/uploads\/2024\/04\/decos-noel-768x768.png 768w, https:\/\/classedeselin.com\/wp-content\/uploads\/2024\/04\/decos-noel.png 1080w\" sizes=\"auto, (max-width: 1024px) 100vw, 1024px\" \/><\/a><\/figure>\n<\/div>\n\n\n<p class=\"has-text-align-center\"><a href=\"https:\/\/classedeselin.com\/index.php\/2024\/11\/28\/les-decorations-de-noel\/\" target=\"_blank\" rel=\"noreferrer noopener\"><strong>Les d\u00e9corations de No\u00ebl<\/strong><\/a><\/p>\n\n\n\n<p class=\"has-text-align-center\"><em>Apprendre le lexique indispensable des d\u00e9corations de No\u00ebl de fa\u00e7on amusante : <br>&#8211; les d\u00e9corations des maisons illumin\u00e9es<br>&#8211; la marchande de No\u00ebl<\/em><\/p>\n<\/div>\n\n\n\n<div class=\"wp-block-column is-layout-flow wp-block-column-is-layout-flow\">\n<figure class=\"wp-block-image size-large\"><a href=\"https:\/\/classedeselin.com\/index.php\/2019\/12\/15\/jeux-de-langage-les-actions-du-pere-noel\/\" target=\"_blank\" rel=\"noreferrer noopener\"><img loading=\"lazy\" decoding=\"async\" width=\"1024\" height=\"1024\" src=\"https:\/\/classedeselin.com\/wp-content\/uploads\/2023\/11\/actions-Pere-Noel-1024x1024.png\" alt=\"\" class=\"wp-image-1265\" srcset=\"https:\/\/classedeselin.com\/wp-content\/uploads\/2023\/11\/actions-Pere-Noel-1024x1024.png 1024w, https:\/\/classedeselin.com\/wp-content\/uploads\/2023\/11\/actions-Pere-Noel-300x300.png 300w, https:\/\/classedeselin.com\/wp-content\/uploads\/2023\/11\/actions-Pere-Noel-150x150.png 150w, https:\/\/classedeselin.com\/wp-content\/uploads\/2023\/11\/actions-Pere-Noel-768x768.png 768w, https:\/\/classedeselin.com\/wp-content\/uploads\/2023\/11\/actions-Pere-Noel.png 1080w\" sizes=\"auto, (max-width: 1024px) 100vw, 1024px\" \/><\/a><\/figure>\n\n\n\n<p class=\"has-text-align-center\"><strong><a href=\"https:\/\/classedeselin.com\/index.php\/2019\/12\/15\/jeux-de-langage-les-actions-du-pere-noel\/\" target=\"_blank\" rel=\"noreferrer noopener\">Les actions du P\u00e8re No\u00ebl<\/a><\/strong><\/p>\n\n\n\n<p class=\"has-text-align-center\"><em>Le P\u00e8re No\u00ebl est pour moi un personnage id\u00e9al pour des s\u00e9ances de langage. Les \u00e9l\u00e8ves l&rsquo;aiment beaucoup et on peut lui faire faire plein de choses !<\/em><\/p>\n<\/div>\n<\/div>\n\n\n\n<div class=\"wp-block-columns is-layout-flex wp-container-core-columns-is-layout-9d6595d7 wp-block-columns-is-layout-flex\">\n<div class=\"wp-block-column is-layout-flow wp-block-column-is-layout-flow\"><div class=\"wp-block-image\">\n<figure class=\"aligncenter size-large\"><a href=\"https:\/\/classedeselin.com\/index.php\/2024\/11\/29\/les-animaux-de-noel\/\" target=\"_blank\" rel=\" noreferrer noopener\"><img loading=\"lazy\" decoding=\"async\" width=\"1024\" height=\"1024\" src=\"https:\/\/classedeselin.com\/wp-content\/uploads\/2024\/04\/17-1024x1024.png\" alt=\"\" class=\"wp-image-2154\" srcset=\"https:\/\/classedeselin.com\/wp-content\/uploads\/2024\/04\/17-1024x1024.png 1024w, https:\/\/classedeselin.com\/wp-content\/uploads\/2024\/04\/17-300x300.png 300w, https:\/\/classedeselin.com\/wp-content\/uploads\/2024\/04\/17-150x150.png 150w, https:\/\/classedeselin.com\/wp-content\/uploads\/2024\/04\/17-768x768.png 768w, https:\/\/classedeselin.com\/wp-content\/uploads\/2024\/04\/17.png 1080w\" sizes=\"auto, (max-width: 1024px) 100vw, 1024px\" \/><\/a><\/figure>\n<\/div>\n\n\n<p class=\"has-text-align-center\"><strong><a href=\"https:\/\/classedeselin.com\/index.php\/2024\/11\/29\/les-animaux-de-noel\/\" target=\"_blank\" rel=\"noreferrer noopener\">Les animaux de No\u00ebl<\/a><\/strong><\/p>\n\n\n\n<p class=\"has-text-align-center\"><em>Pour ceux qui ne veulent pas parler de P\u00e8re No\u00ebl et autres traditions, voici le dossier id\u00e9al : 45 animaux sous la neige <\/em><br><em>pour travailler le nom des animaux les plus pr\u00e9sents dans les histoires mais aussi la localisation<\/em><\/p>\n<\/div>\n\n\n\n<div class=\"wp-block-column is-layout-flow wp-block-column-is-layout-flow\"><\/div>\n\n\n\n<div class=\"wp-block-column is-layout-flow wp-block-column-is-layout-flow\"><\/div>\n<\/div>\n\n\n\n<hr class=\"wp-block-separator has-text-color has-vivid-cyan-blue-color has-alpha-channel-opacity has-vivid-cyan-blue-background-color has-background\"\/>\n\n\n\n<h3 class=\"wp-block-heading\">Pour continuer ce th\u00e8me de No\u00ebl dans d&rsquo;autres domaines tout en travaillant le langage :<\/h3>\n\n\n\n<div class=\"wp-block-columns is-layout-flex wp-container-core-columns-is-layout-9d6595d7 wp-block-columns-is-layout-flex\">\n<div class=\"wp-block-column is-layout-flow wp-block-column-is-layout-flow\">\n<figure class=\"wp-block-image size-full\"><a href=\"https:\/\/classedeselin.com\/index.php\/les-chansons-de-noel\/\" target=\"_blank\" rel=\"noreferrer noopener\"><img loading=\"lazy\" decoding=\"async\" width=\"957\" height=\"670\" src=\"https:\/\/classedeselin.com\/wp-content\/uploads\/2023\/12\/Capture-decran-2023-12-08-130758.png\" alt=\"\" class=\"wp-image-1564\" srcset=\"https:\/\/classedeselin.com\/wp-content\/uploads\/2023\/12\/Capture-decran-2023-12-08-130758.png 957w, https:\/\/classedeselin.com\/wp-content\/uploads\/2023\/12\/Capture-decran-2023-12-08-130758-300x210.png 300w, https:\/\/classedeselin.com\/wp-content\/uploads\/2023\/12\/Capture-decran-2023-12-08-130758-768x538.png 768w\" sizes=\"auto, (max-width: 957px) 100vw, 957px\" \/><\/a><\/figure>\n\n\n\n<p class=\"has-text-align-center\"><a href=\"https:\/\/classedeselin.com\/index.php\/les-chansons-de-noel\/\" target=\"_blank\" rel=\"noreferrer noopener\">Des chansons avec imagier du lexique \/ images s\u00e9quentielles&#8230;<\/a><\/p>\n<\/div>\n\n\n\n<div class=\"wp-block-column is-layout-flow wp-block-column-is-layout-flow\"><div class=\"wp-block-image\">\n<figure class=\"aligncenter size-large\"><a href=\"https:\/\/classedeselin.com\/index.php\/2023\/12\/17\/film-pingu-fete-noel\/\" target=\"_blank\" rel=\"noreferrer noopener\"><img loading=\"lazy\" decoding=\"async\" width=\"1024\" height=\"773\" src=\"https:\/\/classedeselin.com\/wp-content\/uploads\/2023\/12\/image-1-1024x773.png\" alt=\"\" class=\"wp-image-1642\" srcset=\"https:\/\/classedeselin.com\/wp-content\/uploads\/2023\/12\/image-1-1024x773.png 1024w, https:\/\/classedeselin.com\/wp-content\/uploads\/2023\/12\/image-1-300x226.png 300w, https:\/\/classedeselin.com\/wp-content\/uploads\/2023\/12\/image-1-768x580.png 768w, https:\/\/classedeselin.com\/wp-content\/uploads\/2023\/12\/image-1.png 1312w\" sizes=\"auto, (max-width: 1024px) 100vw, 1024px\" \/><\/a><\/figure>\n<\/div>\n\n\n<p class=\"has-text-align-center\"><a href=\"https:\/\/classedeselin.com\/index.php\/2023\/12\/17\/film-pingu-fete-noel\/\" target=\"_blank\" rel=\"noreferrer noopener\">Un court film d&rsquo;animation avec mat\u00e9riel et propositions d&rsquo;exploitation<\/a><\/p>\n<\/div>\n\n\n\n<div class=\"wp-block-column is-layout-flow wp-block-column-is-layout-flow\">\n<figure class=\"wp-block-image size-large is-resized\"><a href=\"https:\/\/classedeselin.com\/index.php\/le-sport-de-noel\/\" target=\"_blank\" rel=\"noreferrer noopener\"><img loading=\"lazy\" decoding=\"async\" width=\"1024\" height=\"577\" src=\"https:\/\/classedeselin.com\/wp-content\/uploads\/2024\/01\/Capture-decran-2024-01-09-172921-1024x577.png\" alt=\"\" class=\"wp-image-1912\" style=\"width:286px;height:auto\" srcset=\"https:\/\/classedeselin.com\/wp-content\/uploads\/2024\/01\/Capture-decran-2024-01-09-172921-1024x577.png 1024w, https:\/\/classedeselin.com\/wp-content\/uploads\/2024\/01\/Capture-decran-2024-01-09-172921-300x169.png 300w, https:\/\/classedeselin.com\/wp-content\/uploads\/2024\/01\/Capture-decran-2024-01-09-172921-768x433.png 768w, https:\/\/classedeselin.com\/wp-content\/uploads\/2024\/01\/Capture-decran-2024-01-09-172921-1536x866.png 1536w, https:\/\/classedeselin.com\/wp-content\/uploads\/2024\/01\/Capture-decran-2024-01-09-172921.png 1904w\" sizes=\"auto, (max-width: 1024px) 100vw, 1024px\" \/><\/a><\/figure>\n\n\n\n<p class=\"has-text-align-center\"><a href=\"https:\/\/classedeselin.com\/index.php\/le-sport-de-noel\/\" target=\"_blank\" rel=\"noreferrer noopener\">Des vid\u00e9os pour allier activit\u00e9 physique et langage<\/a><\/p>\n<\/div>\n<\/div>\n\n\n\n<div class=\"wp-block-columns is-layout-flex wp-container-core-columns-is-layout-9d6595d7 wp-block-columns-is-layout-flex\">\n<div class=\"wp-block-column is-layout-flow wp-block-column-is-layout-flow\"><div class=\"wp-block-image\">\n<figure class=\"aligncenter size-full is-resized\"><a href=\"https:\/\/classedeselin.com\/index.php\/2023\/12\/16\/jour-16\/\" target=\"_blank\" rel=\"noreferrer noopener\"><img loading=\"lazy\" decoding=\"async\" width=\"665\" height=\"900\" src=\"https:\/\/classedeselin.com\/wp-content\/uploads\/2024\/01\/2-cubist-santa-carol-lawson.jpg\" alt=\"\" class=\"wp-image-1747\" style=\"width:162px;height:auto\" srcset=\"https:\/\/classedeselin.com\/wp-content\/uploads\/2024\/01\/2-cubist-santa-carol-lawson.jpg 665w, https:\/\/classedeselin.com\/wp-content\/uploads\/2024\/01\/2-cubist-santa-carol-lawson-222x300.jpg 222w\" sizes=\"auto, (max-width: 665px) 100vw, 665px\" \/><\/a><\/figure>\n<\/div>\n\n\n<p class=\"has-text-align-center\"><a href=\"https:\/\/classedeselin.com\/index.php\/2023\/12\/16\/jour-16\/\" target=\"_blank\" rel=\"noreferrer noopener\">No\u00ebl dans les \u0153uvres d&rsquo;art<\/a><\/p>\n<\/div>\n\n\n\n<div class=\"wp-block-column is-layout-flow wp-block-column-is-layout-flow\">\n<figure class=\"wp-block-image size-large\"><a href=\"https:\/\/classedeselin.com\/index.php\/2023\/12\/21\/seance-photo-pere-noel\/\" target=\"_blank\" rel=\"noreferrer noopener\"><img loading=\"lazy\" decoding=\"async\" width=\"1024\" height=\"724\" src=\"https:\/\/classedeselin.com\/wp-content\/uploads\/2023\/12\/3-4-1024x724.png\" alt=\"\" class=\"wp-image-1686\" srcset=\"https:\/\/classedeselin.com\/wp-content\/uploads\/2023\/12\/3-4-1024x724.png 1024w, https:\/\/classedeselin.com\/wp-content\/uploads\/2023\/12\/3-4-300x212.png 300w, https:\/\/classedeselin.com\/wp-content\/uploads\/2023\/12\/3-4-768x543.png 768w, https:\/\/classedeselin.com\/wp-content\/uploads\/2023\/12\/3-4-1536x1086.png 1536w, https:\/\/classedeselin.com\/wp-content\/uploads\/2023\/12\/3-4.png 2000w\" sizes=\"auto, (max-width: 1024px) 100vw, 1024px\" \/><\/a><\/figure>\n\n\n\n<p class=\"has-text-align-center\"><a href=\"https:\/\/classedeselin.com\/index.php\/2023\/12\/21\/seance-photo-pere-noel\/\" target=\"_blank\" rel=\"noreferrer noopener\">No\u00ebl de fa\u00e7on humoristique <\/a><\/p>\n<\/div>\n\n\n\n<div class=\"wp-block-column is-layout-flow wp-block-column-is-layout-flow\"><div class=\"wp-block-image\">\n<figure class=\"aligncenter size-large is-resized\"><a href=\"https:\/\/classedeselin.com\/index.php\/2023\/12\/02\/marionettes_noel\/\" target=\"_blank\" rel=\"noreferrer noopener\"><img loading=\"lazy\" decoding=\"async\" width=\"1024\" height=\"1024\" src=\"https:\/\/classedeselin.com\/wp-content\/uploads\/2023\/12\/marionettes-edited-scaled-e1706530392209-1024x1024.jpg\" alt=\"\" class=\"wp-image-1478\" style=\"width:223px;height:auto\" srcset=\"https:\/\/classedeselin.com\/wp-content\/uploads\/2023\/12\/marionettes-edited-scaled-e1706530392209-1024x1024.jpg 1024w, https:\/\/classedeselin.com\/wp-content\/uploads\/2023\/12\/marionettes-edited-scaled-e1706530392209-300x300.jpg 300w, https:\/\/classedeselin.com\/wp-content\/uploads\/2023\/12\/marionettes-edited-scaled-e1706530392209-150x150.jpg 150w, https:\/\/classedeselin.com\/wp-content\/uploads\/2023\/12\/marionettes-edited-scaled-e1706530392209-768x769.jpg 768w, https:\/\/classedeselin.com\/wp-content\/uploads\/2023\/12\/marionettes-edited-scaled-e1706530392209.jpg 1440w\" sizes=\"auto, (max-width: 1024px) 100vw, 1024px\" \/><\/a><\/figure>\n<\/div>\n\n\n<p class=\"has-text-align-center\"><a href=\"https:\/\/classedeselin.com\/index.php\/2023\/12\/02\/marionettes_noel\/\" target=\"_blank\" rel=\"noreferrer noopener\">Des marionnettes<\/a><\/p>\n<\/div>\n<\/div>\n\n\n\n<p><\/p>\n","protected":false},"excerpt":{"rendered":"<p>No\u00ebl est un th\u00e8me tr\u00e8s souvent abord\u00e9 dans les classes d&rsquo;une part pour le c\u00f4t\u00e9 festif de ce moment de l&rsquo;ann\u00e9e et d&rsquo;autre part comme un \u00e9l\u00e9ment de la culture fran\u00e7aise. Je n&rsquo;aborde pas le c\u00f4t\u00e9 religieux. Beaucoup de mes \u00e9l\u00e8ves turcs ne le f\u00eatent pas le 25 d\u00e9cembre&#8230; mais depuis peu le P\u00e8re No\u00ebl [&hellip;]<\/p>\n","protected":false},"author":1,"featured_media":0,"parent":1261,"menu_order":3,"comment_status":"closed","ping_status":"closed","template":"","meta":{"footnotes":""},"class_list":["post-1262","page","type-page","status-publish","hentry"],"_links":{"self":[{"href":"https:\/\/classedeselin.com\/index.php\/wp-json\/wp\/v2\/pages\/1262","targetHints":{"allow":["GET"]}}],"collection":[{"href":"https:\/\/classedeselin.com\/index.php\/wp-json\/wp\/v2\/pages"}],"about":[{"href":"https:\/\/classedeselin.com\/index.php\/wp-json\/wp\/v2\/types\/page"}],"author":[{"embeddable":true,"href":"https:\/\/classedeselin.com\/index.php\/wp-json\/wp\/v2\/users\/1"}],"replies":[{"embeddable":true,"href":"https:\/\/classedeselin.com\/index.php\/wp-json\/wp\/v2\/comments?post=1262"}],"version-history":[{"count":19,"href":"https:\/\/classedeselin.com\/index.php\/wp-json\/wp\/v2\/pages\/1262\/revisions"}],"predecessor-version":[{"id":3049,"href":"https:\/\/classedeselin.com\/index.php\/wp-json\/wp\/v2\/pages\/1262\/revisions\/3049"}],"up":[{"embeddable":true,"href":"https:\/\/classedeselin.com\/index.php\/wp-json\/wp\/v2\/pages\/1261"}],"wp:attachment":[{"href":"https:\/\/classedeselin.com\/index.php\/wp-json\/wp\/v2\/media?parent=1262"}],"curies":[{"name":"wp","href":"https:\/\/api.w.org\/{rel}","templated":true}]}}