{"id":1278,"date":"2023-11-09T12:34:26","date_gmt":"2023-11-09T11:34:26","guid":{"rendered":"https:\/\/classedeselin.com\/?page_id=1278"},"modified":"2025-03-08T15:07:41","modified_gmt":"2025-03-08T14:07:41","slug":"les-aliments","status":"publish","type":"page","link":"https:\/\/classedeselin.com\/index.php\/jeux-de-langage\/jeux-langage-par-theme\/les-aliments\/","title":{"rendered":"Les aliments"},"content":{"rendered":"\n<p>Les aliments et les boissons sont un th\u00e8me incontournable, que ce soit en langage en maternelle ou en FLE car ce sont des mots de vocabulaire indispensables \u00e0 la vie de tous les jours. Pourtant, on est souvent \u00e9tonn\u00e9s de s&rsquo;apercevoir que le lexique de base n&rsquo;est pas connu de tous nos \u00e9l\u00e8ves.<\/p>\n\n\n\n<p>Voici donc quelques jeux pour travailler sur ces points :<\/p>\n\n\n\n<div class=\"wp-block-columns is-layout-flex wp-container-core-columns-is-layout-9d6595d7 wp-block-columns-is-layout-flex\">\n<div class=\"wp-block-column is-layout-flow wp-block-column-is-layout-flow\">\n<figure class=\"wp-block-image size-large\"><a href=\"https:\/\/classedeselin.com\/index.php\/2020\/07\/21\/jeux-de-langage-sur-le-theme-des-fruits\/\" target=\"_blank\" rel=\"noreferrer noopener\"><img loading=\"lazy\" decoding=\"async\" width=\"1024\" height=\"1024\" src=\"https:\/\/classedeselin.com\/wp-content\/uploads\/2023\/11\/5-1024x1024.png\" alt=\"\" class=\"wp-image-1276\" srcset=\"https:\/\/classedeselin.com\/wp-content\/uploads\/2023\/11\/5-1024x1024.png 1024w, https:\/\/classedeselin.com\/wp-content\/uploads\/2023\/11\/5-300x300.png 300w, https:\/\/classedeselin.com\/wp-content\/uploads\/2023\/11\/5-150x150.png 150w, https:\/\/classedeselin.com\/wp-content\/uploads\/2023\/11\/5-768x768.png 768w, https:\/\/classedeselin.com\/wp-content\/uploads\/2023\/11\/5.png 1080w\" sizes=\"auto, (max-width: 1024px) 100vw, 1024px\" \/><\/a><\/figure>\n\n\n\n<p class=\"has-text-align-center\"><a href=\"https:\/\/classedeselin.com\/index.php\/2020\/07\/21\/jeux-de-langage-sur-le-theme-des-fruits\/\" target=\"_blank\" rel=\"noreferrer noopener\">Fruits<\/a><\/p>\n<\/div>\n\n\n\n<div class=\"wp-block-column is-layout-flow wp-block-column-is-layout-flow\">\n<figure class=\"wp-block-image size-full\"><a href=\"https:\/\/classedeselin.com\/index.php\/2023\/10\/16\/semaine-du-gout-fruits-frais-et-fruits-secs\/\" target=\"_blank\" rel=\"noreferrer noopener\"><img loading=\"lazy\" decoding=\"async\" width=\"1024\" height=\"1024\" src=\"https:\/\/classedeselin.com\/wp-content\/uploads\/2023\/11\/herisson_tomates_sechees.jpg\" alt=\"\" class=\"wp-image-1279\" srcset=\"https:\/\/classedeselin.com\/wp-content\/uploads\/2023\/11\/herisson_tomates_sechees.jpg 1024w, https:\/\/classedeselin.com\/wp-content\/uploads\/2023\/11\/herisson_tomates_sechees-300x300.jpg 300w, https:\/\/classedeselin.com\/wp-content\/uploads\/2023\/11\/herisson_tomates_sechees-150x150.jpg 150w, https:\/\/classedeselin.com\/wp-content\/uploads\/2023\/11\/herisson_tomates_sechees-768x768.jpg 768w\" sizes=\"auto, (max-width: 1024px) 100vw, 1024px\" \/><\/a><\/figure>\n\n\n\n<p class=\"has-text-align-center\"><a href=\"https:\/\/classedeselin.com\/index.php\/2023\/10\/16\/semaine-du-gout-fruits-frais-et-fruits-secs\/\" target=\"_blank\" rel=\"noreferrer noopener\">Fruits frais\/secs<\/a><\/p>\n<\/div>\n\n\n\n<div class=\"wp-block-column is-layout-flow wp-block-column-is-layout-flow\">\n<figure class=\"wp-block-image size-large\"><img loading=\"lazy\" decoding=\"async\" width=\"1024\" height=\"1024\" src=\"https:\/\/classedeselin.com\/wp-content\/uploads\/2025\/03\/viennoiseries-1024x1024.png\" alt=\"\" class=\"wp-image-2922\" srcset=\"https:\/\/classedeselin.com\/wp-content\/uploads\/2025\/03\/viennoiseries-1024x1024.png 1024w, https:\/\/classedeselin.com\/wp-content\/uploads\/2025\/03\/viennoiseries-300x300.png 300w, https:\/\/classedeselin.com\/wp-content\/uploads\/2025\/03\/viennoiseries-150x150.png 150w, https:\/\/classedeselin.com\/wp-content\/uploads\/2025\/03\/viennoiseries-768x768.png 768w, https:\/\/classedeselin.com\/wp-content\/uploads\/2025\/03\/viennoiseries.png 1080w\" sizes=\"auto, (max-width: 1024px) 100vw, 1024px\" \/><\/figure>\n\n\n\n<p class=\"has-text-align-center\"><a href=\"https:\/\/classedeselin.com\/index.php\/2025\/03\/08\/viennoiseries-et-patisseries\/\" target=\"_blank\" rel=\"noreferrer noopener\">Viennoiseries et p\u00e2tisseries<\/a><\/p>\n<\/div>\n<\/div>\n","protected":false},"excerpt":{"rendered":"<p>Les aliments et les boissons sont un th\u00e8me incontournable, que ce soit en langage en maternelle ou en FLE car ce sont des mots de vocabulaire indispensables \u00e0 la vie de tous les jours. Pourtant, on est souvent \u00e9tonn\u00e9s de s&rsquo;apercevoir que le lexique de base n&rsquo;est pas connu de tous nos \u00e9l\u00e8ves. Voici donc [&hellip;]<\/p>\n","protected":false},"author":1,"featured_media":0,"parent":1261,"menu_order":1,"comment_status":"closed","ping_status":"closed","template":"","meta":{"footnotes":""},"class_list":["post-1278","page","type-page","status-publish","hentry"],"_links":{"self":[{"href":"https:\/\/classedeselin.com\/index.php\/wp-json\/wp\/v2\/pages\/1278","targetHints":{"allow":["GET"]}}],"collection":[{"href":"https:\/\/classedeselin.com\/index.php\/wp-json\/wp\/v2\/pages"}],"about":[{"href":"https:\/\/classedeselin.com\/index.php\/wp-json\/wp\/v2\/types\/page"}],"author":[{"embeddable":true,"href":"https:\/\/classedeselin.com\/index.php\/wp-json\/wp\/v2\/users\/1"}],"replies":[{"embeddable":true,"href":"https:\/\/classedeselin.com\/index.php\/wp-json\/wp\/v2\/comments?post=1278"}],"version-history":[{"count":3,"href":"https:\/\/classedeselin.com\/index.php\/wp-json\/wp\/v2\/pages\/1278\/revisions"}],"predecessor-version":[{"id":2977,"href":"https:\/\/classedeselin.com\/index.php\/wp-json\/wp\/v2\/pages\/1278\/revisions\/2977"}],"up":[{"embeddable":true,"href":"https:\/\/classedeselin.com\/index.php\/wp-json\/wp\/v2\/pages\/1261"}],"wp:attachment":[{"href":"https:\/\/classedeselin.com\/index.php\/wp-json\/wp\/v2\/media?parent=1278"}],"curies":[{"name":"wp","href":"https:\/\/api.w.org\/{rel}","templated":true}]}}