{"id":1288,"date":"2023-11-09T20:27:09","date_gmt":"2023-11-09T19:27:09","guid":{"rendered":"https:\/\/classedeselin.com\/?page_id=1288"},"modified":"2024-01-04T14:33:14","modified_gmt":"2024-01-04T13:33:14","slug":"les-jeux-sur-les-jouets","status":"publish","type":"page","link":"https:\/\/classedeselin.com\/index.php\/jeux-de-langage\/jeux-langage-par-theme\/les-jeux-sur-les-jouets\/","title":{"rendered":"Les jeux et les jouets"},"content":{"rendered":"\n<div class=\"wp-block-columns is-layout-flex wp-container-core-columns-is-layout-9d6595d7 wp-block-columns-is-layout-flex\">\n<div class=\"wp-block-column is-layout-flow wp-block-column-is-layout-flow\" style=\"flex-basis:100%\">\n<div class=\"wp-block-columns is-layout-flex wp-container-core-columns-is-layout-9d6595d7 wp-block-columns-is-layout-flex\">\n<div class=\"wp-block-column is-layout-flow wp-block-column-is-layout-flow\" style=\"flex-basis:33.33%\"><div class=\"wp-block-image\">\n<figure class=\"aligncenter size-large\"><img loading=\"lazy\" decoding=\"async\" width=\"1024\" height=\"1024\" src=\"https:\/\/classedeselin.com\/wp-content\/uploads\/2023\/11\/jouets-1024x1024.png\" alt=\"\" class=\"wp-image-1282\" srcset=\"https:\/\/classedeselin.com\/wp-content\/uploads\/2023\/11\/jouets-1024x1024.png 1024w, https:\/\/classedeselin.com\/wp-content\/uploads\/2023\/11\/jouets-300x300.png 300w, https:\/\/classedeselin.com\/wp-content\/uploads\/2023\/11\/jouets-150x150.png 150w, https:\/\/classedeselin.com\/wp-content\/uploads\/2023\/11\/jouets-768x768.png 768w, https:\/\/classedeselin.com\/wp-content\/uploads\/2023\/11\/jouets.png 1080w\" sizes=\"auto, (max-width: 1024px) 100vw, 1024px\" \/><\/figure>\n<\/div><\/div>\n\n\n\n<div class=\"wp-block-column is-layout-flow wp-block-column-is-layout-flow\" style=\"flex-basis:66.66%\">\n<p>Pour nos \u00e9l\u00e8ves les plus jeunes, le th\u00e8me des jeux et jouets est tr\u00e8s enthousiasmant alors profitons-en pour les faire parler sur ce sujet !<\/p>\n<\/div>\n<\/div>\n<\/div>\n<\/div>\n\n\n\n<p>J&rsquo;ai donc cr\u00e9\u00e9 des jeux \u00ab\u00a0courants\u00a0\u00bb (cartes, jeux de l&rsquo;oie, course&#8230;) mais aussi un jeu collaboratif du style \u00ab\u00a0le verger\u00a0\u00bb et un jeu de compr\u00e9hension et production orale en bin\u00f4me.<\/p>\n\n\n\n<div class=\"wp-block-columns is-layout-flex wp-container-core-columns-is-layout-9d6595d7 wp-block-columns-is-layout-flex\">\n<div class=\"wp-block-column is-layout-flow wp-block-column-is-layout-flow\"><div class=\"wp-block-image\">\n<figure class=\"aligncenter size-full is-resized\"><a href=\"https:\/\/classedeselin.com\/index.php\/2020\/01\/04\/jeux-de-langage-les-jouets-et-jeux\/\" target=\"_blank\" rel=\"noreferrer noopener\"><img loading=\"lazy\" decoding=\"async\" width=\"948\" height=\"702\" src=\"https:\/\/classedeselin.com\/wp-content\/uploads\/2024\/01\/Capture-decran-2024-01-04-160415.png\" alt=\"\" class=\"wp-image-1789\" style=\"width:231px;height:auto\" srcset=\"https:\/\/classedeselin.com\/wp-content\/uploads\/2024\/01\/Capture-decran-2024-01-04-160415.png 948w, https:\/\/classedeselin.com\/wp-content\/uploads\/2024\/01\/Capture-decran-2024-01-04-160415-300x222.png 300w, https:\/\/classedeselin.com\/wp-content\/uploads\/2024\/01\/Capture-decran-2024-01-04-160415-768x569.png 768w\" sizes=\"auto, (max-width: 948px) 100vw, 948px\" \/><\/a><\/figure>\n<\/div>\n\n\n<p class=\"has-text-align-center\"><a href=\"https:\/\/classedeselin.com\/index.php\/2020\/01\/04\/jeux-de-langage-les-jouets-et-jeux\/\">Jeux <\/a><\/p>\n\n\n\n<p class=\"has-text-align-center\"><em>En janvier, je profite de <\/em><br><em>\u00ab&nbsp;l\u2019apr\u00e8s No\u00ebl&nbsp;\u00bb pour introduire <\/em><br><em>le th\u00e8me des jouets et jeux <\/em><br><em>dans mes s\u00e9ances de langage<\/em><\/p>\n<\/div>\n\n\n\n<div class=\"wp-block-column is-layout-flow wp-block-column-is-layout-flow\"><div class=\"wp-block-image\">\n<figure class=\"aligncenter size-large is-resized\"><img loading=\"lazy\" decoding=\"async\" width=\"1024\" height=\"1024\" src=\"https:\/\/classedeselin.com\/wp-content\/uploads\/2024\/01\/20191220_173507-scaled-e1704374945191-1024x1024.jpg\" alt=\"\" class=\"wp-image-1796\" style=\"width:156px;height:auto\" srcset=\"https:\/\/classedeselin.com\/wp-content\/uploads\/2024\/01\/20191220_173507-scaled-e1704374945191-1024x1024.jpg 1024w, https:\/\/classedeselin.com\/wp-content\/uploads\/2024\/01\/20191220_173507-scaled-e1704374945191-300x300.jpg 300w, https:\/\/classedeselin.com\/wp-content\/uploads\/2024\/01\/20191220_173507-scaled-e1704374945191-150x150.jpg 150w, https:\/\/classedeselin.com\/wp-content\/uploads\/2024\/01\/20191220_173507-scaled-e1704374945191-768x769.jpg 768w, https:\/\/classedeselin.com\/wp-content\/uploads\/2024\/01\/20191220_173507-scaled-e1704374945191.jpg 1440w\" sizes=\"auto, (max-width: 1024px) 100vw, 1024px\" \/><\/figure>\n<\/div>\n\n\n<p class=\"has-text-align-center\"><a href=\"https:\/\/classedeselin.com\/index.php\/2020\/02\/13\/jeu-collaboratif-le-monstre-des-jouets\/\">Jeu collectif :<br>Monstre des jouets<\/a><\/p>\n\n\n\n<p class=\"has-text-align-center\"><em>Voici un jeu collaboratif qui permet de travailler sur la place et l\u2019accord des adjectifs de couleur tout en restant dans le th\u00e8me des jouets.<\/em><\/p>\n<\/div>\n\n\n\n<div class=\"wp-block-column is-layout-flow wp-block-column-is-layout-flow\"><div class=\"wp-block-image\">\n<figure class=\"aligncenter size-full is-resized\"><img loading=\"lazy\" decoding=\"async\" width=\"457\" height=\"448\" src=\"https:\/\/classedeselin.com\/wp-content\/uploads\/2024\/01\/Capture-decran-2024-01-04-160915.png\" alt=\"\" class=\"wp-image-1791\" style=\"width:158px;height:auto\" srcset=\"https:\/\/classedeselin.com\/wp-content\/uploads\/2024\/01\/Capture-decran-2024-01-04-160915.png 457w, https:\/\/classedeselin.com\/wp-content\/uploads\/2024\/01\/Capture-decran-2024-01-04-160915-300x294.png 300w\" sizes=\"auto, (max-width: 457px) 100vw, 457px\" \/><\/figure>\n<\/div>\n\n\n<p class=\"has-text-align-center\"><a href=\"https:\/\/classedeselin.com\/index.php\/2020\/01\/25\/comprehension-et-expression-orale-les-etageres-a-jouets\/\">Etag\u00e8res \u00e0 jouets<\/a><\/p>\n\n\n\n<p class=\"has-text-align-center\"><em>Ce jeu se joue en bin\u00f4me. Le but est de trouver quelle carte&nbsp; a \u00e9t\u00e9 choisie par l\u2019autre joueur parmi <\/em><br><em>six possibles.<\/em><\/p>\n<\/div>\n<\/div>\n","protected":false},"excerpt":{"rendered":"<p>Pour nos \u00e9l\u00e8ves les plus jeunes, le th\u00e8me des jeux et jouets est tr\u00e8s enthousiasmant alors profitons-en pour les faire parler sur ce sujet ! J&rsquo;ai donc cr\u00e9\u00e9 des jeux \u00ab\u00a0courants\u00a0\u00bb (cartes, jeux de l&rsquo;oie, course&#8230;) mais aussi un jeu collaboratif du style \u00ab\u00a0le verger\u00a0\u00bb et un jeu de compr\u00e9hension et production orale en bin\u00f4me. [&hellip;]<\/p>\n","protected":false},"author":1,"featured_media":0,"parent":1261,"menu_order":3,"comment_status":"closed","ping_status":"closed","template":"","meta":{"footnotes":""},"class_list":["post-1288","page","type-page","status-publish","hentry"],"_links":{"self":[{"href":"https:\/\/classedeselin.com\/index.php\/wp-json\/wp\/v2\/pages\/1288","targetHints":{"allow":["GET"]}}],"collection":[{"href":"https:\/\/classedeselin.com\/index.php\/wp-json\/wp\/v2\/pages"}],"about":[{"href":"https:\/\/classedeselin.com\/index.php\/wp-json\/wp\/v2\/types\/page"}],"author":[{"embeddable":true,"href":"https:\/\/classedeselin.com\/index.php\/wp-json\/wp\/v2\/users\/1"}],"replies":[{"embeddable":true,"href":"https:\/\/classedeselin.com\/index.php\/wp-json\/wp\/v2\/comments?post=1288"}],"version-history":[{"count":6,"href":"https:\/\/classedeselin.com\/index.php\/wp-json\/wp\/v2\/pages\/1288\/revisions"}],"predecessor-version":[{"id":1800,"href":"https:\/\/classedeselin.com\/index.php\/wp-json\/wp\/v2\/pages\/1288\/revisions\/1800"}],"up":[{"embeddable":true,"href":"https:\/\/classedeselin.com\/index.php\/wp-json\/wp\/v2\/pages\/1261"}],"wp:attachment":[{"href":"https:\/\/classedeselin.com\/index.php\/wp-json\/wp\/v2\/media?parent=1288"}],"curies":[{"name":"wp","href":"https:\/\/api.w.org\/{rel}","templated":true}]}}