{"id":1311,"date":"2023-11-12T12:01:37","date_gmt":"2023-11-12T11:01:37","guid":{"rendered":"https:\/\/classedeselin.com\/?page_id=1311"},"modified":"2023-11-12T20:30:37","modified_gmt":"2023-11-12T19:30:37","slug":"les-sorcieres","status":"publish","type":"page","link":"https:\/\/classedeselin.com\/index.php\/jeux-de-langage\/jeux-langage-par-theme\/les-sorcieres\/","title":{"rendered":"Les sorci\u00e8res"},"content":{"rendered":"\n<div class=\"wp-block-columns is-layout-flex wp-container-core-columns-is-layout-9d6595d7 wp-block-columns-is-layout-flex\">\n<div class=\"wp-block-column is-layout-flow wp-block-column-is-layout-flow\" style=\"flex-basis:50%\"><div class=\"wp-block-image\">\n<figure class=\"aligncenter size-large is-resized\"><img loading=\"lazy\" decoding=\"async\" width=\"1024\" height=\"1024\" src=\"https:\/\/classedeselin.com\/wp-content\/uploads\/2023\/11\/sorcieres-1024x1024.png\" alt=\"\" class=\"wp-image-1312\" style=\"width:184px;height:auto\" srcset=\"https:\/\/classedeselin.com\/wp-content\/uploads\/2023\/11\/sorcieres-1024x1024.png 1024w, https:\/\/classedeselin.com\/wp-content\/uploads\/2023\/11\/sorcieres-300x300.png 300w, https:\/\/classedeselin.com\/wp-content\/uploads\/2023\/11\/sorcieres-150x150.png 150w, https:\/\/classedeselin.com\/wp-content\/uploads\/2023\/11\/sorcieres-768x768.png 768w, https:\/\/classedeselin.com\/wp-content\/uploads\/2023\/11\/sorcieres.png 1080w\" sizes=\"auto, (max-width: 1024px) 100vw, 1024px\" \/><\/figure>\n<\/div><\/div>\n\n\n\n<div class=\"wp-block-column is-layout-flow wp-block-column-is-layout-flow\" style=\"flex-basis:50%\">\n<p>Les enfants adorent jouer \u00e0 \u00ab\u00a0se faire peur\u00a0\u00bb avec les monstres, sorci\u00e8res et autres personnages imaginaires. La p\u00e9riode d&rsquo;Halloween est tr\u00e8s propice \u00e0 l&rsquo;utilisation de jeux de langage avec ces personnages.<\/p>\n<\/div>\n<\/div>\n\n\n\n<p>La litt\u00e9rature de jeunesse est riche en <strong><a href=\"https:\/\/classedeselin.com\/index.php\/albums\/selection-par-theme\/albums-sorcieres\/\" target=\"_blank\" rel=\"noreferrer noopener\">albums sur le th\u00e8me des sorci\u00e8res.<\/a><\/strong> J&rsquo;aime y associer des jeux de langage pour introduire le lexique sp\u00e9cifique des sorci\u00e8res (tenue, animaux, ingr\u00e9dients de la potion&#8230;) car ces mots sont indispensables pour la lecture d&rsquo;images dans les albums.<\/p>\n\n\n\n<p>Vous trouverez donc ci-dessous des dossiers pour travailler directement le lexique ou pour enrichir le travail fait autour d&rsquo;un album sur les sorci\u00e8res.<\/p>\n\n\n\n<div class=\"wp-block-columns is-layout-flex wp-container-core-columns-is-layout-9d6595d7 wp-block-columns-is-layout-flex\">\n<div class=\"wp-block-column is-layout-flow wp-block-column-is-layout-flow\">\n<figure class=\"wp-block-image size-large\"><a href=\"https:\/\/classedeselin.com\/index.php\/2022\/10\/26\/les-sorcieres\/\" target=\"_blank\" rel=\"noreferrer noopener\"><img loading=\"lazy\" decoding=\"async\" width=\"1024\" height=\"1024\" src=\"https:\/\/classedeselin.com\/wp-content\/uploads\/2023\/11\/une-sorciere-1024x1024.png\" alt=\"\" class=\"wp-image-1326\" srcset=\"https:\/\/classedeselin.com\/wp-content\/uploads\/2023\/11\/une-sorciere-1024x1024.png 1024w, https:\/\/classedeselin.com\/wp-content\/uploads\/2023\/11\/une-sorciere-300x300.png 300w, https:\/\/classedeselin.com\/wp-content\/uploads\/2023\/11\/une-sorciere-150x150.png 150w, https:\/\/classedeselin.com\/wp-content\/uploads\/2023\/11\/une-sorciere-768x768.png 768w, https:\/\/classedeselin.com\/wp-content\/uploads\/2023\/11\/une-sorciere.png 1080w\" sizes=\"auto, (max-width: 1024px) 100vw, 1024px\" \/><\/a><\/figure>\n\n\n\n<p class=\"has-text-align-center\"><strong><a href=\"https:\/\/classedeselin.com\/index.php\/2022\/10\/26\/les-sorcieres\/\" target=\"_blank\" rel=\"noreferrer noopener\">Le lexique des sorci\u00e8res<\/a><\/strong><\/p>\n\n\n\n<p class=\"has-text-align-center\"><em>Fin octobre, Halloween et les sorci\u00e8res se pr\u00e9parent ! Le moment est venu de sortir les jeux sur ce th\u00e8me&#8230;<\/em><\/p>\n<\/div>\n\n\n\n<div class=\"wp-block-column is-layout-flow wp-block-column-is-layout-flow\">\n<figure class=\"wp-block-image size-large\"><a href=\"https:\/\/classedeselin.com\/index.php\/2023\/11\/12\/les-metiers-des-sorciers\/\"><img loading=\"lazy\" decoding=\"async\" width=\"1024\" height=\"1024\" src=\"https:\/\/classedeselin.com\/wp-content\/uploads\/2023\/11\/17-1024x1024.png\" alt=\"\" class=\"wp-image-1313\" srcset=\"https:\/\/classedeselin.com\/wp-content\/uploads\/2023\/11\/17-1024x1024.png 1024w, https:\/\/classedeselin.com\/wp-content\/uploads\/2023\/11\/17-300x300.png 300w, https:\/\/classedeselin.com\/wp-content\/uploads\/2023\/11\/17-150x150.png 150w, https:\/\/classedeselin.com\/wp-content\/uploads\/2023\/11\/17-768x768.png 768w, https:\/\/classedeselin.com\/wp-content\/uploads\/2023\/11\/17.png 1080w\" sizes=\"auto, (max-width: 1024px) 100vw, 1024px\" \/><\/a><\/figure>\n\n\n\n<p class=\"has-text-align-center\"><strong><a href=\"https:\/\/classedeselin.com\/index.php\/2023\/11\/12\/les-metiers-des-sorciers\/\" target=\"_blank\" rel=\"noreferrer noopener\">Les m\u00e9tiers des sorciers<\/a><\/strong><\/p>\n\n\n\n<p class=\"has-text-align-center\"><em>Dans l&rsquo;album Patou la m\u00eale-tout, la jeune sorci\u00e8re rencontre \u00ab\u00a0la sorci\u00e8re qui fait de la musique\u00a0\u00bb, et d&rsquo;autres. J&rsquo;ai donc saisi l&rsquo;occasion pour introduire \u00e0 la fois le nom de certains m\u00e9tiers masculin\/f\u00e9minin et les propositions relatives \u00ab\u00a0C&rsquo;est la sorci\u00e8re QUI cuisine.\u00a0\u00bb.<\/em><\/p>\n<\/div>\n\n\n\n<div class=\"wp-block-column is-layout-flow wp-block-column-is-layout-flow\"><\/div>\n<\/div>\n","protected":false},"excerpt":{"rendered":"<p>Les enfants adorent jouer \u00e0 \u00ab\u00a0se faire peur\u00a0\u00bb avec les monstres, sorci\u00e8res et autres personnages imaginaires. La p\u00e9riode d&rsquo;Halloween est tr\u00e8s propice \u00e0 l&rsquo;utilisation de jeux de langage avec ces personnages. La litt\u00e9rature de jeunesse est riche en albums sur le th\u00e8me des sorci\u00e8res. J&rsquo;aime y associer des jeux de langage pour introduire le lexique [&hellip;]<\/p>\n","protected":false},"author":1,"featured_media":0,"parent":1261,"menu_order":5,"comment_status":"closed","ping_status":"closed","template":"","meta":{"footnotes":""},"class_list":["post-1311","page","type-page","status-publish","hentry"],"_links":{"self":[{"href":"https:\/\/classedeselin.com\/index.php\/wp-json\/wp\/v2\/pages\/1311","targetHints":{"allow":["GET"]}}],"collection":[{"href":"https:\/\/classedeselin.com\/index.php\/wp-json\/wp\/v2\/pages"}],"about":[{"href":"https:\/\/classedeselin.com\/index.php\/wp-json\/wp\/v2\/types\/page"}],"author":[{"embeddable":true,"href":"https:\/\/classedeselin.com\/index.php\/wp-json\/wp\/v2\/users\/1"}],"replies":[{"embeddable":true,"href":"https:\/\/classedeselin.com\/index.php\/wp-json\/wp\/v2\/comments?post=1311"}],"version-history":[{"count":8,"href":"https:\/\/classedeselin.com\/index.php\/wp-json\/wp\/v2\/pages\/1311\/revisions"}],"predecessor-version":[{"id":1331,"href":"https:\/\/classedeselin.com\/index.php\/wp-json\/wp\/v2\/pages\/1311\/revisions\/1331"}],"up":[{"embeddable":true,"href":"https:\/\/classedeselin.com\/index.php\/wp-json\/wp\/v2\/pages\/1261"}],"wp:attachment":[{"href":"https:\/\/classedeselin.com\/index.php\/wp-json\/wp\/v2\/media?parent=1311"}],"curies":[{"name":"wp","href":"https:\/\/api.w.org\/{rel}","templated":true}]}}