{"id":1713,"date":"2023-12-23T16:01:23","date_gmt":"2023-12-23T15:01:23","guid":{"rendered":"https:\/\/classedeselin.com\/?page_id=1713"},"modified":"2025-01-15T15:38:48","modified_gmt":"2025-01-15T14:38:48","slug":"lhiver","status":"publish","type":"page","link":"https:\/\/classedeselin.com\/index.php\/jeux-de-langage\/jeux-langage-par-theme\/lhiver\/","title":{"rendered":"L&rsquo;hiver"},"content":{"rendered":"\n<div class=\"wp-block-columns is-layout-flex wp-container-core-columns-is-layout-9d6595d7 wp-block-columns-is-layout-flex\">\n<div class=\"wp-block-column is-layout-flow wp-block-column-is-layout-flow\" style=\"flex-basis:50%\"><div class=\"wp-block-image\">\n<figure class=\"aligncenter size-large is-resized\"><img loading=\"lazy\" decoding=\"async\" width=\"1024\" height=\"1024\" src=\"https:\/\/classedeselin.com\/wp-content\/uploads\/2023\/11\/7-1024x1024.png\" alt=\"\" class=\"wp-image-1255\" style=\"width:184px;height:auto\" srcset=\"https:\/\/classedeselin.com\/wp-content\/uploads\/2023\/11\/7-1024x1024.png 1024w, https:\/\/classedeselin.com\/wp-content\/uploads\/2023\/11\/7-300x300.png 300w, https:\/\/classedeselin.com\/wp-content\/uploads\/2023\/11\/7-150x150.png 150w, https:\/\/classedeselin.com\/wp-content\/uploads\/2023\/11\/7-768x768.png 768w, https:\/\/classedeselin.com\/wp-content\/uploads\/2023\/11\/7.png 1080w\" sizes=\"auto, (max-width: 1024px) 100vw, 1024px\" \/><\/figure>\n<\/div><\/div>\n\n\n\n<div class=\"wp-block-column is-layout-flow wp-block-column-is-layout-flow\" style=\"flex-basis:50%\">\n<p>La neige tombe et les \u00e9l\u00e8ves sont excit\u00e9s ? Ils ne savent pas ce qu&rsquo;est la neige et ont besoin de travailler sur ce sujet ?<\/p>\n<\/div>\n<\/div>\n\n\n\n<p>Voici plusieurs fa\u00e7ons d&rsquo;aborder ce th\u00e8me avec des jeux de langage.<\/p>\n\n\n\n<div class=\"wp-block-columns is-layout-flex wp-container-core-columns-is-layout-9d6595d7 wp-block-columns-is-layout-flex\">\n<div class=\"wp-block-column is-layout-flow wp-block-column-is-layout-flow\">\n<figure class=\"wp-block-image size-large\"><a href=\"https:\/\/classedeselin.com\/index.php\/2022\/01\/24\/jeux-de-langage-sur-le-theme-de-lhiver\/\" target=\"_blank\" rel=\"noreferrer noopener\"><img loading=\"lazy\" decoding=\"async\" width=\"1024\" height=\"1024\" src=\"https:\/\/classedeselin.com\/wp-content\/uploads\/2023\/12\/hiver-1024x1024.png\" alt=\"\" class=\"wp-image-1719\" srcset=\"https:\/\/classedeselin.com\/wp-content\/uploads\/2023\/12\/hiver-1024x1024.png 1024w, https:\/\/classedeselin.com\/wp-content\/uploads\/2023\/12\/hiver-300x300.png 300w, https:\/\/classedeselin.com\/wp-content\/uploads\/2023\/12\/hiver-150x150.png 150w, https:\/\/classedeselin.com\/wp-content\/uploads\/2023\/12\/hiver-768x768.png 768w, https:\/\/classedeselin.com\/wp-content\/uploads\/2023\/12\/hiver.png 1080w\" sizes=\"auto, (max-width: 1024px) 100vw, 1024px\" \/><\/a><\/figure>\n\n\n\n<p class=\"has-text-align-center\" style=\"font-style:normal;font-weight:500\"><strong><mark style=\"background-color:rgba(0, 0, 0, 0)\" class=\"has-inline-color has-vivid-cyan-blue-color\"><a href=\"https:\/\/classedeselin.com\/index.php\/2022\/01\/24\/jeux-de-langage-sur-le-theme-de-lhiver\/\" target=\"_blank\" rel=\"noreferrer noopener\">Le lexique de l&rsquo;hiver<\/a><\/mark><\/strong><\/p>\n\n\n\n<p class=\"has-text-align-center\"><em>A cette p\u00e9riode de l\u2019ann\u00e9e, certains souhaitent travailler sur l\u2019hiver. Voici donc quelques jeux  class\u00e9s en sous-th\u00e8mes : v\u00eatements et accessoires, mat\u00e9riel des sports d\u2019hiver, plats traditionnels et objets de l\u2019hiver, la neige et les paysages.<\/em><\/p>\n<\/div>\n\n\n\n<div class=\"wp-block-column is-layout-flow wp-block-column-is-layout-flow\"><div class=\"wp-block-image\">\n<figure class=\"aligncenter size-large\"><img loading=\"lazy\" decoding=\"async\" width=\"1024\" height=\"1024\" src=\"https:\/\/classedeselin.com\/wp-content\/uploads\/2023\/03\/bonhomme_neige-1024x1024.png\" alt=\"\" class=\"wp-image-2860\" srcset=\"https:\/\/classedeselin.com\/wp-content\/uploads\/2023\/03\/bonhomme_neige-1024x1024.png 1024w, https:\/\/classedeselin.com\/wp-content\/uploads\/2023\/03\/bonhomme_neige-300x300.png 300w, https:\/\/classedeselin.com\/wp-content\/uploads\/2023\/03\/bonhomme_neige-150x150.png 150w, https:\/\/classedeselin.com\/wp-content\/uploads\/2023\/03\/bonhomme_neige-768x768.png 768w, https:\/\/classedeselin.com\/wp-content\/uploads\/2023\/03\/bonhomme_neige.png 1080w\" sizes=\"auto, (max-width: 1024px) 100vw, 1024px\" \/><\/figure>\n<\/div>\n\n\n<p class=\"has-text-align-center\"><strong><a href=\"https:\/\/classedeselin.com\/index.php\/2023\/03\/07\/le-bonhomme-de-neige\/\" target=\"_blank\" rel=\"noreferrer noopener\">Le bonhomme de neige<\/a><\/strong><\/p>\n\n\n\n<p class=\"has-text-align-center\" style=\"font-style:italic;font-weight:400\">Chez vous aussi, au premier flocon de neige qui tombe dehors, vous perdez l\u2019attention de vos \u00e9l\u00e8ves ?J\u2019ai toujours \u00e0 port\u00e9e de main des jeux de langage avec pour th\u00e8me le bonhomme de neige : recentrer l\u2019attention tout en travaillant le langage.<\/p>\n<\/div>\n\n\n\n<div class=\"wp-block-column is-layout-flow wp-block-column-is-layout-flow\"><\/div>\n<\/div>\n","protected":false},"excerpt":{"rendered":"<p>La neige tombe et les \u00e9l\u00e8ves sont excit\u00e9s ? Ils ne savent pas ce qu&rsquo;est la neige et ont besoin de travailler sur ce sujet ? Voici plusieurs fa\u00e7ons d&rsquo;aborder ce th\u00e8me avec des jeux de langage. Le lexique de l&rsquo;hiver A cette p\u00e9riode de l\u2019ann\u00e9e, certains souhaitent travailler sur l\u2019hiver. Voici donc quelques jeux [&hellip;]<\/p>\n","protected":false},"author":1,"featured_media":0,"parent":1261,"menu_order":-4,"comment_status":"closed","ping_status":"closed","template":"","meta":{"footnotes":""},"class_list":["post-1713","page","type-page","status-publish","hentry"],"_links":{"self":[{"href":"https:\/\/classedeselin.com\/index.php\/wp-json\/wp\/v2\/pages\/1713","targetHints":{"allow":["GET"]}}],"collection":[{"href":"https:\/\/classedeselin.com\/index.php\/wp-json\/wp\/v2\/pages"}],"about":[{"href":"https:\/\/classedeselin.com\/index.php\/wp-json\/wp\/v2\/types\/page"}],"author":[{"embeddable":true,"href":"https:\/\/classedeselin.com\/index.php\/wp-json\/wp\/v2\/users\/1"}],"replies":[{"embeddable":true,"href":"https:\/\/classedeselin.com\/index.php\/wp-json\/wp\/v2\/comments?post=1713"}],"version-history":[{"count":6,"href":"https:\/\/classedeselin.com\/index.php\/wp-json\/wp\/v2\/pages\/1713\/revisions"}],"predecessor-version":[{"id":2863,"href":"https:\/\/classedeselin.com\/index.php\/wp-json\/wp\/v2\/pages\/1713\/revisions\/2863"}],"up":[{"embeddable":true,"href":"https:\/\/classedeselin.com\/index.php\/wp-json\/wp\/v2\/pages\/1261"}],"wp:attachment":[{"href":"https:\/\/classedeselin.com\/index.php\/wp-json\/wp\/v2\/media?parent=1713"}],"curies":[{"name":"wp","href":"https:\/\/api.w.org\/{rel}","templated":true}]}}