{"id":1821,"date":"2024-01-05T00:51:09","date_gmt":"2024-01-04T23:51:09","guid":{"rendered":"https:\/\/classedeselin.com\/?page_id=1821"},"modified":"2024-01-08T14:33:24","modified_gmt":"2024-01-08T13:33:24","slug":"jeux-de-langage-du-docteur","status":"publish","type":"page","link":"https:\/\/classedeselin.com\/index.php\/jeux-de-langage\/jeux-langage-par-theme\/jeux-de-langage-du-docteur\/","title":{"rendered":"Jeux de langage du docteur"},"content":{"rendered":"\n<div class=\"wp-block-columns is-layout-flex wp-container-core-columns-is-layout-9d6595d7 wp-block-columns-is-layout-flex\">\n<div class=\"wp-block-column is-layout-flow wp-block-column-is-layout-flow\" style=\"flex-basis:50%\"><div class=\"wp-block-image\">\n<figure class=\"aligncenter size-large is-resized\"><img loading=\"lazy\" decoding=\"async\" width=\"1024\" height=\"1024\" src=\"https:\/\/classedeselin.com\/wp-content\/uploads\/2023\/11\/10-1024x1024.png\" alt=\"\" class=\"wp-image-1257\" style=\"width:184px;height:auto\" srcset=\"https:\/\/classedeselin.com\/wp-content\/uploads\/2023\/11\/10-1024x1024.png 1024w, https:\/\/classedeselin.com\/wp-content\/uploads\/2023\/11\/10-300x300.png 300w, https:\/\/classedeselin.com\/wp-content\/uploads\/2023\/11\/10-150x150.png 150w, https:\/\/classedeselin.com\/wp-content\/uploads\/2023\/11\/10-768x768.png 768w, https:\/\/classedeselin.com\/wp-content\/uploads\/2023\/11\/10.png 1080w\" sizes=\"auto, (max-width: 1024px) 100vw, 1024px\" \/><\/figure>\n<\/div><\/div>\n\n\n\n<div class=\"wp-block-column is-layout-flow wp-block-column-is-layout-flow\" style=\"flex-basis:50%\">\n<p>Quel enfant n&rsquo;a pas un jour envie de jouer au docteur ? Profitons de cet engouement pour ce jeu d&rsquo;imitation pour travailler les parties du corps, les instruments et m\u00e9dicaments et inciter nos \u00e9l\u00e8ves \u00e0 faire des phrases.<\/p>\n\n\n\n<p><em>Attention toutefois \u00e0 s&rsquo;assurer qu&rsquo;aucun \u00e9l\u00e8ve n&rsquo;a de \u00ab\u00a0traumatisme\u00a0\u00bb li\u00e9 \u00e0 une hospitalisation par exemple.<\/em><\/p>\n<\/div>\n<\/div>\n\n\n\n<p>Voici plusieurs  jeux de langage sur ce th\u00e8me :<\/p>\n\n\n\n<div class=\"wp-block-columns is-layout-flex wp-container-core-columns-is-layout-9d6595d7 wp-block-columns-is-layout-flex\">\n<div class=\"wp-block-column is-layout-flow wp-block-column-is-layout-flow\"><div class=\"wp-block-image\">\n<figure class=\"aligncenter size-full is-resized\"><a href=\"https:\/\/classedeselin.com\/index.php\/2020\/03\/02\/jeux-de-langage-et-porte-vues-lexique-chez-le-docteur\/\" target=\"_blank\" rel=\"noreferrer noopener\"><img loading=\"lazy\" decoding=\"async\" width=\"331\" height=\"389\" src=\"https:\/\/classedeselin.com\/wp-content\/uploads\/2024\/01\/docteur.jpg\" alt=\"\" class=\"wp-image-1828\" style=\"width:230px;height:auto\" srcset=\"https:\/\/classedeselin.com\/wp-content\/uploads\/2024\/01\/docteur.jpg 331w, https:\/\/classedeselin.com\/wp-content\/uploads\/2024\/01\/docteur-255x300.jpg 255w\" sizes=\"auto, (max-width: 331px) 100vw, 331px\" \/><\/a><\/figure>\n<\/div>\n\n\n<p class=\"has-text-align-center\" style=\"font-style:normal;font-weight:500\"><a href=\"https:\/\/classedeselin.com\/index.php\/2020\/03\/02\/jeux-de-langage-et-porte-vues-lexique-chez-le-docteur\/\" target=\"_blank\" rel=\"noreferrer noopener\"><strong>Chez le docteur<\/strong><\/a><\/p>\n\n\n\n<p class=\"has-text-align-center\"><em>Pour compl\u00e9ter le th\u00e8me du corps que je travaille \u00e9galement en d\u00e9couverte du monde, voici des jeux sur le th\u00e8me du docteur.<\/em><\/p>\n<\/div>\n\n\n\n<div class=\"wp-block-column is-layout-flow wp-block-column-is-layout-flow\"><div class=\"wp-block-image\">\n<figure class=\"aligncenter size-full is-resized\"><a href=\"https:\/\/classedeselin.com\/index.php\/2020\/03\/06\/jeux-de-langage-il-elle-est-malade\/\" target=\"_blank\" rel=\"noreferrer noopener\"><img loading=\"lazy\" decoding=\"async\" width=\"336\" height=\"372\" src=\"https:\/\/classedeselin.com\/wp-content\/uploads\/2024\/01\/malade.jpg\" alt=\"\" class=\"wp-image-1827\" style=\"width:245px;height:auto\" srcset=\"https:\/\/classedeselin.com\/wp-content\/uploads\/2024\/01\/malade.jpg 336w, https:\/\/classedeselin.com\/wp-content\/uploads\/2024\/01\/malade-271x300.jpg 271w\" sizes=\"auto, (max-width: 336px) 100vw, 336px\" \/><\/a><\/figure>\n<\/div>\n\n\n<p class=\"has-text-align-center\"><strong><a href=\"https:\/\/classedeselin.com\/index.php\/2020\/03\/06\/jeux-de-langage-il-elle-est-malade\/\" target=\"_blank\" rel=\"noreferrer noopener\">Il\/elle est malade<\/a><\/strong><\/p>\n\n\n\n<p class=\"has-text-align-center\" style=\"font-style:italic;font-weight:400\">Des jeux \u00e0 imprimer pour travailler les verbes d&rsquo;action : tousser, se moucher, avoir mal \u00e0, avoir de la fi\u00e8vre&#8230;<\/p>\n<\/div>\n\n\n\n<div class=\"wp-block-column is-layout-flow wp-block-column-is-layout-flow\"><\/div>\n<\/div>\n\n\n\n<div class=\"wp-block-columns is-layout-flex wp-container-core-columns-is-layout-9d6595d7 wp-block-columns-is-layout-flex\">\n<div class=\"wp-block-column is-layout-flow wp-block-column-is-layout-flow\" style=\"flex-basis:33.33%\">\n<figure class=\"wp-block-image size-large\"><a href=\"https:\/\/mamanluju.wordpress.com\/2019\/05\/22\/jeu-symbolique-installer-un-coin-docteur\/\" target=\"_blank\" rel=\"noreferrer noopener\"><img decoding=\"async\" src=\"https:\/\/mamanluju.files.wordpress.com\/2019\/05\/20190518_075212.jpg\" alt=\"\"\/><\/a><\/figure>\n<\/div>\n\n\n\n<div class=\"wp-block-column is-layout-flow wp-block-column-is-layout-flow\" style=\"flex-basis:66.66%\">\n<p>C&rsquo;est bien gentil de jouer \u00e0 partir de photos mais ce qui a le plus de succ\u00e8s, c&rsquo;est de jouer \u00ab\u00a0pour de vrai\u00a0\u00bb au docteur. Alors, si tu as la place dans ta salle, n&rsquo;h\u00e9site pas \u00e0 mettre en place un \u00ab\u00a0coin docteur\u00a0\u00bb avec salle d&rsquo;attente, ordonnance, fausses bo\u00eetes de m\u00e9dicaments, &#8230;<br>Le lexique est ainsi travaill\u00e9 en contexte avec l&rsquo;aide du corps, c&rsquo;est tout de suite plus concret.<\/p>\n<\/div>\n<\/div>\n\n\n\n<p>Sur le site&nbsp;<a href=\"https:\/\/mamanluju.wordpress.com\/2019\/05\/22\/jeu-symbolique-installer-un-coin-docteur\/\" target=\"_blank\" rel=\"noreferrer noopener\">Mamanluju<\/a>, tu pourras voir des exemples et elle donne plein de liens pour pouvoir imprimer des affiches, des ordonnances etc&#8230;<\/p>\n","protected":false},"excerpt":{"rendered":"<p>Quel enfant n&rsquo;a pas un jour envie de jouer au docteur ? Profitons de cet engouement pour ce jeu d&rsquo;imitation pour travailler les parties du corps, les instruments et m\u00e9dicaments et inciter nos \u00e9l\u00e8ves \u00e0 faire des phrases. Attention toutefois \u00e0 s&rsquo;assurer qu&rsquo;aucun \u00e9l\u00e8ve n&rsquo;a de \u00ab\u00a0traumatisme\u00a0\u00bb li\u00e9 \u00e0 une hospitalisation par exemple. Voici plusieurs [&hellip;]<\/p>\n","protected":false},"author":1,"featured_media":0,"parent":1261,"menu_order":3,"comment_status":"open","ping_status":"closed","template":"","meta":{"footnotes":""},"class_list":["post-1821","page","type-page","status-publish","hentry"],"_links":{"self":[{"href":"https:\/\/classedeselin.com\/index.php\/wp-json\/wp\/v2\/pages\/1821","targetHints":{"allow":["GET"]}}],"collection":[{"href":"https:\/\/classedeselin.com\/index.php\/wp-json\/wp\/v2\/pages"}],"about":[{"href":"https:\/\/classedeselin.com\/index.php\/wp-json\/wp\/v2\/types\/page"}],"author":[{"embeddable":true,"href":"https:\/\/classedeselin.com\/index.php\/wp-json\/wp\/v2\/users\/1"}],"replies":[{"embeddable":true,"href":"https:\/\/classedeselin.com\/index.php\/wp-json\/wp\/v2\/comments?post=1821"}],"version-history":[{"count":3,"href":"https:\/\/classedeselin.com\/index.php\/wp-json\/wp\/v2\/pages\/1821\/revisions"}],"predecessor-version":[{"id":1849,"href":"https:\/\/classedeselin.com\/index.php\/wp-json\/wp\/v2\/pages\/1821\/revisions\/1849"}],"up":[{"embeddable":true,"href":"https:\/\/classedeselin.com\/index.php\/wp-json\/wp\/v2\/pages\/1261"}],"wp:attachment":[{"href":"https:\/\/classedeselin.com\/index.php\/wp-json\/wp\/v2\/media?parent=1821"}],"curies":[{"name":"wp","href":"https:\/\/api.w.org\/{rel}","templated":true}]}}