{"id":2087,"date":"2024-03-19T18:31:15","date_gmt":"2024-03-19T17:31:15","guid":{"rendered":"https:\/\/classedeselin.com\/?page_id=2087"},"modified":"2024-03-24T16:06:59","modified_gmt":"2024-03-24T15:06:59","slug":"jeux-de-langage-sur-paques","status":"publish","type":"page","link":"https:\/\/classedeselin.com\/index.php\/jeux-de-langage\/jeux-langage-par-theme\/jeux-de-langage-sur-paques\/","title":{"rendered":"Jeux de langage sur P\u00e2ques"},"content":{"rendered":"\n<div class=\"wp-block-columns is-layout-flex wp-container-core-columns-is-layout-9d6595d7 wp-block-columns-is-layout-flex\">\n<div class=\"wp-block-column is-layout-flow wp-block-column-is-layout-flow\" style=\"flex-basis:50%\"><div class=\"wp-block-image\">\n<figure class=\"aligncenter size-large is-resized\"><img loading=\"lazy\" decoding=\"async\" width=\"1024\" height=\"1024\" src=\"https:\/\/classedeselin.com\/wp-content\/uploads\/2024\/03\/Design-sans-titre-1-1024x1024.png\" alt=\"\" class=\"wp-image-2089\" style=\"width:184px;height:auto\" srcset=\"https:\/\/classedeselin.com\/wp-content\/uploads\/2024\/03\/Design-sans-titre-1-1024x1024.png 1024w, https:\/\/classedeselin.com\/wp-content\/uploads\/2024\/03\/Design-sans-titre-1-300x300.png 300w, https:\/\/classedeselin.com\/wp-content\/uploads\/2024\/03\/Design-sans-titre-1-150x150.png 150w, https:\/\/classedeselin.com\/wp-content\/uploads\/2024\/03\/Design-sans-titre-1-768x768.png 768w, https:\/\/classedeselin.com\/wp-content\/uploads\/2024\/03\/Design-sans-titre-1.png 1080w\" sizes=\"auto, (max-width: 1024px) 100vw, 1024px\" \/><\/figure>\n<\/div><\/div>\n\n\n\n<div class=\"wp-block-column is-layout-flow wp-block-column-is-layout-flow\" style=\"flex-basis:50%\">\n<p>P\u00e2ques est un th\u00e8me que j&rsquo;aborde comme un fait culturel fran\u00e7ais, au travers de la chasse aux \u0153ufs. Je n&rsquo;aborde pas le c\u00f4t\u00e9 religieux.<\/p>\n<\/div>\n<\/div>\n\n\n\n<p>Pour mes \u00e9l\u00e8ves turcs, c&rsquo;est toujours un moment attendu dans l&rsquo;ann\u00e9e. Qui n&rsquo;a pas envie de travailler sur des documents color\u00e9s et surtout de chercher des \u0153ufs en chocolat ! Miam miam.<\/p>\n\n\n\n<p><\/p>\n\n\n\n<p>Je vous ferai un article sur comment j&rsquo;organise la chasse aux \u0153ufs pour en faire un vrai moment de langage en fran\u00e7ais.<\/p>\n\n\n\n<p>En attendant, voici un dossier sur les \u0153ufs de P\u00e2ques pour travailler en fran\u00e7ais sur ce th\u00e8me et ma mise en \u0153uvre de la course aux \u0153ufs pour en faire une s\u00e9ance de langage.<\/p>\n\n\n\n<div class=\"wp-block-columns is-layout-flex wp-container-core-columns-is-layout-9d6595d7 wp-block-columns-is-layout-flex\">\n<div class=\"wp-block-column is-layout-flow wp-block-column-is-layout-flow\"><div class=\"wp-block-image\">\n<figure class=\"aligncenter size-large\"><a href=\"https:\/\/classedeselin.com\/index.php\/2024\/03\/19\/les-oeufs-de-paques\/\" target=\"_blank\" rel=\"noreferrer noopener\"><img loading=\"lazy\" decoding=\"async\" width=\"1024\" height=\"1024\" src=\"https:\/\/classedeselin.com\/wp-content\/uploads\/2024\/03\/Design-sans-titre-1024x1024.png\" alt=\"\" class=\"wp-image-2074\" srcset=\"https:\/\/classedeselin.com\/wp-content\/uploads\/2024\/03\/Design-sans-titre-1024x1024.png 1024w, https:\/\/classedeselin.com\/wp-content\/uploads\/2024\/03\/Design-sans-titre-300x300.png 300w, https:\/\/classedeselin.com\/wp-content\/uploads\/2024\/03\/Design-sans-titre-150x150.png 150w, https:\/\/classedeselin.com\/wp-content\/uploads\/2024\/03\/Design-sans-titre-768x768.png 768w, https:\/\/classedeselin.com\/wp-content\/uploads\/2024\/03\/Design-sans-titre.png 1080w\" sizes=\"auto, (max-width: 1024px) 100vw, 1024px\" \/><\/a><\/figure>\n<\/div>\n\n\n<p class=\"has-text-align-center\"><a href=\"https:\/\/classedeselin.com\/index.php\/2024\/03\/19\/les-oeufs-de-paques\/\" target=\"_blank\" rel=\"noreferrer noopener\">Les \u0153ufs de P\u00e2ques<\/a><\/p>\n\n\n\n<p class=\"has-text-align-center\"><em>Les \u0153ufs de P\u00e2ques avec leurs d\u00e9corations sont un support riche pour le langage<\/em><\/p>\n<\/div>\n\n\n\n<div class=\"wp-block-column is-layout-flow wp-block-column-is-layout-flow\"><div class=\"wp-block-image\">\n<figure class=\"aligncenter size-large\"><a href=\"https:\/\/classedeselin.com\/index.php\/2024\/03\/24\/la-chasse-aux-oeufs\/\" target=\"_blank\" rel=\"noreferrer noopener\"><img loading=\"lazy\" decoding=\"async\" width=\"1024\" height=\"768\" src=\"https:\/\/classedeselin.com\/wp-content\/uploads\/2024\/03\/chasse_oeufs_flou3-1024x768.jpg\" alt=\"\" class=\"wp-image-2106\" srcset=\"https:\/\/classedeselin.com\/wp-content\/uploads\/2024\/03\/chasse_oeufs_flou3-1024x768.jpg 1024w, https:\/\/classedeselin.com\/wp-content\/uploads\/2024\/03\/chasse_oeufs_flou3-300x225.jpg 300w, https:\/\/classedeselin.com\/wp-content\/uploads\/2024\/03\/chasse_oeufs_flou3-768x576.jpg 768w, https:\/\/classedeselin.com\/wp-content\/uploads\/2024\/03\/chasse_oeufs_flou3-1536x1152.jpg 1536w, https:\/\/classedeselin.com\/wp-content\/uploads\/2024\/03\/chasse_oeufs_flou3-2048x1536.jpg 2048w\" sizes=\"auto, (max-width: 1024px) 100vw, 1024px\" \/><\/a><\/figure>\n<\/div>\n\n\n<p class=\"has-text-align-center\"><a href=\"https:\/\/classedeselin.com\/index.php\/2024\/03\/24\/la-chasse-aux-oeufs\/\" target=\"_blank\" rel=\"noreferrer noopener\">La chasse aux \u0153ufs<\/a> <br><em>comme s\u00e9ance de langage<\/em><\/p>\n<\/div>\n\n\n\n<div class=\"wp-block-column is-layout-flow wp-block-column-is-layout-flow\"><\/div>\n<\/div>\n","protected":false},"excerpt":{"rendered":"<p>P\u00e2ques est un th\u00e8me que j&rsquo;aborde comme un fait culturel fran\u00e7ais, au travers de la chasse aux \u0153ufs. Je n&rsquo;aborde pas le c\u00f4t\u00e9 religieux. Pour mes \u00e9l\u00e8ves turcs, c&rsquo;est toujours un moment attendu dans l&rsquo;ann\u00e9e. Qui n&rsquo;a pas envie de travailler sur des documents color\u00e9s et surtout de chercher des \u0153ufs en chocolat ! Miam [&hellip;]<\/p>\n","protected":false},"author":1,"featured_media":0,"parent":1261,"menu_order":6,"comment_status":"closed","ping_status":"closed","template":"","meta":{"footnotes":""},"class_list":["post-2087","page","type-page","status-publish","hentry"],"_links":{"self":[{"href":"https:\/\/classedeselin.com\/index.php\/wp-json\/wp\/v2\/pages\/2087","targetHints":{"allow":["GET"]}}],"collection":[{"href":"https:\/\/classedeselin.com\/index.php\/wp-json\/wp\/v2\/pages"}],"about":[{"href":"https:\/\/classedeselin.com\/index.php\/wp-json\/wp\/v2\/types\/page"}],"author":[{"embeddable":true,"href":"https:\/\/classedeselin.com\/index.php\/wp-json\/wp\/v2\/users\/1"}],"replies":[{"embeddable":true,"href":"https:\/\/classedeselin.com\/index.php\/wp-json\/wp\/v2\/comments?post=2087"}],"version-history":[{"count":6,"href":"https:\/\/classedeselin.com\/index.php\/wp-json\/wp\/v2\/pages\/2087\/revisions"}],"predecessor-version":[{"id":2114,"href":"https:\/\/classedeselin.com\/index.php\/wp-json\/wp\/v2\/pages\/2087\/revisions\/2114"}],"up":[{"embeddable":true,"href":"https:\/\/classedeselin.com\/index.php\/wp-json\/wp\/v2\/pages\/1261"}],"wp:attachment":[{"href":"https:\/\/classedeselin.com\/index.php\/wp-json\/wp\/v2\/media?parent=2087"}],"curies":[{"name":"wp","href":"https:\/\/api.w.org\/{rel}","templated":true}]}}