{"id":2234,"date":"2024-05-05T22:14:52","date_gmt":"2024-05-05T20:14:52","guid":{"rendered":"https:\/\/classedeselin.com\/?page_id=2234"},"modified":"2024-05-12T18:31:29","modified_gmt":"2024-05-12T16:31:29","slug":"la-maison","status":"publish","type":"page","link":"https:\/\/classedeselin.com\/index.php\/jeux-de-langage\/jeux-langage-par-theme\/la-maison\/","title":{"rendered":"La maison"},"content":{"rendered":"\n<div class=\"wp-block-columns is-layout-flex wp-container-core-columns-is-layout-9d6595d7 wp-block-columns-is-layout-flex\">\n<div class=\"wp-block-column is-layout-flow wp-block-column-is-layout-flow\" style=\"flex-basis:50%\"><div class=\"wp-block-image\">\n<figure class=\"aligncenter size-large is-resized\"><img loading=\"lazy\" decoding=\"async\" width=\"1024\" height=\"1024\" src=\"https:\/\/classedeselin.com\/wp-content\/uploads\/2023\/11\/maisons-de-sorciere-1-1024x1024.png\" alt=\"\" class=\"wp-image-1224\" style=\"width:226px;height:auto\" srcset=\"https:\/\/classedeselin.com\/wp-content\/uploads\/2023\/11\/maisons-de-sorciere-1-1024x1024.png 1024w, https:\/\/classedeselin.com\/wp-content\/uploads\/2023\/11\/maisons-de-sorciere-1-300x300.png 300w, https:\/\/classedeselin.com\/wp-content\/uploads\/2023\/11\/maisons-de-sorciere-1-150x150.png 150w, https:\/\/classedeselin.com\/wp-content\/uploads\/2023\/11\/maisons-de-sorciere-1-768x768.png 768w, https:\/\/classedeselin.com\/wp-content\/uploads\/2023\/11\/maisons-de-sorciere-1.png 1080w\" sizes=\"auto, (max-width: 1024px) 100vw, 1024px\" \/><\/figure>\n<\/div><\/div>\n\n\n\n<div class=\"wp-block-column is-layout-flow wp-block-column-is-layout-flow\" style=\"flex-basis:50%\">\n<p>Le lexique de la maison est un \u00ab\u00a0classique\u00a0\u00bb de l&rsquo;enseignement du fran\u00e7ais car ce sont des mots utilis\u00e9s tous les jours.<br>Cependant, je me suis rendue compte qu&rsquo;un certain nombre d&rsquo;enfants (y compris chez mes CM1) n&rsquo;avaient pas ce lexique \u00ab\u00a0de base\u00a0\u00bb.<\/p>\n<\/div>\n<\/div>\n\n\n\n<p>Voici donc quelques jeux sur ce th\u00e8me !<\/p>\n\n\n\n<div class=\"wp-block-columns is-layout-flex wp-container-core-columns-is-layout-9d6595d7 wp-block-columns-is-layout-flex\">\n<div class=\"wp-block-column is-layout-flow wp-block-column-is-layout-flow\"><div class=\"wp-block-image\">\n<figure class=\"aligncenter size-large\"><img loading=\"lazy\" decoding=\"async\" width=\"1024\" height=\"1024\" src=\"https:\/\/classedeselin.com\/wp-content\/uploads\/2024\/05\/salon-1024x1024.png\" alt=\"\" class=\"wp-image-2256\" srcset=\"https:\/\/classedeselin.com\/wp-content\/uploads\/2024\/05\/salon-1024x1024.png 1024w, https:\/\/classedeselin.com\/wp-content\/uploads\/2024\/05\/salon-300x300.png 300w, https:\/\/classedeselin.com\/wp-content\/uploads\/2024\/05\/salon-150x150.png 150w, https:\/\/classedeselin.com\/wp-content\/uploads\/2024\/05\/salon-768x768.png 768w, https:\/\/classedeselin.com\/wp-content\/uploads\/2024\/05\/salon.png 1080w\" sizes=\"auto, (max-width: 1024px) 100vw, 1024px\" \/><\/figure>\n<\/div>\n\n\n<p class=\"has-text-align-center\" style=\"font-style:normal;font-weight:500\"><strong><mark style=\"background-color:rgba(0, 0, 0, 0)\" class=\"has-inline-color has-vivid-cyan-blue-color\">Les pi\u00e8ces de la maison<\/mark><\/strong><br><em>Mise \u00e0 jour en cours&#8230;<\/em><br><a href=\"https:\/\/classedeselin.com\/index.php\/2020\/04\/27\/jeux-de-langage-les-pieces-de-la-maison\/\" target=\"_blank\" rel=\"noreferrer noopener\">Jeux<\/a> <br><a href=\"https:\/\/classedeselin.com\/index.php\/2020\/03\/22\/livres-numeriques-sur-les-pieces-de-la-maison\/\" target=\"_blank\" rel=\"noreferrer noopener\">Livres num\u00e9riques<\/a><\/p>\n\n\n\n<p class=\"has-text-align-center\"><\/p>\n<\/div>\n\n\n\n<div class=\"wp-block-column is-layout-flow wp-block-column-is-layout-flow\"><div class=\"wp-block-image\">\n<figure class=\"aligncenter size-large\"><a href=\"https:\/\/classedeselin.com\/index.php\/2020\/05\/23\/jeux-de-langage-les-actions-dans-la-maison\/\" target=\"_blank\" rel=\"noreferrer noopener\"><img loading=\"lazy\" decoding=\"async\" width=\"1024\" height=\"1024\" src=\"https:\/\/classedeselin.com\/wp-content\/uploads\/2024\/05\/actions_cuisine-1024x1024.png\" alt=\"\" class=\"wp-image-2254\" srcset=\"https:\/\/classedeselin.com\/wp-content\/uploads\/2024\/05\/actions_cuisine-1024x1024.png 1024w, https:\/\/classedeselin.com\/wp-content\/uploads\/2024\/05\/actions_cuisine-300x300.png 300w, https:\/\/classedeselin.com\/wp-content\/uploads\/2024\/05\/actions_cuisine-150x150.png 150w, https:\/\/classedeselin.com\/wp-content\/uploads\/2024\/05\/actions_cuisine-768x768.png 768w, https:\/\/classedeselin.com\/wp-content\/uploads\/2024\/05\/actions_cuisine.png 1080w\" sizes=\"auto, (max-width: 1024px) 100vw, 1024px\" \/><\/a><\/figure>\n<\/div>\n\n\n<p class=\"has-text-align-center\"><strong><a href=\"https:\/\/classedeselin.com\/index.php\/2020\/05\/23\/jeux-de-langage-les-actions-dans-la-maison\/\" target=\"_blank\" rel=\"noreferrer noopener\">Les actions dans la maison<\/a><\/strong><\/p>\n\n\n\n<p class=\"has-text-align-center\" style=\"font-style:italic;font-weight:400\">Quelques jeux pour travailler les verbes d&rsquo;action dans les diff\u00e9rentes pi\u00e8ces de la maison<\/p>\n<\/div>\n\n\n\n<div class=\"wp-block-column is-layout-flow wp-block-column-is-layout-flow\"><div class=\"wp-block-image\">\n<figure class=\"aligncenter size-large\"><img loading=\"lazy\" decoding=\"async\" width=\"1024\" height=\"1024\" src=\"https:\/\/classedeselin.com\/wp-content\/uploads\/2024\/05\/sdb-1024x1024.png\" alt=\"\" class=\"wp-image-2253\" srcset=\"https:\/\/classedeselin.com\/wp-content\/uploads\/2024\/05\/sdb-1024x1024.png 1024w, https:\/\/classedeselin.com\/wp-content\/uploads\/2024\/05\/sdb-300x300.png 300w, https:\/\/classedeselin.com\/wp-content\/uploads\/2024\/05\/sdb-150x150.png 150w, https:\/\/classedeselin.com\/wp-content\/uploads\/2024\/05\/sdb-768x768.png 768w, https:\/\/classedeselin.com\/wp-content\/uploads\/2024\/05\/sdb.png 1080w\" sizes=\"auto, (max-width: 1024px) 100vw, 1024px\" \/><\/figure>\n<\/div>\n\n\n<p class=\"has-text-align-center\"><strong>Les objets de la maison<\/strong><br>Mise \u00e0 jour en cours&#8230;<br><a href=\"https:\/\/classedeselin.com\/index.php\/2020\/12\/30\/jeux-de-langage-sur-les-objets-de-la-cuisine\/\" target=\"_blank\" rel=\"noreferrer noopener\">Les objets de la cuisine<\/a><br><a href=\"https:\/\/classedeselin.com\/index.php\/2021\/10\/09\/jeux-de-langage-sur-les-objets-de-la-chambre\/\" target=\"_blank\" rel=\"noreferrer noopener\">Les objets de la chambre<\/a><br><a href=\"https:\/\/classedeselin.com\/index.php\/2021\/11\/26\/jouons-avec-les-objets-de-la-salle-de-bain\/\" target=\"_blank\" rel=\"noreferrer noopener\">Les objets de la salle de bain<\/a><br><a href=\"https:\/\/classedeselin.com\/index.php\/2021\/10\/25\/jeux-de-langage-sur-les-objets-et-meubles-du-salon\/\" target=\"_blank\" rel=\"noreferrer noopener\">Les objets du salon<\/a><\/p>\n\n\n\n<p><\/p>\n<\/div>\n<\/div>\n\n\n\n<p>Sur le th\u00e8me de la maison \u00e9galement :<\/p>\n\n\n\n<div class=\"wp-block-columns is-layout-flex wp-container-core-columns-is-layout-9d6595d7 wp-block-columns-is-layout-flex\">\n<div class=\"wp-block-column is-layout-flow wp-block-column-is-layout-flow\">\n<p class=\"has-text-align-center\"><a href=\"https:\/\/classedeselin.com\/index.php\/albums\/selection-par-theme\/albums-maison\/\" target=\"_blank\" rel=\"noreferrer noopener\">Des albums sur le th\u00e8me <br>de la maison<\/a><\/p>\n<\/div>\n\n\n\n<div class=\"wp-block-column is-layout-flow wp-block-column-is-layout-flow\"><div class=\"wp-block-image\">\n<figure class=\"aligncenter size-full\"><a href=\"https:\/\/classedeselin.com\/index.php\/2024\/05\/12\/la-chambre-de-van-gogh\/\" target=\"_blank\" rel=\"noreferrer noopener\"><img loading=\"lazy\" decoding=\"async\" width=\"900\" height=\"702\" src=\"https:\/\/classedeselin.com\/wp-content\/uploads\/2024\/05\/vangogh-chambre.jpg\" alt=\"\" class=\"wp-image-2275\" srcset=\"https:\/\/classedeselin.com\/wp-content\/uploads\/2024\/05\/vangogh-chambre.jpg 900w, https:\/\/classedeselin.com\/wp-content\/uploads\/2024\/05\/vangogh-chambre-300x234.jpg 300w, https:\/\/classedeselin.com\/wp-content\/uploads\/2024\/05\/vangogh-chambre-768x599.jpg 768w\" sizes=\"auto, (max-width: 900px) 100vw, 900px\" \/><\/a><\/figure>\n<\/div>\n\n\n<p class=\"has-text-align-center\"><a href=\"https:\/\/classedeselin.com\/index.php\/2024\/05\/12\/la-chambre-de-van-gogh\/\" target=\"_blank\" rel=\"noreferrer noopener\">La chambre de Van Gogh<\/a> <br><em>Des diaporamas et des cartes pour travailler le lexique de la chambre mais aussi la phrase simple avec des verbes d\u2019action.<\/em><\/p>\n<\/div>\n\n\n\n<div class=\"wp-block-column is-layout-flow wp-block-column-is-layout-flow\"><\/div>\n<\/div>\n","protected":false},"excerpt":{"rendered":"<p>Le lexique de la maison est un \u00ab\u00a0classique\u00a0\u00bb de l&rsquo;enseignement du fran\u00e7ais car ce sont des mots utilis\u00e9s tous les jours.Cependant, je me suis rendue compte qu&rsquo;un certain nombre d&rsquo;enfants (y compris chez mes CM1) n&rsquo;avaient pas ce lexique \u00ab\u00a0de base\u00a0\u00bb. Voici donc quelques jeux sur ce th\u00e8me ! Les pi\u00e8ces de la maisonMise \u00e0 [&hellip;]<\/p>\n","protected":false},"author":1,"featured_media":0,"parent":1261,"menu_order":5,"comment_status":"closed","ping_status":"closed","template":"","meta":{"footnotes":""},"class_list":["post-2234","page","type-page","status-publish","hentry"],"_links":{"self":[{"href":"https:\/\/classedeselin.com\/index.php\/wp-json\/wp\/v2\/pages\/2234","targetHints":{"allow":["GET"]}}],"collection":[{"href":"https:\/\/classedeselin.com\/index.php\/wp-json\/wp\/v2\/pages"}],"about":[{"href":"https:\/\/classedeselin.com\/index.php\/wp-json\/wp\/v2\/types\/page"}],"author":[{"embeddable":true,"href":"https:\/\/classedeselin.com\/index.php\/wp-json\/wp\/v2\/users\/1"}],"replies":[{"embeddable":true,"href":"https:\/\/classedeselin.com\/index.php\/wp-json\/wp\/v2\/comments?post=2234"}],"version-history":[{"count":5,"href":"https:\/\/classedeselin.com\/index.php\/wp-json\/wp\/v2\/pages\/2234\/revisions"}],"predecessor-version":[{"id":2314,"href":"https:\/\/classedeselin.com\/index.php\/wp-json\/wp\/v2\/pages\/2234\/revisions\/2314"}],"up":[{"embeddable":true,"href":"https:\/\/classedeselin.com\/index.php\/wp-json\/wp\/v2\/pages\/1261"}],"wp:attachment":[{"href":"https:\/\/classedeselin.com\/index.php\/wp-json\/wp\/v2\/media?parent=2234"}],"curies":[{"name":"wp","href":"https:\/\/api.w.org\/{rel}","templated":true}]}}