{"id":2906,"date":"2025-02-28T17:05:00","date_gmt":"2025-02-28T16:05:00","guid":{"rendered":"https:\/\/classedeselin.com\/?page_id=2906"},"modified":"2025-03-10T13:59:34","modified_gmt":"2025-03-10T12:59:34","slug":"semaine-de-la-francophonie","status":"publish","type":"page","link":"https:\/\/classedeselin.com\/index.php\/semaine-de-la-francophonie\/","title":{"rendered":"Semaine de la Francophonie"},"content":{"rendered":"\n<div class=\"wp-block-columns is-layout-flex wp-container-core-columns-is-layout-9d6595d7 wp-block-columns-is-layout-flex\">\n<div class=\"wp-block-column is-layout-flow wp-block-column-is-layout-flow\" style=\"flex-basis:33.33%\"><div class=\"wp-block-image\">\n<figure class=\"aligncenter size-large is-resized\"><img loading=\"lazy\" decoding=\"async\" width=\"1024\" height=\"1015\" src=\"https:\/\/classedeselin.com\/wp-content\/uploads\/2025\/02\/logo_francophonie-1024x1015.png\" alt=\"\" class=\"wp-image-2907\" style=\"width:185px;height:auto\" srcset=\"https:\/\/classedeselin.com\/wp-content\/uploads\/2025\/02\/logo_francophonie-1024x1015.png 1024w, https:\/\/classedeselin.com\/wp-content\/uploads\/2025\/02\/logo_francophonie-300x297.png 300w, https:\/\/classedeselin.com\/wp-content\/uploads\/2025\/02\/logo_francophonie-150x150.png 150w, https:\/\/classedeselin.com\/wp-content\/uploads\/2025\/02\/logo_francophonie-768x761.png 768w, https:\/\/classedeselin.com\/wp-content\/uploads\/2025\/02\/logo_francophonie.png 1200w\" sizes=\"auto, (max-width: 1024px) 100vw, 1024px\" \/><\/figure>\n<\/div><\/div>\n\n\n\n<div class=\"wp-block-column is-vertically-aligned-center is-layout-flow wp-block-column-is-layout-flow\" style=\"flex-basis:66.66%\">\n<p>Tous les ans au mois de mars se d\u00e9roule la <strong><mark style=\"background-color:rgba(0, 0, 0, 0)\" class=\"has-inline-color has-vivid-cyan-blue-color\">Semaine de la Francophonie<\/mark><\/strong>. Moment phare de l&rsquo;ann\u00e9e pour f\u00eater la langue fran\u00e7aise et les personnes qui la parlent partout dans le monde.<br>Petit coucou \u00e0 nos amis belges, suisse, qu\u00e9b\u00e9cois, &#8230; et tant d&rsquo;autres !<\/p>\n<\/div>\n<\/div>\n\n\n\n<p>Il n&rsquo;est pas toujours facile de proposer des activit\u00e9s int\u00e9ressantes aux plus jeunes (maternelle, CP-CE1&#8230;.). En voici quelques-unes que j&rsquo;ai test\u00e9es dans ma classe. Pour mes \u00e9l\u00e8ves qui vivaient en Turquie, je suis rest\u00e9e uniquement sur le th\u00e8me de la France, mais tout ce que je te pr\u00e9sente est transposable \u00e0 d&rsquo;autres pays.<\/p>\n\n\n\n<p class=\"has-medium-font-size\"><strong><mark style=\"background-color:#8ed1fc\" class=\"has-inline-color has-vivid-cyan-blue-color\">Des activit\u00e9s qui ne demandent quasiment pas de pr\u00e9paration\/ mat\u00e9riel :<\/mark><\/strong><\/p>\n\n\n\n<div class=\"wp-block-columns is-layout-flex wp-container-core-columns-is-layout-9d6595d7 wp-block-columns-is-layout-flex\">\n<div class=\"wp-block-column is-layout-flow wp-block-column-is-layout-flow\" style=\"flex-basis:25%\"><div class=\"wp-block-image\">\n<figure class=\"aligncenter size-full\"><img loading=\"lazy\" decoding=\"async\" width=\"591\" height=\"598\" src=\"https:\/\/classedeselin.com\/wp-content\/uploads\/2025\/02\/drapeau_humain1.png\" alt=\"\" class=\"wp-image-2908\" srcset=\"https:\/\/classedeselin.com\/wp-content\/uploads\/2025\/02\/drapeau_humain1.png 591w, https:\/\/classedeselin.com\/wp-content\/uploads\/2025\/02\/drapeau_humain1-296x300.png 296w\" sizes=\"auto, (max-width: 591px) 100vw, 591px\" \/><\/figure>\n<\/div><\/div>\n\n\n\n<div class=\"wp-block-column is-vertically-aligned-center is-layout-flow wp-block-column-is-layout-flow\" style=\"flex-basis:50%\">\n<p>Demander aux \u00e9l\u00e8ves de s&rsquo;habiller aux couleurs du drapeau choisi (ici drapeau fran\u00e7ais) pour former des \u00ab\u00a0drapeaux humains\u00a0\u00bb collectifs ou individuels.<\/p>\n<\/div>\n\n\n\n<div class=\"wp-block-column is-layout-flow wp-block-column-is-layout-flow\" style=\"flex-basis:25%\"><div class=\"wp-block-image\">\n<figure class=\"aligncenter size-full\"><img loading=\"lazy\" decoding=\"async\" width=\"452\" height=\"538\" src=\"https:\/\/classedeselin.com\/wp-content\/uploads\/2025\/02\/drapeau_humain2.png\" alt=\"\" class=\"wp-image-2909\" srcset=\"https:\/\/classedeselin.com\/wp-content\/uploads\/2025\/02\/drapeau_humain2.png 452w, https:\/\/classedeselin.com\/wp-content\/uploads\/2025\/02\/drapeau_humain2-252x300.png 252w\" sizes=\"auto, (max-width: 452px) 100vw, 452px\" \/><\/figure>\n<\/div><\/div>\n<\/div>\n\n\n\n<div class=\"wp-block-columns is-layout-flex wp-container-core-columns-is-layout-9d6595d7 wp-block-columns-is-layout-flex\">\n<div class=\"wp-block-column is-layout-flow wp-block-column-is-layout-flow\"><div class=\"wp-block-image\">\n<figure class=\"aligncenter size-large\"><img loading=\"lazy\" decoding=\"async\" width=\"1024\" height=\"768\" src=\"https:\/\/classedeselin.com\/wp-content\/uploads\/2025\/02\/20181109_111039-1024x768.jpg\" alt=\"\" class=\"wp-image-2910\" srcset=\"https:\/\/classedeselin.com\/wp-content\/uploads\/2025\/02\/20181109_111039-1024x768.jpg 1024w, https:\/\/classedeselin.com\/wp-content\/uploads\/2025\/02\/20181109_111039-300x225.jpg 300w, https:\/\/classedeselin.com\/wp-content\/uploads\/2025\/02\/20181109_111039-768x576.jpg 768w, https:\/\/classedeselin.com\/wp-content\/uploads\/2025\/02\/20181109_111039-1536x1152.jpg 1536w, https:\/\/classedeselin.com\/wp-content\/uploads\/2025\/02\/20181109_111039-2048x1536.jpg 2048w\" sizes=\"auto, (max-width: 1024px) 100vw, 1024px\" \/><\/figure>\n<\/div><\/div>\n\n\n\n<div class=\"wp-block-column is-layout-flow wp-block-column-is-layout-flow\"><div class=\"wp-block-image\">\n<figure class=\"aligncenter size-large is-resized\"><img loading=\"lazy\" decoding=\"async\" width=\"768\" height=\"1024\" src=\"https:\/\/classedeselin.com\/wp-content\/uploads\/2025\/02\/20181115_134325-768x1024.jpg\" alt=\"\" class=\"wp-image-2911\" style=\"width:155px;height:auto\" srcset=\"https:\/\/classedeselin.com\/wp-content\/uploads\/2025\/02\/20181115_134325-768x1024.jpg 768w, https:\/\/classedeselin.com\/wp-content\/uploads\/2025\/02\/20181115_134325-225x300.jpg 225w, https:\/\/classedeselin.com\/wp-content\/uploads\/2025\/02\/20181115_134325-1152x1536.jpg 1152w, https:\/\/classedeselin.com\/wp-content\/uploads\/2025\/02\/20181115_134325-1536x2048.jpg 1536w, https:\/\/classedeselin.com\/wp-content\/uploads\/2025\/02\/20181115_134325-scaled.jpg 1920w\" sizes=\"auto, (max-width: 768px) 100vw, 768px\" \/><\/figure>\n<\/div><\/div>\n\n\n\n<div class=\"wp-block-column is-layout-flow wp-block-column-is-layout-flow\"><div class=\"wp-block-image\">\n<figure class=\"aligncenter size-large is-resized\"><img loading=\"lazy\" decoding=\"async\" width=\"768\" height=\"1024\" src=\"https:\/\/classedeselin.com\/wp-content\/uploads\/2025\/02\/20181109_110818-768x1024.jpg\" alt=\"\" class=\"wp-image-2912\" style=\"width:155px;height:auto\" srcset=\"https:\/\/classedeselin.com\/wp-content\/uploads\/2025\/02\/20181109_110818-768x1024.jpg 768w, https:\/\/classedeselin.com\/wp-content\/uploads\/2025\/02\/20181109_110818-225x300.jpg 225w, https:\/\/classedeselin.com\/wp-content\/uploads\/2025\/02\/20181109_110818-1152x1536.jpg 1152w, https:\/\/classedeselin.com\/wp-content\/uploads\/2025\/02\/20181109_110818-1536x2048.jpg 1536w, https:\/\/classedeselin.com\/wp-content\/uploads\/2025\/02\/20181109_110818-scaled.jpg 1920w\" sizes=\"auto, (max-width: 768px) 100vw, 768px\" \/><\/figure>\n<\/div><\/div>\n<\/div>\n\n\n\n<div class=\"wp-block-columns is-layout-flex wp-container-core-columns-is-layout-9d6595d7 wp-block-columns-is-layout-flex\">\n<div class=\"wp-block-column is-layout-flow wp-block-column-is-layout-flow\" style=\"flex-basis:25%\"><div class=\"wp-block-image\">\n<figure class=\"aligncenter size-large\"><img loading=\"lazy\" decoding=\"async\" width=\"768\" height=\"1024\" src=\"https:\/\/classedeselin.com\/wp-content\/uploads\/2025\/02\/20181115_134239-768x1024.jpg\" alt=\"\" class=\"wp-image-2913\" srcset=\"https:\/\/classedeselin.com\/wp-content\/uploads\/2025\/02\/20181115_134239-768x1024.jpg 768w, https:\/\/classedeselin.com\/wp-content\/uploads\/2025\/02\/20181115_134239-225x300.jpg 225w, https:\/\/classedeselin.com\/wp-content\/uploads\/2025\/02\/20181115_134239-1152x1536.jpg 1152w, https:\/\/classedeselin.com\/wp-content\/uploads\/2025\/02\/20181115_134239-1536x2048.jpg 1536w, https:\/\/classedeselin.com\/wp-content\/uploads\/2025\/02\/20181115_134239-scaled.jpg 1920w\" sizes=\"auto, (max-width: 768px) 100vw, 768px\" \/><\/figure>\n<\/div><\/div>\n\n\n\n<div class=\"wp-block-column is-vertically-aligned-center is-layout-flow wp-block-column-is-layout-flow\" style=\"flex-basis:50%\">\n<p class=\"has-text-align-center\">R\u00e9colter tout type de petits objets non utilis\u00e9s \u00e0 l&rsquo;\u00e9cole ou \u00e0 la maison aux couleurs des drapeaux pour les recycler en drapeaux collectifs<br><em>( Bouchons de feutres ou de bouteilles, couverts en plastiques, pompons, pailles, morceaux de tissu&#8230;.)<\/em><\/p>\n<\/div>\n\n\n\n<div class=\"wp-block-column is-layout-flow wp-block-column-is-layout-flow\" style=\"flex-basis:25%\"><div class=\"wp-block-image\">\n<figure class=\"aligncenter size-large\"><img loading=\"lazy\" decoding=\"async\" width=\"768\" height=\"1024\" src=\"https:\/\/classedeselin.com\/wp-content\/uploads\/2025\/02\/20181116_100907-768x1024.jpg\" alt=\"\" class=\"wp-image-2914\" srcset=\"https:\/\/classedeselin.com\/wp-content\/uploads\/2025\/02\/20181116_100907-768x1024.jpg 768w, https:\/\/classedeselin.com\/wp-content\/uploads\/2025\/02\/20181116_100907-225x300.jpg 225w, https:\/\/classedeselin.com\/wp-content\/uploads\/2025\/02\/20181116_100907-1152x1536.jpg 1152w, https:\/\/classedeselin.com\/wp-content\/uploads\/2025\/02\/20181116_100907-1536x2048.jpg 1536w, https:\/\/classedeselin.com\/wp-content\/uploads\/2025\/02\/20181116_100907-scaled.jpg 1920w\" sizes=\"auto, (max-width: 768px) 100vw, 768px\" \/><\/figure>\n<\/div><\/div>\n<\/div>\n\n\n\n<p><strong><mark style=\"background-color:#8ed1fc\" class=\"has-inline-color has-vivid-cyan-blue-color\">Des activit\u00e9s toutes pr\u00eates sur la culture fran\u00e7aise :<\/mark><\/strong><\/p>\n\n\n\n<div class=\"wp-block-columns is-layout-flex wp-container-core-columns-is-layout-9d6595d7 wp-block-columns-is-layout-flex\">\n<div class=\"wp-block-column is-layout-flow wp-block-column-is-layout-flow\" style=\"flex-basis:33.33%\"><div class=\"wp-block-image\">\n<figure class=\"aligncenter size-large is-resized\"><img loading=\"lazy\" decoding=\"async\" width=\"1024\" height=\"1024\" src=\"https:\/\/classedeselin.com\/wp-content\/uploads\/2025\/03\/viennoiseries-1024x1024.png\" alt=\"\" class=\"wp-image-2922\" style=\"width:235px;height:auto\" srcset=\"https:\/\/classedeselin.com\/wp-content\/uploads\/2025\/03\/viennoiseries-1024x1024.png 1024w, https:\/\/classedeselin.com\/wp-content\/uploads\/2025\/03\/viennoiseries-300x300.png 300w, https:\/\/classedeselin.com\/wp-content\/uploads\/2025\/03\/viennoiseries-150x150.png 150w, https:\/\/classedeselin.com\/wp-content\/uploads\/2025\/03\/viennoiseries-768x768.png 768w, https:\/\/classedeselin.com\/wp-content\/uploads\/2025\/03\/viennoiseries.png 1080w\" sizes=\"auto, (max-width: 1024px) 100vw, 1024px\" \/><\/figure>\n<\/div><\/div>\n\n\n\n<div class=\"wp-block-column is-vertically-aligned-center is-layout-flow wp-block-column-is-layout-flow\" style=\"flex-basis:66.66%\">\n<p class=\"has-text-align-center\">Une autre fa\u00e7on d&rsquo;aborder cette semaine de la Francophonie, c&rsquo;est de parler de la gastronomie. Dans cette optique, je te propose un <strong><a href=\"https:\/\/clineandrieu.podia.com\/viennoiseries-et-patisseries\" target=\"_blank\" rel=\"noreferrer noopener\">dossier complet sur les viennoiseries et p\u00e2tisseries.<\/a><\/strong> <\/p>\n<\/div>\n<\/div>\n\n\n\n<div class=\"wp-block-columns is-layout-flex wp-container-core-columns-is-layout-9d6595d7 wp-block-columns-is-layout-flex\">\n<div class=\"wp-block-column is-layout-flow wp-block-column-is-layout-flow\" style=\"flex-basis:25%\"><div class=\"wp-block-image\">\n<figure class=\"aligncenter size-large\"><img loading=\"lazy\" decoding=\"async\" width=\"1024\" height=\"724\" src=\"https:\/\/classedeselin.com\/wp-content\/uploads\/2025\/03\/3-1024x724.png\" alt=\"\" class=\"wp-image-2924\" srcset=\"https:\/\/classedeselin.com\/wp-content\/uploads\/2025\/03\/3-1024x724.png 1024w, https:\/\/classedeselin.com\/wp-content\/uploads\/2025\/03\/3-300x212.png 300w, https:\/\/classedeselin.com\/wp-content\/uploads\/2025\/03\/3-768x543.png 768w, https:\/\/classedeselin.com\/wp-content\/uploads\/2025\/03\/3-1536x1086.png 1536w, https:\/\/classedeselin.com\/wp-content\/uploads\/2025\/03\/3.png 2000w\" sizes=\"auto, (max-width: 1024px) 100vw, 1024px\" \/><\/figure>\n<\/div><\/div>\n\n\n\n<div class=\"wp-block-column is-vertically-aligned-center is-layout-flow wp-block-column-is-layout-flow\" style=\"flex-basis:50%\">\n<p class=\"has-text-align-center\">Il est d\u00e9compos\u00e9 en trois niveaux de difficult\u00e9 du lexique : des viennoiseries les plus courantes aux moins connues. Il est donc accessible \u00e0 tous : des d\u00e9butants aux avanc\u00e9s, enfant ou adulte. Il comporte une vingtaine de documents actuellement.<\/p>\n<\/div>\n\n\n\n<div class=\"wp-block-column is-layout-flow wp-block-column-is-layout-flow\" style=\"flex-basis:25%\"><div class=\"wp-block-image\">\n<figure class=\"aligncenter size-large is-resized\"><img loading=\"lazy\" decoding=\"async\" width=\"724\" height=\"1024\" src=\"https:\/\/classedeselin.com\/wp-content\/uploads\/2025\/03\/1-724x1024.png\" alt=\"\" class=\"wp-image-2937\" style=\"width:159px;height:auto\" srcset=\"https:\/\/classedeselin.com\/wp-content\/uploads\/2025\/03\/1-724x1024.png 724w, https:\/\/classedeselin.com\/wp-content\/uploads\/2025\/03\/1-212x300.png 212w, https:\/\/classedeselin.com\/wp-content\/uploads\/2025\/03\/1-768x1086.png 768w, https:\/\/classedeselin.com\/wp-content\/uploads\/2025\/03\/1-1086x1536.png 1086w, https:\/\/classedeselin.com\/wp-content\/uploads\/2025\/03\/1.png 1414w\" sizes=\"auto, (max-width: 724px) 100vw, 724px\" \/><\/figure>\n<\/div><\/div>\n<\/div>\n\n\n\n<p>En plus du lexique riche, tu pourras travailler avec tes \u00e9l\u00e8ves la structure de la phrase simple \u00ab\u00a0Il mange + compl\u00e9ment\u00a0\u00bb, le choix du pronom personnel sujet (il\/elle\/ils\/elles), la construction de phrases simples (pronom + verbe+ COD). pour cela, tu disposeras de jeux \u00e0 jouer en petits groupes ou en duo, de mat\u00e9riel pour commander des viennoiseries comme dans un salon de th\u00e9&#8230;<\/p>\n\n\n\n<div class=\"wp-block-buttons is-content-justification-center is-layout-flex wp-container-core-buttons-is-layout-16018d1d wp-block-buttons-is-layout-flex\">\n<div class=\"wp-block-button\"><a class=\"wp-block-button__link has-vivid-cyan-blue-background-color has-background wp-element-button\" href=\"https:\/\/classedeselin.com\/index.php\/2025\/03\/08\/viennoiseries-et-patisseries\/\" target=\"_blank\" rel=\"noreferrer noopener\">En savoir plus<\/a><\/div>\n<\/div>\n\n\n\n<p><strong><mark style=\"background-color:#8ed1fc\" class=\"has-inline-color has-vivid-cyan-blue-color\">Des activit\u00e9s physiques :<\/mark><\/strong><\/p>\n\n\n\n<p>Comme tu le sais, nos chers \u00e9l\u00e8ves ont besoin de bouger dans la journ\u00e9e, alors pourquoi ne pas profiter de ces moments aussi m\u00e9moriser du lexique ?  L&rsquo;activit\u00e9 physique aide \u00e0 la m\u00e9morisation et les \u00e9l\u00e8ves sont d&rsquo;autant plus motiv\u00e9s qu&rsquo;ils n&rsquo;ont pas l&rsquo;impression de \u00ab\u00a0travailler\u00a0\u00bb. Voici quelques propositions :<\/p>\n\n\n\n<p style=\"text-decoration:underline\"><strong><mark style=\"background-color:rgba(0, 0, 0, 0)\" class=\"has-inline-color has-vivid-cyan-blue-color\"><em>Le \u00ab\u00a0b\u00e9ret francophone\u00a0\u00bb<\/em><\/mark><\/strong><\/p>\n\n\n\n<p>Tu connais le jeu traditionnel du b\u00e9ret ? Deux \u00e9quipes sont align\u00e9es l&rsquo;une en face de l&rsquo;autre avec un objet (le b\u00e9ret) au centre et chaque membre de l&rsquo;\u00e9quipe a un num\u00e9ro. Le meneur de jeu annonce un num\u00e9ro et le joueur concern\u00e9 de chaque \u00e9quipe s&rsquo;\u00e9lance vers le b\u00e9ret et doit le r\u00e9cup\u00e9rer pour le ramener dans son \u00e9quipe sans se faire toucher par son adversaire.<\/p>\n\n\n\n<div class=\"wp-block-columns is-layout-flex wp-container-core-columns-is-layout-9d6595d7 wp-block-columns-is-layout-flex\">\n<div class=\"wp-block-column is-vertically-aligned-center is-layout-flow wp-block-column-is-layout-flow\" style=\"flex-basis:25%\"><div class=\"wp-block-image\">\n<figure class=\"aligncenter size-full\"><img loading=\"lazy\" decoding=\"async\" width=\"794\" height=\"556\" src=\"https:\/\/classedeselin.com\/wp-content\/uploads\/2025\/03\/Capture-decran-2025-03-10-131047.png\" alt=\"\" class=\"wp-image-2985\" srcset=\"https:\/\/classedeselin.com\/wp-content\/uploads\/2025\/03\/Capture-decran-2025-03-10-131047.png 794w, https:\/\/classedeselin.com\/wp-content\/uploads\/2025\/03\/Capture-decran-2025-03-10-131047-300x210.png 300w, https:\/\/classedeselin.com\/wp-content\/uploads\/2025\/03\/Capture-decran-2025-03-10-131047-768x538.png 768w\" sizes=\"auto, (max-width: 794px) 100vw, 794px\" \/><\/figure>\n<\/div><\/div>\n\n\n\n<div class=\"wp-block-column is-layout-flow wp-block-column-is-layout-flow\" style=\"flex-basis:50%\">\n<p class=\"has-text-align-center\">Sur ce principe, je te propose le \u00ab\u00a0b\u00e9ret francophone\u00a0\u00bb. La seule diff\u00e9rence c&rsquo;est que le meneur de jeu n&rsquo;attribue par un num\u00e9ro \u00e0 chaque membre de l&rsquo;\u00e9quipe mais un \u00e9l\u00e9ment \u00ab\u00a0francophone\u00a0\u00bb. Suivant ce que tu auras enseign\u00e9 en classe, ce peuvent \u00eatre des monuments, des \u00e9l\u00e9ments de la gastronomie, des personnes c\u00e9l\u00e8bres, des drapeaux, etc&#8230;<\/p>\n<\/div>\n\n\n\n<div class=\"wp-block-column is-vertically-aligned-center is-layout-flow wp-block-column-is-layout-flow\" style=\"flex-basis:25%\"><div class=\"wp-block-image\">\n<figure class=\"aligncenter size-full\"><img loading=\"lazy\" decoding=\"async\" width=\"970\" height=\"594\" src=\"https:\/\/classedeselin.com\/wp-content\/uploads\/2025\/03\/Capture-decran-2025-03-10-131146.png\" alt=\"\" class=\"wp-image-2986\" srcset=\"https:\/\/classedeselin.com\/wp-content\/uploads\/2025\/03\/Capture-decran-2025-03-10-131146.png 970w, https:\/\/classedeselin.com\/wp-content\/uploads\/2025\/03\/Capture-decran-2025-03-10-131146-300x184.png 300w, https:\/\/classedeselin.com\/wp-content\/uploads\/2025\/03\/Capture-decran-2025-03-10-131146-768x470.png 768w\" sizes=\"auto, (max-width: 970px) 100vw, 970px\" \/><\/figure>\n<\/div><\/div>\n<\/div>\n\n\n\n<p style=\"text-decoration:underline\"><strong><em><mark style=\"background-color:rgba(0, 0, 0, 0)\" class=\"has-inline-color has-vivid-cyan-blue-color\">Le relais francophone<\/mark><\/em><\/strong><\/p>\n\n\n\n<p>Voici encore une adaptation version \u00ab\u00a0lexique\u00a0\u00bb d&rsquo;une activit\u00e9 physique traditionnellement pratiqu\u00e9e dans les \u00e9coles. La diff\u00e9rence, c&rsquo;est qu&rsquo;il y a besoin de photos \u00e0 imprimer avant de te lancer.<\/p>\n\n\n\n<div class=\"wp-block-columns is-layout-flex wp-container-core-columns-is-layout-9d6595d7 wp-block-columns-is-layout-flex\">\n<div class=\"wp-block-column is-vertically-aligned-center is-layout-flow wp-block-column-is-layout-flow\" style=\"flex-basis:33.33%\"><div class=\"wp-block-image\">\n<figure class=\"aligncenter size-full\"><img loading=\"lazy\" decoding=\"async\" width=\"736\" height=\"505\" src=\"https:\/\/classedeselin.com\/wp-content\/uploads\/2025\/03\/Capture-decran-2025-03-10-131237.png\" alt=\"\" class=\"wp-image-2989\" srcset=\"https:\/\/classedeselin.com\/wp-content\/uploads\/2025\/03\/Capture-decran-2025-03-10-131237.png 736w, https:\/\/classedeselin.com\/wp-content\/uploads\/2025\/03\/Capture-decran-2025-03-10-131237-300x206.png 300w, https:\/\/classedeselin.com\/wp-content\/uploads\/2025\/03\/Capture-decran-2025-03-10-131237-75x50.png 75w\" sizes=\"auto, (max-width: 736px) 100vw, 736px\" \/><\/figure>\n<\/div><\/div>\n\n\n\n<div class=\"wp-block-column is-layout-flow wp-block-column-is-layout-flow\" style=\"flex-basis:66.66%\">\n<p>Au pr\u00e9alable, il te faudra r\u00e9partir tes \u00e9l\u00e8ves par \u00e9quipe. Pour chaque \u00e9quipe, tu devras imprimer des photos d&rsquo;\u00e9l\u00e9ments \u00ab\u00a0francophones\u00a0\u00bb sur lequel vous avez travaill\u00e9 en classe (et tu peux ajouter des intrus&#8230;).<br>Ainsi, si tu as 3 \u00e9quipes de 5 \u00e9l\u00e8ves, il te faudra imprimer 3 fois les 5 m\u00eames images (moi je pr\u00e9f\u00e8re ajouter 2 intrus donc 7 photos) : monuments, gastronomie, personnages, drapeaux, h\u00e9ros de BD, &#8230;.<br>Ces photos sont dispos\u00e9es devant chaque \u00e9quipe. Chaque membre de l&rsquo;\u00e9quipe se met en file indienne derri\u00e8re le 1er joueur de son \u00e9quipe.<\/p>\n<\/div>\n<\/div>\n\n\n\n<div class=\"wp-block-columns is-layout-flex wp-container-core-columns-is-layout-9d6595d7 wp-block-columns-is-layout-flex\">\n<div class=\"wp-block-column is-layout-flow wp-block-column-is-layout-flow\" style=\"flex-basis:66.66%\">\n<p>Tu te positionnes du c\u00f4t\u00e9 oppos\u00e9 de la pi\u00e8ce.<br>Au top d\u00e9part, le 1er \u00e9l\u00e8ve de chaque \u00e9quipe s&rsquo;\u00e9lance (les mains vides). Lorsqu&rsquo;il arrive pr\u00e8s de toi (ou du meneur de jeu), tu nommes un \u00e9l\u00e9ment. L&rsquo;enfant repart r\u00e9cup\u00e9rer la photo demand\u00e9e dans son \u00e9quipe puis court te la donner. Si c&rsquo;est exact, l&rsquo;enfant retourne dans son \u00e9quipe et frappe dans la main du 2nd \u00e9l\u00e8ve qui peut alors commencer et sprinter vers toi pour savoir quelle photo ramener \u00e0 son tour. Si ce n&rsquo;est pas l&rsquo;\u00e9l\u00e9ment demand\u00e9, il doit retourner chercher la bonne photo dans son \u00e9quipe. (Il peut demander l&rsquo;aide de son \u00e9quipe).<br>L&rsquo;activit\u00e9 se termine quand toutes les photos demand\u00e9es t&rsquo;ont \u00e9t\u00e9 rapport\u00e9es.<\/p>\n<\/div>\n\n\n\n<div class=\"wp-block-column is-vertically-aligned-center is-layout-flow wp-block-column-is-layout-flow\" style=\"flex-basis:33.33%\"><div class=\"wp-block-image\">\n<figure class=\"aligncenter size-full\"><img loading=\"lazy\" decoding=\"async\" width=\"651\" height=\"538\" src=\"https:\/\/classedeselin.com\/wp-content\/uploads\/2025\/03\/Capture-decran-2025-03-10-131222.png\" alt=\"\" class=\"wp-image-2990\" srcset=\"https:\/\/classedeselin.com\/wp-content\/uploads\/2025\/03\/Capture-decran-2025-03-10-131222.png 651w, https:\/\/classedeselin.com\/wp-content\/uploads\/2025\/03\/Capture-decran-2025-03-10-131222-300x248.png 300w\" sizes=\"auto, (max-width: 651px) 100vw, 651px\" \/><\/figure>\n<\/div><\/div>\n<\/div>\n\n\n\n<p style=\"text-decoration:underline\"><strong><em><mark style=\"background-color:rgba(0, 0, 0, 0)\" class=\"has-inline-color has-vivid-cyan-blue-color\">Acrosport : les monuments<\/mark><\/em><\/strong><\/p>\n\n\n\n<div class=\"wp-block-columns is-layout-flex wp-container-core-columns-is-layout-9d6595d7 wp-block-columns-is-layout-flex\">\n<div class=\"wp-block-column is-layout-flow wp-block-column-is-layout-flow\" style=\"flex-basis:66.66%\"><\/div>\n\n\n\n<div class=\"wp-block-column is-layout-flow wp-block-column-is-layout-flow\" style=\"flex-basis:33.33%\"><\/div>\n<\/div>\n\n\n\n<p>Psssss : petit contre-temps, je te mets les explications tr\u00e8s vite !<\/p>\n","protected":false},"excerpt":{"rendered":"<p>Tous les ans au mois de mars se d\u00e9roule la Semaine de la Francophonie. Moment phare de l&rsquo;ann\u00e9e pour f\u00eater la langue fran\u00e7aise et les personnes qui la parlent partout dans le monde.Petit coucou \u00e0 nos amis belges, suisse, qu\u00e9b\u00e9cois, &#8230; et tant d&rsquo;autres ! Il n&rsquo;est pas toujours facile de proposer des activit\u00e9s int\u00e9ressantes [&hellip;]<\/p>\n","protected":false},"author":1,"featured_media":0,"parent":0,"menu_order":0,"comment_status":"closed","ping_status":"closed","template":"","meta":{"footnotes":""},"class_list":["post-2906","page","type-page","status-publish","hentry"],"_links":{"self":[{"href":"https:\/\/classedeselin.com\/index.php\/wp-json\/wp\/v2\/pages\/2906","targetHints":{"allow":["GET"]}}],"collection":[{"href":"https:\/\/classedeselin.com\/index.php\/wp-json\/wp\/v2\/pages"}],"about":[{"href":"https:\/\/classedeselin.com\/index.php\/wp-json\/wp\/v2\/types\/page"}],"author":[{"embeddable":true,"href":"https:\/\/classedeselin.com\/index.php\/wp-json\/wp\/v2\/users\/1"}],"replies":[{"embeddable":true,"href":"https:\/\/classedeselin.com\/index.php\/wp-json\/wp\/v2\/comments?post=2906"}],"version-history":[{"count":12,"href":"https:\/\/classedeselin.com\/index.php\/wp-json\/wp\/v2\/pages\/2906\/revisions"}],"predecessor-version":[{"id":2991,"href":"https:\/\/classedeselin.com\/index.php\/wp-json\/wp\/v2\/pages\/2906\/revisions\/2991"}],"wp:attachment":[{"href":"https:\/\/classedeselin.com\/index.php\/wp-json\/wp\/v2\/media?parent=2906"}],"curies":[{"name":"wp","href":"https:\/\/api.w.org\/{rel}","templated":true}]}}