{"id":2917,"date":"2025-03-07T09:25:59","date_gmt":"2025-03-07T08:25:59","guid":{"rendered":"https:\/\/classedeselin.com\/?page_id=2917"},"modified":"2025-05-14T15:18:44","modified_gmt":"2025-05-14T13:18:44","slug":"ma-pedagogie","status":"publish","type":"page","link":"https:\/\/classedeselin.com\/index.php\/ma-pedagogie\/","title":{"rendered":"Ma p\u00e9dagogie"},"content":{"rendered":"\n<p>J&rsquo;ai essay\u00e9 de regrouper ici, tout ce qui a trait \u00e0 ma fa\u00e7on d&rsquo;enseigner.<\/p>\n\n\n\n<p>Tu retrouveras donc des supports sp\u00e9cifiques que j&rsquo;ai cr\u00e9\u00e9s pour mes \u00e9l\u00e8ves :<\/p>\n\n\n\n<div class=\"wp-block-columns is-layout-flex wp-container-core-columns-is-layout-9d6595d7 wp-block-columns-is-layout-flex\">\n<div class=\"wp-block-column is-layout-flow wp-block-column-is-layout-flow\"><div class=\"wp-block-image\">\n<figure class=\"aligncenter size-large is-resized\"><img loading=\"lazy\" decoding=\"async\" width=\"1024\" height=\"1024\" src=\"https:\/\/classedeselin.com\/wp-content\/uploads\/2024\/07\/20190213_143146-scaled-e1722031740769-1024x1024.jpg\" alt=\"\" class=\"wp-image-2523\" style=\"width:195px;height:auto\" srcset=\"https:\/\/classedeselin.com\/wp-content\/uploads\/2024\/07\/20190213_143146-scaled-e1722031740769-1024x1024.jpg 1024w, https:\/\/classedeselin.com\/wp-content\/uploads\/2024\/07\/20190213_143146-scaled-e1722031740769-300x300.jpg 300w, https:\/\/classedeselin.com\/wp-content\/uploads\/2024\/07\/20190213_143146-scaled-e1722031740769-150x150.jpg 150w, https:\/\/classedeselin.com\/wp-content\/uploads\/2024\/07\/20190213_143146-scaled-e1722031740769-768x767.jpg 768w, https:\/\/classedeselin.com\/wp-content\/uploads\/2024\/07\/20190213_143146-scaled-e1722031740769.jpg 1442w\" sizes=\"auto, (max-width: 1024px) 100vw, 1024px\" \/><\/figure>\n<\/div>\n\n\n<p class=\"has-text-align-center\"><a href=\"https:\/\/classedeselin.com\/index.php\/les-sacs-de-langage\/\">Les sacs de langage<\/a><\/p>\n<\/div>\n\n\n\n<div class=\"wp-block-column is-layout-flow wp-block-column-is-layout-flow\">\n<p class=\"has-text-align-center\"><a href=\"https:\/\/classedeselin.com\/index.php\/cycle-3\/\">Lexique pour cycle 3<\/a><\/p>\n<\/div>\n\n\n\n<div class=\"wp-block-column is-layout-flow wp-block-column-is-layout-flow\"><\/div>\n<\/div>\n\n\n\n<p>Mais aussi des moments de l&rsquo;ann\u00e9e particuliers o\u00f9 j&rsquo;oriente les activit\u00e9s quotidiennes en activit\u00e9s de langage :<\/p>\n\n\n\n<div class=\"wp-block-columns is-layout-flex wp-container-core-columns-is-layout-9d6595d7 wp-block-columns-is-layout-flex\">\n<div class=\"wp-block-column is-layout-flow wp-block-column-is-layout-flow\"><div class=\"wp-block-image\">\n<figure class=\"aligncenter size-large\"><img loading=\"lazy\" decoding=\"async\" width=\"1024\" height=\"768\" src=\"https:\/\/classedeselin.com\/wp-content\/uploads\/2024\/08\/marionnettes_rentree2-1024x768.jpg\" alt=\"\" class=\"wp-image-2626\" srcset=\"https:\/\/classedeselin.com\/wp-content\/uploads\/2024\/08\/marionnettes_rentree2-1024x768.jpg 1024w, https:\/\/classedeselin.com\/wp-content\/uploads\/2024\/08\/marionnettes_rentree2-300x225.jpg 300w, https:\/\/classedeselin.com\/wp-content\/uploads\/2024\/08\/marionnettes_rentree2-768x576.jpg 768w, https:\/\/classedeselin.com\/wp-content\/uploads\/2024\/08\/marionnettes_rentree2-1536x1152.jpg 1536w, https:\/\/classedeselin.com\/wp-content\/uploads\/2024\/08\/marionnettes_rentree2-2048x1536.jpg 2048w\" sizes=\"auto, (max-width: 1024px) 100vw, 1024px\" \/><\/figure>\n<\/div>\n\n\n<p class=\"has-text-align-center\"><a href=\"https:\/\/classedeselin.com\/index.php\/2024\/08\/28\/la-rentree-dans-une-classe-de-fle-precoce\/\">La rentr\u00e9e<\/a><\/p>\n<\/div>\n\n\n\n<div class=\"wp-block-column is-layout-flow wp-block-column-is-layout-flow\"><div class=\"wp-block-image\">\n<figure class=\"aligncenter size-full is-resized\"><img loading=\"lazy\" decoding=\"async\" width=\"591\" height=\"598\" src=\"https:\/\/classedeselin.com\/wp-content\/uploads\/2025\/02\/drapeau_humain1.png\" alt=\"\" class=\"wp-image-2908\" style=\"width:204px;height:auto\" srcset=\"https:\/\/classedeselin.com\/wp-content\/uploads\/2025\/02\/drapeau_humain1.png 591w, https:\/\/classedeselin.com\/wp-content\/uploads\/2025\/02\/drapeau_humain1-296x300.png 296w\" sizes=\"auto, (max-width: 591px) 100vw, 591px\" \/><\/figure>\n<\/div>\n\n\n<p><a href=\"https:\/\/classedeselin.com\/index.php\/semaine-de-la-francophonie\/\" target=\"_blank\" rel=\"noreferrer noopener\">La semaine de la Francophonie<\/a><\/p>\n<\/div>\n\n\n\n<div class=\"wp-block-column is-layout-flow wp-block-column-is-layout-flow\"><div class=\"wp-block-image\">\n<figure class=\"aligncenter size-full\"><a href=\"https:\/\/classedeselin.com\/index.php\/2024\/03\/24\/la-chasse-aux-oeufs\/\" target=\"_blank\" rel=\" noreferrer noopener\"><img loading=\"lazy\" decoding=\"async\" width=\"640\" height=\"478\" src=\"https:\/\/classedeselin.com\/wp-content\/uploads\/2024\/03\/chasse_oeufs_flou2.jpg\" alt=\"\" class=\"wp-image-2107\" srcset=\"https:\/\/classedeselin.com\/wp-content\/uploads\/2024\/03\/chasse_oeufs_flou2.jpg 640w, https:\/\/classedeselin.com\/wp-content\/uploads\/2024\/03\/chasse_oeufs_flou2-300x224.jpg 300w\" sizes=\"auto, (max-width: 640px) 100vw, 640px\" \/><\/a><\/figure>\n<\/div>\n\n\n<p class=\"has-text-align-center\"><a href=\"https:\/\/classedeselin.com\/index.php\/2024\/03\/24\/la-chasse-aux-oeufs\/\">P\u00e2ques<\/a><\/p>\n<\/div>\n<\/div>\n\n\n\n<p><\/p>\n","protected":false},"excerpt":{"rendered":"<p>J&rsquo;ai essay\u00e9 de regrouper ici, tout ce qui a trait \u00e0 ma fa\u00e7on d&rsquo;enseigner. Tu retrouveras donc des supports sp\u00e9cifiques que j&rsquo;ai cr\u00e9\u00e9s pour mes \u00e9l\u00e8ves : Les sacs de langage Lexique pour cycle 3 Mais aussi des moments de l&rsquo;ann\u00e9e particuliers o\u00f9 j&rsquo;oriente les activit\u00e9s quotidiennes en activit\u00e9s de langage : La rentr\u00e9e La [&hellip;]<\/p>\n","protected":false},"author":1,"featured_media":0,"parent":0,"menu_order":0,"comment_status":"closed","ping_status":"closed","template":"","meta":{"footnotes":""},"class_list":["post-2917","page","type-page","status-publish","hentry"],"_links":{"self":[{"href":"https:\/\/classedeselin.com\/index.php\/wp-json\/wp\/v2\/pages\/2917","targetHints":{"allow":["GET"]}}],"collection":[{"href":"https:\/\/classedeselin.com\/index.php\/wp-json\/wp\/v2\/pages"}],"about":[{"href":"https:\/\/classedeselin.com\/index.php\/wp-json\/wp\/v2\/types\/page"}],"author":[{"embeddable":true,"href":"https:\/\/classedeselin.com\/index.php\/wp-json\/wp\/v2\/users\/1"}],"replies":[{"embeddable":true,"href":"https:\/\/classedeselin.com\/index.php\/wp-json\/wp\/v2\/comments?post=2917"}],"version-history":[{"count":2,"href":"https:\/\/classedeselin.com\/index.php\/wp-json\/wp\/v2\/pages\/2917\/revisions"}],"predecessor-version":[{"id":3010,"href":"https:\/\/classedeselin.com\/index.php\/wp-json\/wp\/v2\/pages\/2917\/revisions\/3010"}],"wp:attachment":[{"href":"https:\/\/classedeselin.com\/index.php\/wp-json\/wp\/v2\/media?parent=2917"}],"curies":[{"name":"wp","href":"https:\/\/api.w.org\/{rel}","templated":true}]}}