{"id":3011,"date":"2025-05-17T14:18:02","date_gmt":"2025-05-17T12:18:02","guid":{"rendered":"https:\/\/classedeselin.com\/?page_id=3011"},"modified":"2025-05-17T14:18:02","modified_gmt":"2025-05-17T12:18:02","slug":"lete","status":"publish","type":"page","link":"https:\/\/classedeselin.com\/index.php\/lete\/","title":{"rendered":"L&rsquo;\u00e9t\u00e9"},"content":{"rendered":"\n<div class=\"wp-block-columns is-layout-flex wp-container-core-columns-is-layout-9d6595d7 wp-block-columns-is-layout-flex\">\n<div class=\"wp-block-column is-layout-flow wp-block-column-is-layout-flow\" style=\"flex-basis:50%\"><div class=\"wp-block-image\">\n<figure class=\"aligncenter size-large is-resized\"><img loading=\"lazy\" decoding=\"async\" width=\"1024\" height=\"1024\" src=\"https:\/\/classedeselin.com\/wp-content\/uploads\/2025\/05\/ete-1024x1024.jpg\" alt=\"\" class=\"wp-image-3012\" style=\"width:226px;height:auto\" srcset=\"https:\/\/classedeselin.com\/wp-content\/uploads\/2025\/05\/ete-1024x1024.jpg 1024w, https:\/\/classedeselin.com\/wp-content\/uploads\/2025\/05\/ete-300x300.jpg 300w, https:\/\/classedeselin.com\/wp-content\/uploads\/2025\/05\/ete-150x150.jpg 150w, https:\/\/classedeselin.com\/wp-content\/uploads\/2025\/05\/ete-768x768.jpg 768w, https:\/\/classedeselin.com\/wp-content\/uploads\/2025\/05\/ete.jpg 1080w\" sizes=\"auto, (max-width: 1024px) 100vw, 1024px\" \/><\/figure>\n<\/div><\/div>\n\n\n\n<div class=\"wp-block-column is-layout-flow wp-block-column-is-layout-flow\" style=\"flex-basis:50%\">\n<p>Un th\u00e8me traditionnel que beaucoup aime aborder en fin d&rsquo;ann\u00e9e scolaire : la saison d&rsquo;\u00e9t\u00e9.<\/p>\n\n\n\n<p>C&rsquo;est encore une fois <strong><mark style=\"background-color:rgba(0, 0, 0, 0)\" class=\"has-inline-color has-vivid-cyan-blue-color\">un th\u00e8me tr\u00e8s riche<\/mark><\/strong> car on peut \u00e9tudier les fruits et l\u00e9gumes d&rsquo;\u00e9t\u00e9 mais aussi les paysages, les v\u00eatements d&rsquo;\u00e9t\u00e9, les diff\u00e9rents lieux et actions. Bref,<strong><mark style=\"background-color:rgba(0, 0, 0, 0)\" class=\"has-inline-color has-vivid-cyan-blue-color\"> une multitude de possibilit\u00e9s pour enrichir la lexique et la syntaxe de nos \u00e9l\u00e8ves.<\/mark><\/strong><\/p>\n<\/div>\n<\/div>\n\n\n\n<p>Je te propose quelques <strong><mark style=\"background-color:rgba(0, 0, 0, 0)\" class=\"has-inline-color has-vivid-cyan-blue-color\">dossiers de langage sur le th\u00e8me de l&rsquo;\u00e9t\u00e9<\/mark><\/strong> que j&rsquo;ai cr\u00e9\u00e9s pour mes \u00e9l\u00e8ves. Suivant les ann\u00e9es ou les niveaux, je varie celui que j&rsquo;utilise. Et autant te dire que m\u00eame chez mes \u00e9l\u00e8ves de CM1, ils ne connaissaient pas tout le lexique, sur le th\u00e8me de la plage par exemple ! Que tu sois en maternelle, en \u00e9l\u00e9mentaire, en FLE, FLSco, FLAM ou langue maternelle, tu devrais trouver ici ton bonheur !<\/p>\n\n\n\n<div class=\"wp-block-columns is-layout-flex wp-container-core-columns-is-layout-9d6595d7 wp-block-columns-is-layout-flex\">\n<div class=\"wp-block-column is-layout-flow wp-block-column-is-layout-flow\"><div class=\"wp-block-image\">\n<figure class=\"aligncenter size-large\"><img loading=\"lazy\" decoding=\"async\" width=\"1024\" height=\"1024\" src=\"https:\/\/classedeselin.com\/wp-content\/uploads\/2025\/05\/plage-1024x1024.jpg\" alt=\"\" class=\"wp-image-3017\" srcset=\"https:\/\/classedeselin.com\/wp-content\/uploads\/2025\/05\/plage-1024x1024.jpg 1024w, https:\/\/classedeselin.com\/wp-content\/uploads\/2025\/05\/plage-300x300.jpg 300w, https:\/\/classedeselin.com\/wp-content\/uploads\/2025\/05\/plage-150x150.jpg 150w, https:\/\/classedeselin.com\/wp-content\/uploads\/2025\/05\/plage-768x768.jpg 768w, https:\/\/classedeselin.com\/wp-content\/uploads\/2025\/05\/plage.jpg 1080w\" sizes=\"auto, (max-width: 1024px) 100vw, 1024px\" \/><\/figure>\n<\/div>\n\n\n<p class=\"has-text-align-center\" style=\"font-style:normal;font-weight:500\"><strong><mark style=\"background-color:rgba(0, 0, 0, 0)\" class=\"has-inline-color has-vivid-cyan-blue-color\">La plage<\/mark><\/strong><br><em>A venir !<\/em><br><\/p>\n\n\n\n<p class=\"has-text-align-center\"><\/p>\n<\/div>\n\n\n\n<div class=\"wp-block-column is-layout-flow wp-block-column-is-layout-flow\"><div class=\"wp-block-image\">\n<figure class=\"aligncenter size-large\"><a href=\"https:\/\/classedeselin.com\/index.php\/les-vetements-dete\/\" target=\"_blank\" rel=\"noreferrer noopener\"><img loading=\"lazy\" decoding=\"async\" width=\"1024\" height=\"1024\" src=\"https:\/\/classedeselin.com\/wp-content\/uploads\/2024\/03\/images-recap-dossier-vetements-ete-1024x1024.png\" alt=\"\" class=\"wp-image-2136\" srcset=\"https:\/\/classedeselin.com\/wp-content\/uploads\/2024\/03\/images-recap-dossier-vetements-ete-1024x1024.png 1024w, https:\/\/classedeselin.com\/wp-content\/uploads\/2024\/03\/images-recap-dossier-vetements-ete-300x300.png 300w, https:\/\/classedeselin.com\/wp-content\/uploads\/2024\/03\/images-recap-dossier-vetements-ete-150x150.png 150w, https:\/\/classedeselin.com\/wp-content\/uploads\/2024\/03\/images-recap-dossier-vetements-ete-768x768.png 768w, https:\/\/classedeselin.com\/wp-content\/uploads\/2024\/03\/images-recap-dossier-vetements-ete.png 1080w\" sizes=\"auto, (max-width: 1024px) 100vw, 1024px\" \/><\/a><\/figure>\n<\/div>\n\n\n<p class=\"has-text-align-center\"><strong><a href=\"https:\/\/classedeselin.com\/index.php\/les-vetements-dete\/\" target=\"_blank\" rel=\"noreferrer noopener\">Les v\u00eatements d&rsquo;\u00e9t\u00e9<\/a><\/strong><\/p>\n\n\n\n<p>&#8211; le lexique des v\u00eatements et accessoires<br>&#8211; l&rsquo;accord masculin\/f\u00e9minin des adjectifs de couleur<br>&#8211; les d\u00e9terminants possessifs<br>&#8211; le pronom sujet il(s)\/elle(s)<\/p>\n<\/div>\n\n\n\n<div class=\"wp-block-column is-layout-flow wp-block-column-is-layout-flow\"><div class=\"wp-block-image\">\n<figure class=\"aligncenter size-large\"><img loading=\"lazy\" decoding=\"async\" width=\"1024\" height=\"1024\" src=\"https:\/\/classedeselin.com\/wp-content\/uploads\/2025\/05\/boissons-fruits-ete-1024x1024.jpg\" alt=\"\" class=\"wp-image-3016\" srcset=\"https:\/\/classedeselin.com\/wp-content\/uploads\/2025\/05\/boissons-fruits-ete-1024x1024.jpg 1024w, https:\/\/classedeselin.com\/wp-content\/uploads\/2025\/05\/boissons-fruits-ete-300x300.jpg 300w, https:\/\/classedeselin.com\/wp-content\/uploads\/2025\/05\/boissons-fruits-ete-150x150.jpg 150w, https:\/\/classedeselin.com\/wp-content\/uploads\/2025\/05\/boissons-fruits-ete-768x768.jpg 768w, https:\/\/classedeselin.com\/wp-content\/uploads\/2025\/05\/boissons-fruits-ete.jpg 1080w\" sizes=\"auto, (max-width: 1024px) 100vw, 1024px\" \/><\/figure>\n<\/div>\n\n\n<p class=\"has-text-align-center\"><strong>Les aliments et boissons d&rsquo;\u00e9t\u00e9<\/strong><br>A venir !<br><\/p>\n\n\n\n<p><\/p>\n<\/div>\n<\/div>\n\n\n\n<p>Sais-tu que tu trouveras aussi sur ce site <strong><mark style=\"background-color:rgba(0, 0, 0, 0)\" class=\"has-inline-color has-vivid-cyan-blue-color\">des dossiers de langage sur les autres saisons<\/mark><\/strong> ? Prends le temps d&rsquo;aller y jeter un \u0153il !<\/p>\n\n\n\n<div class=\"wp-block-columns is-layout-flex wp-container-core-columns-is-layout-9d6595d7 wp-block-columns-is-layout-flex\">\n<div class=\"wp-block-column is-layout-flow wp-block-column-is-layout-flow\"><div class=\"wp-block-image\">\n<figure class=\"aligncenter size-large\"><img loading=\"lazy\" decoding=\"async\" width=\"1024\" height=\"1024\" src=\"https:\/\/classedeselin.com\/wp-content\/uploads\/2023\/11\/7-1024x1024.png\" alt=\"\" class=\"wp-image-1255\" srcset=\"https:\/\/classedeselin.com\/wp-content\/uploads\/2023\/11\/7-1024x1024.png 1024w, https:\/\/classedeselin.com\/wp-content\/uploads\/2023\/11\/7-300x300.png 300w, https:\/\/classedeselin.com\/wp-content\/uploads\/2023\/11\/7-150x150.png 150w, https:\/\/classedeselin.com\/wp-content\/uploads\/2023\/11\/7-768x768.png 768w, https:\/\/classedeselin.com\/wp-content\/uploads\/2023\/11\/7.png 1080w\" sizes=\"auto, (max-width: 1024px) 100vw, 1024px\" \/><\/figure>\n<\/div>\n\n\n<p class=\"has-text-align-center\"><a href=\"https:\/\/classedeselin.com\/index.php\/jeux-de-langage\/jeux-langage-par-theme\/lhiver\/\" target=\"_blank\" rel=\"noreferrer noopener\">Langage sur le th\u00e8me de l&rsquo;hiver<\/a><\/p>\n<\/div>\n\n\n\n<div class=\"wp-block-column is-layout-flow wp-block-column-is-layout-flow\"><div class=\"wp-block-image\">\n<figure class=\"aligncenter size-large is-resized\"><a href=\"https:\/\/classedeselin.com\/index.php\/2023\/10\/06\/portrait-dautomne-arcimboldo\/*\" target=\"_blank\" rel=\" noreferrer noopener\"><img loading=\"lazy\" decoding=\"async\" width=\"859\" height=\"1024\" src=\"https:\/\/classedeselin.com\/wp-content\/uploads\/2023\/11\/arcimboldo_automne-859x1024.jpg\" alt=\"\" class=\"wp-image-1167\" style=\"width:229px;height:auto\" srcset=\"https:\/\/classedeselin.com\/wp-content\/uploads\/2023\/11\/arcimboldo_automne-859x1024.jpg 859w, https:\/\/classedeselin.com\/wp-content\/uploads\/2023\/11\/arcimboldo_automne-252x300.jpg 252w, https:\/\/classedeselin.com\/wp-content\/uploads\/2023\/11\/arcimboldo_automne-768x916.jpg 768w, https:\/\/classedeselin.com\/wp-content\/uploads\/2023\/11\/arcimboldo_automne.jpg 1090w\" sizes=\"auto, (max-width: 859px) 100vw, 859px\" \/><\/a><\/figure>\n<\/div>\n\n\n<p class=\"has-text-align-center\"><a href=\"https:\/\/classedeselin.com\/index.php\/2023\/10\/06\/portrait-dautomne-arcimboldo\/*\">L&rsquo;automne \u00e0 partir de l&rsquo;\u0153uvre d&rsquo;Arcimboldo<\/a><\/p>\n<\/div>\n\n\n\n<div class=\"wp-block-column is-layout-flow wp-block-column-is-layout-flow\"><\/div>\n<\/div>\n","protected":false},"excerpt":{"rendered":"<p>Un th\u00e8me traditionnel que beaucoup aime aborder en fin d&rsquo;ann\u00e9e scolaire : la saison d&rsquo;\u00e9t\u00e9. C&rsquo;est encore une fois un th\u00e8me tr\u00e8s riche car on peut \u00e9tudier les fruits et l\u00e9gumes d&rsquo;\u00e9t\u00e9 mais aussi les paysages, les v\u00eatements d&rsquo;\u00e9t\u00e9, les diff\u00e9rents lieux et actions. Bref, une multitude de possibilit\u00e9s pour enrichir la lexique et la [&hellip;]<\/p>\n","protected":false},"author":1,"featured_media":0,"parent":0,"menu_order":0,"comment_status":"closed","ping_status":"closed","template":"","meta":{"footnotes":""},"class_list":["post-3011","page","type-page","status-publish","hentry"],"_links":{"self":[{"href":"https:\/\/classedeselin.com\/index.php\/wp-json\/wp\/v2\/pages\/3011","targetHints":{"allow":["GET"]}}],"collection":[{"href":"https:\/\/classedeselin.com\/index.php\/wp-json\/wp\/v2\/pages"}],"about":[{"href":"https:\/\/classedeselin.com\/index.php\/wp-json\/wp\/v2\/types\/page"}],"author":[{"embeddable":true,"href":"https:\/\/classedeselin.com\/index.php\/wp-json\/wp\/v2\/users\/1"}],"replies":[{"embeddable":true,"href":"https:\/\/classedeselin.com\/index.php\/wp-json\/wp\/v2\/comments?post=3011"}],"version-history":[{"count":2,"href":"https:\/\/classedeselin.com\/index.php\/wp-json\/wp\/v2\/pages\/3011\/revisions"}],"predecessor-version":[{"id":3018,"href":"https:\/\/classedeselin.com\/index.php\/wp-json\/wp\/v2\/pages\/3011\/revisions\/3018"}],"wp:attachment":[{"href":"https:\/\/classedeselin.com\/index.php\/wp-json\/wp\/v2\/media?parent=3011"}],"curies":[{"name":"wp","href":"https:\/\/api.w.org\/{rel}","templated":true}]}}