{"id":505,"date":"2020-07-19T17:11:39","date_gmt":"2020-07-19T15:11:39","guid":{"rendered":"https:\/\/lewebpedagogique.com\/laclassedeselin\/?page_id=505"},"modified":"2024-09-23T13:24:31","modified_gmt":"2024-09-23T11:24:31","slug":"livres-numeriques","status":"publish","type":"page","link":"https:\/\/classedeselin.com\/index.php\/livres-numeriques\/","title":{"rendered":"Livres num\u00e9riques"},"content":{"rendered":"\n<p>Durant la p\u00e9riode de pand\u00e9mie et le mise en place de l&rsquo;enseignement \u00e0 distance, la n\u00e9cessit\u00e9 d&rsquo;int\u00e9grer le num\u00e9rique dans ma p\u00e9dagogie s&rsquo;est fait plus pressante. Comment aider au mieux mes \u00e9l\u00e8ves qui ne disposent pas du bagage lexical n\u00e9cessaire et dont les familles ne peuvent pas forc\u00e9ment apporter le soutien n\u00e9cessaire (manque de temps, peu francophones, etc&#8230;) ?<\/p>\n\n\n\n<p>J&rsquo;ai donc adapt\u00e9 les porte-vues langage&nbsp;pr\u00e9sents dans<span style=\"text-decoration: underline;\"> <a href=\"https:\/\/classedeselin.com\/index.php\/les-sacs-de-langage\/\" target=\"_blank\" rel=\"noopener\">les sacs de langage<\/a><\/span> pour en faire des livres num\u00e9riques gr\u00e2ce au<span style=\"text-decoration: underline;\"> <a href=\"https:\/\/bookcreator.com\/\" target=\"_blank\" rel=\"noopener\">site bookcreator.<\/a><\/span><\/p>\n\n\n\n<div class=\"wp-block-columns is-layout-flex wp-container-core-columns-is-layout-9d6595d7 wp-block-columns-is-layout-flex\">\n<div class=\"wp-block-column is-layout-flow wp-block-column-is-layout-flow\">\n<figure class=\"wp-block-image size-full\"><img loading=\"lazy\" decoding=\"async\" width=\"734\" height=\"732\" src=\"https:\/\/classedeselin.com\/wp-content\/uploads\/2024\/01\/legumes.jpg\" alt=\"\" class=\"wp-image-1766\" srcset=\"https:\/\/classedeselin.com\/wp-content\/uploads\/2024\/01\/legumes.jpg 734w, https:\/\/classedeselin.com\/wp-content\/uploads\/2024\/01\/legumes-300x300.jpg 300w, https:\/\/classedeselin.com\/wp-content\/uploads\/2024\/01\/legumes-150x150.jpg 150w\" sizes=\"auto, (max-width: 734px) 100vw, 734px\" \/><\/figure>\n<\/div>\n\n\n\n<div class=\"wp-block-column is-layout-flow wp-block-column-is-layout-flow\">\n<figure class=\"wp-block-image size-full\"><img loading=\"lazy\" decoding=\"async\" width=\"587\" height=\"633\" src=\"https:\/\/classedeselin.com\/wp-content\/uploads\/2024\/01\/legumes2.jpg\" alt=\"\" class=\"wp-image-1762\" srcset=\"https:\/\/classedeselin.com\/wp-content\/uploads\/2024\/01\/legumes2.jpg 587w, https:\/\/classedeselin.com\/wp-content\/uploads\/2024\/01\/legumes2-278x300.jpg 278w\" sizes=\"auto, (max-width: 587px) 100vw, 587px\" \/><\/figure>\n<\/div>\n\n\n\n<div class=\"wp-block-column is-layout-flow wp-block-column-is-layout-flow\">\n<figure class=\"wp-block-image size-full\"><img loading=\"lazy\" decoding=\"async\" width=\"587\" height=\"633\" src=\"https:\/\/classedeselin.com\/wp-content\/uploads\/2024\/01\/legumes2.jpg\" alt=\"\" class=\"wp-image-1762\" srcset=\"https:\/\/classedeselin.com\/wp-content\/uploads\/2024\/01\/legumes2.jpg 587w, https:\/\/classedeselin.com\/wp-content\/uploads\/2024\/01\/legumes2-278x300.jpg 278w\" sizes=\"auto, (max-width: 587px) 100vw, 587px\" \/><\/figure>\n<\/div>\n<\/div>\n\n\n\n<p>Le but est toujours le m\u00eame : apporter du lexique, automatiser des structures lexicales, savoir poser une question et tout cela de fa\u00e7on autonome pour l&rsquo;\u00e9l\u00e8ve.<\/p>\n\n\n\n<p>Chaque livre est volontairement r\u00e9p\u00e9titif pour ancrer plus facilement la syntaxe.<\/p>\n\n\n\n<p>Si vous avez la possibilit\u00e9 de le faire d&rsquo;abord en classe avec les \u00e9l\u00e8ves, ces livres num\u00e9riques seront plus comme un support de r\u00e9vision \u00e0 la maison . Si toutefois, comme actuellement, vous ne pouvez pas faire d&rsquo;apprentissage en pr\u00e9sentiel, voici le d\u00e9roul\u00e9 :<\/p>\n\n\n\n<ol class=\"wp-block-list\">\n<li>L&rsquo;\u00e9l\u00e8ve \u00e9coute la question en appuyant sur le haut-parleur et la r\u00e9p\u00e8te.<\/li>\n\n\n\n<li>Il y r\u00e9pond en faisant une phrase.<\/li>\n\n\n\n<li>Il tourne la page et appuie sur le haut-parleur pour v\u00e9rifier sa r\u00e9ponse.<\/li>\n\n\n\n<li>Par la suite, l&rsquo;\u00e9l\u00e8ve doit dire seul la question avant de v\u00e9rifier avec le haut-parleur.<\/li>\n\n\n\n<li>R\u00e9p\u00e9tez ce travail plusieurs fois dans la semaine.<\/li>\n<\/ol>\n\n\n\n<p>Il est important que l&rsquo;\u00e9l\u00e8ve apprenne \u00e0 poser des questions car bien souvent il est dans la situation de celui qui r\u00e9pond et non de celui qui questionne. D&rsquo;o\u00f9 l&rsquo;int\u00e9r\u00eat de proposer en plus des situations d&rsquo;\u00e9change r\u00e9el (question-r\u00e9ponse) entre deux \u00e9l\u00e8ves.<\/p>\n\n\n\n<p>Voici donc les livres num\u00e9riques cr\u00e9\u00e9s jusqu&rsquo;\u00e0 pr\u00e9sent :<\/p>\n\n\n\n<p><span style=\"font-size: 10pt;\"><em>(j&rsquo;ai utilis\u00e9 des illustrations retrouv\u00e9es dans mon ordinateur, je ne sais pas qui sont les auteurs&#8230;)<\/em><\/span><\/p>\n\n\n\n<ul class=\"wp-block-list\">\n<li><em><strong>les aliments :<\/strong><\/em><\/li>\n<\/ul>\n\n\n\n<div class=\"wp-block-columns are-vertically-aligned-center is-layout-flex wp-container-core-columns-is-layout-9d6595d7 wp-block-columns-is-layout-flex\">\n<div class=\"wp-block-column is-vertically-aligned-center is-layout-flow wp-block-column-is-layout-flow\"><div class=\"wp-block-image\">\n<figure class=\"aligncenter size-full\"><img loading=\"lazy\" decoding=\"async\" width=\"634\" height=\"633\" src=\"https:\/\/classedeselin.com\/wp-content\/uploads\/2024\/01\/fruits.jpg\" alt=\"\" class=\"wp-image-1775\" srcset=\"https:\/\/classedeselin.com\/wp-content\/uploads\/2024\/01\/fruits.jpg 634w, https:\/\/classedeselin.com\/wp-content\/uploads\/2024\/01\/fruits-300x300.jpg 300w, https:\/\/classedeselin.com\/wp-content\/uploads\/2024\/01\/fruits-150x150.jpg 150w\" sizes=\"auto, (max-width: 634px) 100vw, 634px\" \/><\/figure>\n<\/div>\n\n\n<p class=\"has-text-align-center\"><a href=\"http:\/\/read.bookcreator.com\/JxQ10iDQIwT8D18mLTN5MtyCuQj1\/6nMhfINqRge30jA_NRMjeg\" target=\"_blank\" rel=\"noreferrer noopener\">Les fruits<\/a><\/p>\n<\/div>\n\n\n\n<div class=\"wp-block-column is-vertically-aligned-center is-layout-flow wp-block-column-is-layout-flow\"><div class=\"wp-block-image\">\n<figure class=\"aligncenter size-full\"><img loading=\"lazy\" decoding=\"async\" width=\"734\" height=\"732\" src=\"https:\/\/classedeselin.com\/wp-content\/uploads\/2024\/01\/legumes.jpg\" alt=\"\" class=\"wp-image-1766\" srcset=\"https:\/\/classedeselin.com\/wp-content\/uploads\/2024\/01\/legumes.jpg 734w, https:\/\/classedeselin.com\/wp-content\/uploads\/2024\/01\/legumes-300x300.jpg 300w, https:\/\/classedeselin.com\/wp-content\/uploads\/2024\/01\/legumes-150x150.jpg 150w\" sizes=\"auto, (max-width: 734px) 100vw, 734px\" \/><\/figure>\n<\/div>\n\n\n<p class=\"has-text-align-center\"><a href=\"http:\/\/read.bookcreator.com\/1NUOd5BCdte62TDnX8IFxjdJi3h2\/DkT64Y7UQbmLdQkMb5KFuA\" target=\"_blank\" rel=\"noreferrer noopener\">Les l\u00e9gu<\/a><a href=\"http:\/\/read.bookcreator.com\/1NUOd5BCdte62TDnX8IFxjdJi3h2\/DkT64Y7UQbmLdQkMb5KFuA\">mes<\/a><\/p>\n<\/div>\n\n\n\n<div class=\"wp-block-column is-vertically-aligned-center is-layout-flow wp-block-column-is-layout-flow\"><div class=\"wp-block-image\">\n<figure class=\"aligncenter size-full is-resized\"><img loading=\"lazy\" decoding=\"async\" width=\"851\" height=\"638\" src=\"https:\/\/classedeselin.com\/wp-content\/uploads\/2024\/01\/vendeur_legumes.jpg\" alt=\"\" class=\"wp-image-1765\" style=\"width:344px;height:auto\" srcset=\"https:\/\/classedeselin.com\/wp-content\/uploads\/2024\/01\/vendeur_legumes.jpg 851w, https:\/\/classedeselin.com\/wp-content\/uploads\/2024\/01\/vendeur_legumes-300x225.jpg 300w, https:\/\/classedeselin.com\/wp-content\/uploads\/2024\/01\/vendeur_legumes-768x576.jpg 768w\" sizes=\"auto, (max-width: 851px) 100vw, 851px\" \/><\/figure>\n<\/div>\n\n\n<p class=\"has-text-align-center\"><a href=\"http:\/\/read.bookcreator.com\/1NUOd5BCdte62TDnX8IFxjdJi3h2\/8dyX6XLrRain2_YY0jzlRA\" target=\"_blank\" rel=\"noreferrer noopener\">Le vendeur de l\u00e9gumes<\/a><\/p>\n<\/div>\n<\/div>\n\n\n\n<ul class=\"wp-block-list\">\n<li><em><strong>la maison :<\/strong><\/em><\/li>\n<\/ul>\n\n\n\n<div class=\"wp-block-columns are-vertically-aligned-center is-layout-flex wp-container-core-columns-is-layout-9d6595d7 wp-block-columns-is-layout-flex\">\n<div class=\"wp-block-column is-vertically-aligned-center is-layout-flow wp-block-column-is-layout-flow\"><div class=\"wp-block-image\">\n<figure class=\"aligncenter size-full\"><img loading=\"lazy\" decoding=\"async\" width=\"987\" height=\"735\" src=\"https:\/\/classedeselin.com\/wp-content\/uploads\/2024\/01\/lieux_maison_classe_selin.jpg\" alt=\"\" class=\"wp-image-1764\" srcset=\"https:\/\/classedeselin.com\/wp-content\/uploads\/2024\/01\/lieux_maison_classe_selin.jpg 987w, https:\/\/classedeselin.com\/wp-content\/uploads\/2024\/01\/lieux_maison_classe_selin-300x223.jpg 300w, https:\/\/classedeselin.com\/wp-content\/uploads\/2024\/01\/lieux_maison_classe_selin-768x572.jpg 768w\" sizes=\"auto, (max-width: 987px) 100vw, 987px\" \/><\/figure>\n<\/div>\n\n\n<p class=\"has-text-align-center\"><a href=\"https:\/\/read.bookcreator.com\/1NUOd5BCdte62TDnX8IFxjdJi3h2\/nBjPhIBTSRi9w6VJZHqobw\" target=\"_blank\" rel=\"noreferrer noopener\">Les lieux de la maison<\/a><\/p>\n<\/div>\n\n\n\n<div class=\"wp-block-column is-vertically-aligned-center is-layout-flow wp-block-column-is-layout-flow\"><div class=\"wp-block-image\">\n<figure class=\"aligncenter size-full\"><a href=\"https:\/\/read.bookcreator.com\/1NUOd5BCdte62TDnX8IFxjdJi3h2\/zO6sZP_sTLSz11UFWztMhA\" target=\"_blank\" rel=\"noreferrer noopener\"><img loading=\"lazy\" decoding=\"async\" width=\"994\" height=\"744\" src=\"https:\/\/classedeselin.com\/wp-content\/uploads\/2024\/03\/Capture-decran-2024-03-07-162422.png\" alt=\"\" class=\"wp-image-2060\" srcset=\"https:\/\/classedeselin.com\/wp-content\/uploads\/2024\/03\/Capture-decran-2024-03-07-162422.png 994w, https:\/\/classedeselin.com\/wp-content\/uploads\/2024\/03\/Capture-decran-2024-03-07-162422-300x225.png 300w, https:\/\/classedeselin.com\/wp-content\/uploads\/2024\/03\/Capture-decran-2024-03-07-162422-768x575.png 768w\" sizes=\"auto, (max-width: 994px) 100vw, 994px\" \/><\/a><\/figure>\n<\/div>\n\n\n<p class=\"has-text-align-center\"><span style=\"text-decoration: underline;\"><a href=\"https:\/\/read.bookcreator.com\/1NUOd5BCdte62TDnX8IFxjdJi3h2\/zO6sZP_sTLSz11UFWztMhA\" target=\"_blank\" rel=\"noopener\">Les animaux dans la maison<\/a><\/span><\/p>\n<\/div>\n\n\n\n<div class=\"wp-block-column is-vertically-aligned-center is-layout-flow wp-block-column-is-layout-flow\"><div class=\"wp-block-image\">\n<figure class=\"aligncenter size-full\"><img loading=\"lazy\" decoding=\"async\" width=\"993\" height=\"743\" src=\"https:\/\/classedeselin.com\/wp-content\/uploads\/2024\/03\/Capture-decran-2024-03-07-162521.png\" alt=\"\" class=\"wp-image-2061\" srcset=\"https:\/\/classedeselin.com\/wp-content\/uploads\/2024\/03\/Capture-decran-2024-03-07-162521.png 993w, https:\/\/classedeselin.com\/wp-content\/uploads\/2024\/03\/Capture-decran-2024-03-07-162521-300x224.png 300w, https:\/\/classedeselin.com\/wp-content\/uploads\/2024\/03\/Capture-decran-2024-03-07-162521-768x575.png 768w\" sizes=\"auto, (max-width: 993px) 100vw, 993px\" \/><\/figure>\n<\/div>\n\n\n<p class=\"has-text-align-center\"><span style=\"text-decoration: underline;\"><a href=\"https:\/\/read.bookcreator.com\/1NUOd5BCdte62TDnX8IFxjdJi3h2\/-RbaEjyvSimNpo7WT4c7Yg\" target=\"_blank\" rel=\"noopener\">les actions : cuisine, salon et entr\u00e9e<\/a><\/span><\/p>\n<\/div>\n<\/div>\n\n\n\n<p><\/p>\n\n\n\n<div class=\"wp-block-columns are-vertically-aligned-center is-layout-flex wp-container-core-columns-is-layout-9d6595d7 wp-block-columns-is-layout-flex\">\n<div class=\"wp-block-column is-vertically-aligned-center is-layout-flow wp-block-column-is-layout-flow\">\n<figure class=\"wp-block-image size-full\"><a href=\"https:\/\/read.bookcreator.com\/1NUOd5BCdte62TDnX8IFxjdJi3h2\/h5nRdK0bTyCAB3w376xLNA\" target=\"_blank\" rel=\"noreferrer noopener\"><img loading=\"lazy\" decoding=\"async\" width=\"992\" height=\"743\" src=\"https:\/\/classedeselin.com\/wp-content\/uploads\/2024\/03\/Capture-decran-2024-03-07-162456.png\" alt=\"\" class=\"wp-image-2063\" srcset=\"https:\/\/classedeselin.com\/wp-content\/uploads\/2024\/03\/Capture-decran-2024-03-07-162456.png 992w, https:\/\/classedeselin.com\/wp-content\/uploads\/2024\/03\/Capture-decran-2024-03-07-162456-300x225.png 300w, https:\/\/classedeselin.com\/wp-content\/uploads\/2024\/03\/Capture-decran-2024-03-07-162456-768x575.png 768w\" sizes=\"auto, (max-width: 992px) 100vw, 992px\" \/><\/a><\/figure>\n\n\n\n<p class=\"has-text-align-center\"><span style=\"text-decoration: underline;\"><a href=\"https:\/\/read.bookcreator.com\/1NUOd5BCdte62TDnX8IFxjdJi3h2\/h5nRdK0bTyCAB3w376xLNA\" target=\"_blank\" rel=\"noopener\">les actions : chambre et salle de bain<\/a><\/span><\/p>\n<\/div>\n\n\n\n<div class=\"wp-block-column is-vertically-aligned-center is-layout-flow wp-block-column-is-layout-flow\">\n<p class=\"has-text-align-center\"><\/p>\n<\/div>\n\n\n\n<div class=\"wp-block-column is-vertically-aligned-center is-layout-flow wp-block-column-is-layout-flow\">\n<p class=\"has-text-align-center\"><\/p>\n<\/div>\n<\/div>\n\n\n\n<ul class=\"wp-block-list\">\n<li><em><strong>la localisation :<\/strong><\/em><\/li>\n<\/ul>\n\n\n\n<div class=\"wp-block-columns are-vertically-aligned-center is-layout-flex wp-container-core-columns-is-layout-9d6595d7 wp-block-columns-is-layout-flex\">\n<div class=\"wp-block-column is-vertically-aligned-center is-layout-flow wp-block-column-is-layout-flow\"><div class=\"wp-block-image\">\n<figure class=\"aligncenter size-full\"><img loading=\"lazy\" decoding=\"async\" width=\"744\" height=\"746\" src=\"https:\/\/classedeselin.com\/wp-content\/uploads\/2024\/03\/Capture-decran-2024-03-07-162554.png\" alt=\"\" class=\"wp-image-2065\" srcset=\"https:\/\/classedeselin.com\/wp-content\/uploads\/2024\/03\/Capture-decran-2024-03-07-162554.png 744w, https:\/\/classedeselin.com\/wp-content\/uploads\/2024\/03\/Capture-decran-2024-03-07-162554-300x300.png 300w, https:\/\/classedeselin.com\/wp-content\/uploads\/2024\/03\/Capture-decran-2024-03-07-162554-150x150.png 150w\" sizes=\"auto, (max-width: 744px) 100vw, 744px\" \/><\/figure>\n<\/div>\n\n\n<p class=\"has-text-align-center\"><a href=\"https:\/\/read.bookcreator.com\/1NUOd5BCdte62TDnX8IFxjdJi3h2\/f3e-opfPQz2eX3CKovdQlg\" target=\"_blank\" rel=\"noreferrer noopener\">La localisation(1)<\/a><\/p>\n<\/div>\n\n\n\n<div class=\"wp-block-column is-vertically-aligned-center is-layout-flow wp-block-column-is-layout-flow\">\n<figure class=\"wp-block-image size-full\"><img loading=\"lazy\" decoding=\"async\" width=\"743\" height=\"743\" src=\"https:\/\/classedeselin.com\/wp-content\/uploads\/2024\/03\/Capture-decran-2024-03-07-162632.png\" alt=\"\" class=\"wp-image-2066\" srcset=\"https:\/\/classedeselin.com\/wp-content\/uploads\/2024\/03\/Capture-decran-2024-03-07-162632.png 743w, https:\/\/classedeselin.com\/wp-content\/uploads\/2024\/03\/Capture-decran-2024-03-07-162632-300x300.png 300w, https:\/\/classedeselin.com\/wp-content\/uploads\/2024\/03\/Capture-decran-2024-03-07-162632-150x150.png 150w\" sizes=\"auto, (max-width: 743px) 100vw, 743px\" \/><\/figure>\n\n\n\n<p class=\"has-text-align-center\"><a href=\"https:\/\/read.bookcreator.com\/1NUOd5BCdte62TDnX8IFxjdJi3h2\/kTsjp9WiRCe5pdNWIX8L-w\" target=\"_blank\" rel=\"noreferrer noopener\">La localisation (2)<\/a><\/p>\n<\/div>\n\n\n\n<div class=\"wp-block-column is-vertically-aligned-center is-layout-flow wp-block-column-is-layout-flow\"><div class=\"wp-block-image\">\n<figure class=\"aligncenter size-full\"><a href=\"https:\/\/read.bookcreator.com\/1NUOd5BCdte62TDnX8IFxjdJi3h2\/3FALjBX9TViiDm00DOqhaw\" target=\"_blank\" rel=\"noreferrer noopener\"><img loading=\"lazy\" decoding=\"async\" width=\"994\" height=\"744\" src=\"https:\/\/classedeselin.com\/wp-content\/uploads\/2024\/03\/Capture-decran-2024-03-07-162422-1.png\" alt=\"\" class=\"wp-image-2067\" srcset=\"https:\/\/classedeselin.com\/wp-content\/uploads\/2024\/03\/Capture-decran-2024-03-07-162422-1.png 994w, https:\/\/classedeselin.com\/wp-content\/uploads\/2024\/03\/Capture-decran-2024-03-07-162422-1-300x225.png 300w, https:\/\/classedeselin.com\/wp-content\/uploads\/2024\/03\/Capture-decran-2024-03-07-162422-1-768x575.png 768w\" sizes=\"auto, (max-width: 994px) 100vw, 994px\" \/><\/a><\/figure>\n<\/div>\n\n\n<p class=\"has-text-align-center\"><a href=\"https:\/\/read.bookcreator.com\/1NUOd5BCdte62TDnX8IFxjdJi3h2\/3FALjBX9TViiDm00DOqhaw\" target=\"_blank\" rel=\"noreferrer noopener\">Les animaux dans le salon<\/a><\/p>\n<\/div>\n<\/div>\n\n\n\n<hr class=\"wp-block-separator has-text-color has-vivid-cyan-blue-color has-alpha-channel-opacity has-vivid-cyan-blue-background-color has-background\"\/>\n\n\n\n<p>D&rsquo;autres articles sur ma p\u00e9dagogie :<\/p>\n\n\n\n<div class=\"wp-block-columns is-layout-flex wp-container-core-columns-is-layout-9d6595d7 wp-block-columns-is-layout-flex\">\n<div class=\"wp-block-column is-layout-flow wp-block-column-is-layout-flow\"><div class=\"wp-block-image\">\n<figure class=\"aligncenter size-large\"><a href=\"https:\/\/classedeselin.com\/index.php\/2024\/09\/23\/evaluer-le-lexique\/\" target=\"_blank\" rel=\"noreferrer noopener\"><img loading=\"lazy\" decoding=\"async\" width=\"1024\" height=\"701\" src=\"https:\/\/classedeselin.com\/wp-content\/uploads\/2024\/04\/Capture-decran-2024-04-02-123021-1024x701.png\" alt=\"\" class=\"wp-image-2150\" srcset=\"https:\/\/classedeselin.com\/wp-content\/uploads\/2024\/04\/Capture-decran-2024-04-02-123021-1024x701.png 1024w, https:\/\/classedeselin.com\/wp-content\/uploads\/2024\/04\/Capture-decran-2024-04-02-123021-300x205.png 300w, https:\/\/classedeselin.com\/wp-content\/uploads\/2024\/04\/Capture-decran-2024-04-02-123021-768x525.png 768w, https:\/\/classedeselin.com\/wp-content\/uploads\/2024\/04\/Capture-decran-2024-04-02-123021-75x50.png 75w, https:\/\/classedeselin.com\/wp-content\/uploads\/2024\/04\/Capture-decran-2024-04-02-123021.png 1282w\" sizes=\"auto, (max-width: 1024px) 100vw, 1024px\" \/><\/a><\/figure>\n<\/div>\n\n\n<p class=\"has-text-align-center\"><a href=\"https:\/\/classedeselin.com\/index.php\/2024\/08\/28\/la-rentree-dans-une-classe-de-fle-precoce\/\" target=\"_blank\" rel=\"noreferrer noopener\">Carnet d&rsquo;\u00e9valuation du lexique<\/a><\/p>\n<\/div>\n\n\n\n<div class=\"wp-block-column is-layout-flow wp-block-column-is-layout-flow\"><div class=\"wp-block-image\">\n<figure class=\"aligncenter size-full is-resized\"><a href=\"https:\/\/classedeselin.com\/index.php\/porte-vues-lexique\/\" target=\"_blank\" rel=\"noreferrer noopener\"><img loading=\"lazy\" decoding=\"async\" width=\"849\" height=\"594\" src=\"https:\/\/classedeselin.com\/wp-content\/uploads\/2024\/01\/mat_sco.jpg\" alt=\"\" class=\"wp-image-1779\" style=\"width:292px;height:auto\" srcset=\"https:\/\/classedeselin.com\/wp-content\/uploads\/2024\/01\/mat_sco.jpg 849w, https:\/\/classedeselin.com\/wp-content\/uploads\/2024\/01\/mat_sco-300x210.jpg 300w, https:\/\/classedeselin.com\/wp-content\/uploads\/2024\/01\/mat_sco-768x537.jpg 768w\" sizes=\"auto, (max-width: 849px) 100vw, 849px\" \/><\/a><\/figure>\n<\/div>\n\n\n<p class=\"has-text-align-center\"><a href=\"https:\/\/classedeselin.com\/index.php\/porte-vues-lexique\/\">Le porte-vues Lexique<\/a><\/p>\n<\/div>\n\n\n\n<div class=\"wp-block-column is-layout-flow wp-block-column-is-layout-flow\"><div class=\"wp-block-image\">\n<figure class=\"aligncenter size-large is-resized\"><a href=\"https:\/\/classedeselin.com\/index.php\/les-sacs-de-langage\/\" target=\"_blank\" rel=\"noreferrer noopener\"><img loading=\"lazy\" decoding=\"async\" width=\"1024\" height=\"1024\" src=\"https:\/\/classedeselin.com\/wp-content\/uploads\/2024\/07\/20190213_143146-scaled-e1722031740769-1024x1024.jpg\" alt=\"\" class=\"wp-image-2523\" style=\"width:206px;height:auto\" srcset=\"https:\/\/classedeselin.com\/wp-content\/uploads\/2024\/07\/20190213_143146-scaled-e1722031740769-1024x1024.jpg 1024w, https:\/\/classedeselin.com\/wp-content\/uploads\/2024\/07\/20190213_143146-scaled-e1722031740769-300x300.jpg 300w, https:\/\/classedeselin.com\/wp-content\/uploads\/2024\/07\/20190213_143146-scaled-e1722031740769-150x150.jpg 150w, https:\/\/classedeselin.com\/wp-content\/uploads\/2024\/07\/20190213_143146-scaled-e1722031740769-768x767.jpg 768w, https:\/\/classedeselin.com\/wp-content\/uploads\/2024\/07\/20190213_143146-scaled-e1722031740769.jpg 1442w\" sizes=\"auto, (max-width: 1024px) 100vw, 1024px\" \/><\/a><\/figure>\n<\/div>\n\n\n<p class=\"has-text-align-center\"><a href=\"https:\/\/classedeselin.com\/index.php\/les-sacs-de-langage\/\" target=\"_blank\" rel=\"noreferrer noopener\">Les sacs de langage<\/a><\/p>\n<\/div>\n<\/div>\n","protected":false},"excerpt":{"rendered":"<p>Durant la p\u00e9riode de pand\u00e9mie et le mise en place de l&rsquo;enseignement \u00e0 distance, la n\u00e9cessit\u00e9 d&rsquo;int\u00e9grer le num\u00e9rique dans ma p\u00e9dagogie s&rsquo;est fait plus pressante. Comment aider au mieux mes \u00e9l\u00e8ves qui ne disposent pas du bagage lexical n\u00e9cessaire et dont les familles ne peuvent pas forc\u00e9ment apporter le soutien n\u00e9cessaire (manque de temps, [&hellip;]<\/p>\n","protected":false},"author":2,"featured_media":0,"parent":0,"menu_order":0,"comment_status":"closed","ping_status":"closed","template":"","meta":{"footnotes":""},"class_list":["post-505","page","type-page","status-publish","hentry"],"_links":{"self":[{"href":"https:\/\/classedeselin.com\/index.php\/wp-json\/wp\/v2\/pages\/505","targetHints":{"allow":["GET"]}}],"collection":[{"href":"https:\/\/classedeselin.com\/index.php\/wp-json\/wp\/v2\/pages"}],"about":[{"href":"https:\/\/classedeselin.com\/index.php\/wp-json\/wp\/v2\/types\/page"}],"author":[{"embeddable":true,"href":"https:\/\/classedeselin.com\/index.php\/wp-json\/wp\/v2\/users\/2"}],"replies":[{"embeddable":true,"href":"https:\/\/classedeselin.com\/index.php\/wp-json\/wp\/v2\/comments?post=505"}],"version-history":[{"count":8,"href":"https:\/\/classedeselin.com\/index.php\/wp-json\/wp\/v2\/pages\/505\/revisions"}],"predecessor-version":[{"id":2674,"href":"https:\/\/classedeselin.com\/index.php\/wp-json\/wp\/v2\/pages\/505\/revisions\/2674"}],"wp:attachment":[{"href":"https:\/\/classedeselin.com\/index.php\/wp-json\/wp\/v2\/media?parent=505"}],"curies":[{"name":"wp","href":"https:\/\/api.w.org\/{rel}","templated":true}]}}