{"id":932,"date":"2023-03-11T12:27:31","date_gmt":"2023-03-11T11:27:31","guid":{"rendered":"https:\/\/lewebpedagogique.com\/laclassedeselin\/?page_id=932"},"modified":"2023-03-11T12:27:31","modified_gmt":"2023-03-11T11:27:31","slug":"cycle-3","status":"publish","type":"page","link":"https:\/\/classedeselin.com\/index.php\/cycle-3\/","title":{"rendered":"Cycle 3"},"content":{"rendered":"\n<p>Apr\u00e8s pr\u00e8s de dix ans en maternelle, je suis maintenant en CM1, toujours \u00e0 l&rsquo;\u00e9tranger. Force est de constater que les \u00ab\u00a0grands\u00a0\u00bb ont aussi besoin de d\u00e9velopper leur lexique. Beaucoup manquent de vocabulaire pour pouvoir comprendre les diff\u00e9rentes le\u00e7ons et textes \u00e9tudi\u00e9s en classe.<\/p>\n\n\n\n<p>Vous trouverez donc ci-dessous des diaporamas et pages du Porte-vues Lexique pour cycle 3 (pas de qr-code de prononciation mais une d\u00e9finition \u00e9crite).<\/p>\n\n\n\n<p><strong><a rel=\"noreferrer noopener\" href=\"https:\/\/lewebpedagogique.com\/laclassedeselin\/lexique-emc\/\" target=\"_blank\">LEXIQUE EMC<\/a><\/strong><\/p>\n\n\n\n<p><\/p>\n\n\n\n<ul class=\"wp-block-list\"><li><strong><a href=\"https:\/\/lewebpedagogique.com\/laclassedeselin\/2022\/10\/04\/les-elections\/\" target=\"_blank\" rel=\"noreferrer noopener\">Les \u00e9lections<\/a><\/strong><\/li><\/ul>\n\n\n\n<figure class=\"wp-block-gallery has-nested-images columns-default is-cropped wp-block-gallery-1 is-layout-flex wp-block-gallery-is-layout-flex\"><\/figure>\n\n\n\n<p><strong><a href=\"https:\/\/lewebpedagogique.com\/laclassedeselin\/lexique-poesies\/\" target=\"_blank\" rel=\"noreferrer noopener\">LEXIQUE DES POESIES<\/a><\/strong> <\/p>\n\n\n\n<figure class=\"wp-block-gallery has-nested-images columns-default is-cropped wp-block-gallery-2 is-layout-flex wp-block-gallery-is-layout-flex\">\n<figure class=\"wp-block-image size-large\"><img decoding=\"async\" data-id=\"979\" src=\"https:\/\/lewebpedagogique.com\/laclassedeselin\/files\/2023\/03\/diaporama1-1-1024x702.png\" alt=\"\" class=\"wp-image-979\" \/><\/figure>\n\n\n\n<figure class=\"wp-block-image size-large\"><img decoding=\"async\" data-id=\"980\" src=\"https:\/\/lewebpedagogique.com\/laclassedeselin\/files\/2023\/03\/diaporama2-1-1024x702.png\" alt=\"\" class=\"wp-image-980\" \/><\/figure>\n\n\n\n<figure class=\"wp-block-image size-full\"><img decoding=\"async\" data-id=\"1000\" src=\"https:\/\/lewebpedagogique.com\/laclassedeselin\/files\/2023\/03\/porte_vues_lexique_hiboux_desnos_classe_selin-6.png\" alt=\"\" class=\"wp-image-1000\" \/><\/figure>\n<\/figure>\n\n\n\n<ul class=\"wp-block-list\"><li><strong><a href=\"https:\/\/lewebpedagogique.com\/laclassedeselin\/2023\/03\/17\/poesie-les-hiboux-robert-desnos\/\" target=\"_blank\" rel=\"noreferrer noopener\">Les hiboux (Robert DESNOS)<\/a><\/strong><\/li><\/ul>\n\n\n\n<p>LEXIQUE GEOGRAPHIE (page en construction)<\/p>\n","protected":false},"excerpt":{"rendered":"<p>Apr\u00e8s pr\u00e8s de dix ans en maternelle, je suis maintenant en CM1, toujours \u00e0 l&rsquo;\u00e9tranger. Force est de constater que les \u00ab\u00a0grands\u00a0\u00bb ont aussi besoin de d\u00e9velopper leur lexique. Beaucoup manquent de vocabulaire pour pouvoir comprendre les diff\u00e9rentes le\u00e7ons et textes \u00e9tudi\u00e9s en classe. Vous trouverez donc ci-dessous des diaporamas et pages du Porte-vues Lexique [&hellip;]<\/p>\n","protected":false},"author":2,"featured_media":0,"parent":0,"menu_order":0,"comment_status":"closed","ping_status":"closed","template":"","meta":{"footnotes":""},"class_list":["post-932","page","type-page","status-publish","hentry"],"_links":{"self":[{"href":"https:\/\/classedeselin.com\/index.php\/wp-json\/wp\/v2\/pages\/932","targetHints":{"allow":["GET"]}}],"collection":[{"href":"https:\/\/classedeselin.com\/index.php\/wp-json\/wp\/v2\/pages"}],"about":[{"href":"https:\/\/classedeselin.com\/index.php\/wp-json\/wp\/v2\/types\/page"}],"author":[{"embeddable":true,"href":"https:\/\/classedeselin.com\/index.php\/wp-json\/wp\/v2\/users\/2"}],"replies":[{"embeddable":true,"href":"https:\/\/classedeselin.com\/index.php\/wp-json\/wp\/v2\/comments?post=932"}],"version-history":[{"count":0,"href":"https:\/\/classedeselin.com\/index.php\/wp-json\/wp\/v2\/pages\/932\/revisions"}],"wp:attachment":[{"href":"https:\/\/classedeselin.com\/index.php\/wp-json\/wp\/v2\/media?parent=932"}],"curies":[{"name":"wp","href":"https:\/\/api.w.org\/{rel}","templated":true}]}}