{"id":941,"date":"2023-03-12T19:55:54","date_gmt":"2023-03-12T18:55:54","guid":{"rendered":"https:\/\/lewebpedagogique.com\/laclassedeselin\/?page_id=941"},"modified":"2023-11-10T21:02:15","modified_gmt":"2023-11-10T20:02:15","slug":"albums","status":"publish","type":"page","link":"https:\/\/classedeselin.com\/index.php\/albums\/","title":{"rendered":"Albums"},"content":{"rendered":"\n<figure><img decoding=\"async\" src=\"https:\/\/classedeselin.com\/wp-content\/uploads\/2023\/11\/4-1-1024x512.png\" alt=\"\" style=\"width:318px\"\/><\/figure>\n\n\n<p>La litt\u00e9rature de jeunesse et surtout les albums pour les plus jeunes sont l&rsquo;une de mes \u00ab\u00a0passions\u00a0\u00bb&#8230; pas bon pour le porte-monnaie mais j&rsquo;adore \u00e7a. J&rsquo;essaie donc de trouver des albums qui me permettent de travailler soit le lexique soit une syntaxe particuli\u00e8re.<\/p>\n\n\n<p> L&rsquo;album peut \u00eatre le point de d\u00e9part de ma s\u00e9quence ou la t\u00e2che finale une fois le lexique connu des \u00e9l\u00e8ves. Je m&rsquo;appuie soit sur les illustrations soit sur le texte pour cr\u00e9er mes outils (diaporamas, jeux,&#8230;).<\/p>\n\n\n<p>Voici mes coups de c\u0153ur et certains documents\/jeux que j&rsquo;utilise.<\/p>\n\n\n<ul class=\"wp-block-list\">\n<li><strong><a rel=\"noreferrer noopener\" href=\"https:\/\/lewebpedagogique.com\/laclassedeselin\/selection-par-theme\/\" target=\"_blank\">Ma s\u00e9l<\/a><a href=\"https:\/\/classedeselin.com\/index.php\/albums\/selection-par-theme\/\">ection par th\u00e8me<\/a><\/strong> (page en construction)<\/li>\n\n\n<li>Ma s\u00e9lection par ordre alphab\u00e9tique (page en construction)<\/li>\n\n\n<li>Ma s\u00e9lection par structure langagi\u00e8re (page en construction)<\/li>\n<\/ul>\n\n\n<ul class=\"wp-block-list\">\n<li><strong><a rel=\"noreferrer noopener\" href=\"https:\/\/lewebpedagogique.com\/laclassedeselin\/cartes-lexique\/\" target=\"_blank\">les cartes-lexique<\/a><\/strong> : \u00e0 la mani\u00e8re de Narramus, j&rsquo;ai cr\u00e9\u00e9 des cartes pour travailler le lexique de certains albums<\/li>\n<\/ul>\n","protected":false},"excerpt":{"rendered":"<p>La litt\u00e9rature de jeunesse et surtout les albums pour les plus jeunes sont l&rsquo;une de mes \u00ab\u00a0passions\u00a0\u00bb&#8230; pas bon pour le porte-monnaie mais j&rsquo;adore \u00e7a. J&rsquo;essaie donc de trouver des albums qui me permettent de travailler soit le lexique soit une syntaxe particuli\u00e8re. L&rsquo;album peut \u00eatre le point de d\u00e9part de ma s\u00e9quence ou la [&hellip;]<\/p>\n","protected":false},"author":2,"featured_media":0,"parent":0,"menu_order":0,"comment_status":"closed","ping_status":"closed","template":"","meta":{"footnotes":""},"class_list":["post-941","page","type-page","status-publish","hentry"],"_links":{"self":[{"href":"https:\/\/classedeselin.com\/index.php\/wp-json\/wp\/v2\/pages\/941","targetHints":{"allow":["GET"]}}],"collection":[{"href":"https:\/\/classedeselin.com\/index.php\/wp-json\/wp\/v2\/pages"}],"about":[{"href":"https:\/\/classedeselin.com\/index.php\/wp-json\/wp\/v2\/types\/page"}],"author":[{"embeddable":true,"href":"https:\/\/classedeselin.com\/index.php\/wp-json\/wp\/v2\/users\/2"}],"replies":[{"embeddable":true,"href":"https:\/\/classedeselin.com\/index.php\/wp-json\/wp\/v2\/comments?post=941"}],"version-history":[{"count":6,"href":"https:\/\/classedeselin.com\/index.php\/wp-json\/wp\/v2\/pages\/941\/revisions"}],"predecessor-version":[{"id":1308,"href":"https:\/\/classedeselin.com\/index.php\/wp-json\/wp\/v2\/pages\/941\/revisions\/1308"}],"wp:attachment":[{"href":"https:\/\/classedeselin.com\/index.php\/wp-json\/wp\/v2\/media?parent=941"}],"curies":[{"name":"wp","href":"https:\/\/api.w.org\/{rel}","templated":true}]}}